{"id":99988,"date":"2024-02-08T10:00:32","date_gmt":"2024-02-08T09:00:32","guid":{"rendered":"https:\/\/watchdeluxe.it\/prodotto\/montblanc-roller-meisterstuck-platina-afwerking-ref-132445\/"},"modified":"2026-01-22T10:50:47","modified_gmt":"2026-01-22T09:50:47","slug":"montblanc-roller-meisterstuck-platina-afwerking-ref-132445","status":"publish","type":"product","link":"https:\/\/watchdeluxe.it\/nl\/prodotto\/montblanc-roller-meisterstuck-platina-afwerking-ref-132445\/","title":{"rendered":"Montblanc Roller Meisterst\u00fcck platina afwerking Ref. 132445"},"content":{"rendered":"<p>Montblanc Roller Meisterst\u00fcck platina afwerking Ref. 132445<\/p>\n<p>e Montblanc Meisterst\u00fcck Classique Platinum-Coated collectie vertegenwoordigt een ontwerp dat geschiedenis heeft geschreven. Meisterst\u00fcck werd in 1924 ge\u00efntroduceerd met een naam die &#8216;meesterwerk&#8217; betekent en is uitgegroeid tot een van de symbolen van luxe schrijfwaren. De body en dop zijn gemaakt van fijn zwart hars, met het iconische Montblanc embleem in wit ingelegd op de bovenkant van de dop.  <b>Maat: Classique 136,9 mm.  <\/b><\/p>\n","protected":false},"excerpt":{"rendered":"<p>Montblanc Roller Meisterst\u00fcck platina afwerking Ref. 132445 e Montblanc Meisterst\u00fcck Classique Platinum-Coated collectie vertegenwoordigt een ontwerp dat geschiedenis heeft geschreven. Meisterst\u00fcck werd in 1924 ge\u00efntroduceerd met een naam die &#8216;meesterwerk&#8217; betekent en is uitgegroeid tot een van de symbolen van luxe schrijfwaren. De body en dop zijn gemaakt van fijn zwart hars, met het iconische [&hellip;]<\/p>\n","protected":false},"featured_media":99995,"template":"","meta":{"_crdt_document":"","advanced_seo_description":"","jetpack_seo_html_title":"","jetpack_seo_noindex":false},"product_brand":[1907],"product_cat":[4380],"product_tag":[4327],"berocket_brand":[],"woo-feed-brand":[],"class_list":{"0":"post-99988","1":"product","2":"type-product","3":"status-publish","4":"has-post-thumbnail","6":"product_brand-montblanc","7":"product_cat-montblanc-nl","8":"product_tag-pennen","10":"first","11":"instock","12":"sale","13":"taxable","14":"shipping-taxable","15":"purchasable","16":"product-type-simple"},"bundled_by":[],"bundle_stock_status":"instock","bundle_stock_quantity":null,"bundle_virtual":false,"bundle_layout":"","bundle_add_to_cart_form_location":"","bundle_editable_in_cart":false,"bundle_sold_individually_context":"","bundle_item_grouping":"","bundle_min_size":"","bundle_max_size":"","bundle_price":[],"bundled_items":[],"bundle_sell_ids":[],"group_of_quantity":0,"min_quantity":0,"max_quantity":"","exclude_order_quantity_value_rules":"no","exclude_category_quantity_rules":"no","combine_variations":"no","jetpack_sharing_enabled":true,"jetpack_likes_enabled":true,"_links":{"self":[{"href":"https:\/\/watchdeluxe.it\/nl\/wp-json\/wp\/v2\/product\/99988","targetHints":{"allow":["GET"]}}],"collection":[{"href":"https:\/\/watchdeluxe.it\/nl\/wp-json\/wp\/v2\/product"}],"about":[{"href":"https:\/\/watchdeluxe.it\/nl\/wp-json\/wp\/v2\/types\/product"}],"wp:featuredmedia":[{"embeddable":true,"href":"https:\/\/watchdeluxe.it\/nl\/wp-json\/wp\/v2\/media\/99995"}],"wp:attachment":[{"href":"https:\/\/watchdeluxe.it\/nl\/wp-json\/wp\/v2\/media?parent=99988"}],"wp:term":[{"taxonomy":"product_brand","embeddable":true,"href":"https:\/\/watchdeluxe.it\/nl\/wp-json\/wp\/v2\/product_brand?post=99988"},{"taxonomy":"product_cat","embeddable":true,"href":"https:\/\/watchdeluxe.it\/nl\/wp-json\/wp\/v2\/product_cat?post=99988"},{"taxonomy":"product_tag","embeddable":true,"href":"https:\/\/watchdeluxe.it\/nl\/wp-json\/wp\/v2\/product_tag?post=99988"},{"taxonomy":"berocket_brand","embeddable":true,"href":"https:\/\/watchdeluxe.it\/nl\/wp-json\/wp\/v2\/berocket_brand?post=99988"},{"taxonomy":"woo-feed-brand","embeddable":true,"href":"https:\/\/watchdeluxe.it\/nl\/wp-json\/wp\/v2\/woo-feed-brand?post=99988"}],"curies":[{"name":"wp","href":"https:\/\/api.w.org\/{rel}","templated":true}]}}