{"id":96736,"date":"2023-03-20T13:46:54","date_gmt":"2023-03-20T12:46:54","guid":{"rendered":"https:\/\/watchdeluxe.it\/prodotto\/montblanc-6-vaks-portemonnee-meisterstuck-zachte-korrel-ref-126250\/"},"modified":"2026-04-06T09:24:28","modified_gmt":"2026-04-06T07:24:28","slug":"montblanc-6-vaks-portemonnee-meisterstuck-zachte-korrel-ref-126250","status":"publish","type":"product","link":"https:\/\/watchdeluxe.it\/nl\/prodotto\/montblanc-6-vaks-portemonnee-meisterstuck-zachte-korrel-ref-126250\/","title":{"rendered":"Montblanc 6-vaks portemonnee Meisterst\u00fcck Zachte korrel ref.126250"},"content":{"rendered":"<div class=\"column material\" data-mce-fragment=\"1\">\n<h3 data-mce-fragment=\"1\">Materiaal<\/h3>\n<p class=\"materials\" data-mce-fragment=\"1\"><strong class=\"key\" data-mce-fragment=\"1\">MateriaalRundleer<\/strong><\/p>\n<p class=\"leather\" data-mce-fragment=\"1\"><strong class=\"key\" data-mce-fragment=\"1\">LeerCombinatie van<\/strong>generfd en glad volnerf rundleer, chroomgelooid, doorgeverfd<\/p>\n<p class=\"brand_colour\" data-mce-fragment=\"1\"><strong class=\"key\" data-mce-fragment=\"1\">KleurZwart<\/strong><\/p>\n<p class=\"lining\" data-mce-fragment=\"1\"><strong class=\"key\" data-mce-fragment=\"1\">VoeringPolyamide<\/strong>en katoen<\/p>\n<\/div>\n<div class=\"column dimensions\" data-mce-fragment=\"1\">\n<h3 data-mce-fragment=\"1\">Afmetingen<\/h3>\n<p class=\"length first\" data-mce-fragment=\"1\"><strong class=\"key\" data-mce-fragment=\"1\">Afmetingen115<\/strong><\/p>\n<p class=\"width\" data-mce-fragment=\"1\">15<\/p>\n<p class=\"height\" data-mce-fragment=\"1\">85<\/p>\n<p class=\"emblem\" data-mce-fragment=\"1\"><strong class=\"key\" data-mce-fragment=\"1\">Afwerking \/ EmbleemDe<\/strong>emblemen worden \u00e9\u00e9n voor \u00e9\u00e9n handmatig gecentreerd door onze vakmannen. Het embleem bevindt zich in het midden, maar als je er handmatig op drukt met de juiste machines, kan het bewegen of draaien. Dit is een functie die niet ten koste gaat van de esthetiek van het product, dus volgens ons beleid kan dit niet als klacht worden geaccepteerd.<\/p>\n<\/div>\n","protected":false},"excerpt":{"rendered":"<p>Materiaal MateriaalRundleer LeerCombinatie vangenerfd en glad volnerf rundleer, chroomgelooid, doorgeverfd KleurZwart VoeringPolyamideen katoen Afmetingen Afmetingen115 15 85 Afwerking \/ EmbleemDeemblemen worden \u00e9\u00e9n voor \u00e9\u00e9n handmatig gecentreerd door onze vakmannen. Het embleem bevindt zich in het midden, maar als je er handmatig op drukt met de juiste machines, kan het bewegen of draaien. Dit is een [&hellip;]<\/p>\n","protected":false},"featured_media":169718,"template":"","meta":{"_crdt_document":"","advanced_seo_description":"","jetpack_seo_html_title":"","jetpack_seo_noindex":false},"product_brand":[],"product_cat":[1929],"product_tag":[4393],"berocket_brand":[],"woo-feed-brand":[],"class_list":{"0":"post-96736","1":"product","2":"type-product","3":"status-publish","4":"has-post-thumbnail","6":"product_cat-montblanc","7":"product_tag-portemonnee","9":"first","10":"instock","11":"sale","12":"taxable","13":"shipping-taxable","14":"purchasable","15":"product-type-simple"},"bundled_by":[],"bundle_stock_status":"instock","bundle_stock_quantity":1,"bundle_virtual":false,"bundle_layout":"","bundle_add_to_cart_form_location":"","bundle_editable_in_cart":false,"bundle_sold_individually_context":"","bundle_item_grouping":"","bundle_min_size":"","bundle_max_size":"","bundle_price":[],"bundled_items":[],"bundle_sell_ids":[],"group_of_quantity":0,"min_quantity":0,"max_quantity":"","exclude_order_quantity_value_rules":"no","exclude_category_quantity_rules":"no","combine_variations":"no","exclude_global_add_ons":[],"addons":[],"jetpack_sharing_enabled":true,"jetpack_likes_enabled":true,"_links":{"self":[{"href":"https:\/\/watchdeluxe.it\/nl\/wp-json\/wp\/v2\/product\/96736","targetHints":{"allow":["GET"]}}],"collection":[{"href":"https:\/\/watchdeluxe.it\/nl\/wp-json\/wp\/v2\/product"}],"about":[{"href":"https:\/\/watchdeluxe.it\/nl\/wp-json\/wp\/v2\/types\/product"}],"wp:featuredmedia":[{"embeddable":true,"href":"https:\/\/watchdeluxe.it\/nl\/wp-json\/wp\/v2\/media\/169718"}],"wp:attachment":[{"href":"https:\/\/watchdeluxe.it\/nl\/wp-json\/wp\/v2\/media?parent=96736"}],"wp:term":[{"taxonomy":"product_brand","embeddable":true,"href":"https:\/\/watchdeluxe.it\/nl\/wp-json\/wp\/v2\/product_brand?post=96736"},{"taxonomy":"product_cat","embeddable":true,"href":"https:\/\/watchdeluxe.it\/nl\/wp-json\/wp\/v2\/product_cat?post=96736"},{"taxonomy":"product_tag","embeddable":true,"href":"https:\/\/watchdeluxe.it\/nl\/wp-json\/wp\/v2\/product_tag?post=96736"},{"taxonomy":"berocket_brand","embeddable":true,"href":"https:\/\/watchdeluxe.it\/nl\/wp-json\/wp\/v2\/berocket_brand?post=96736"},{"taxonomy":"woo-feed-brand","embeddable":true,"href":"https:\/\/watchdeluxe.it\/nl\/wp-json\/wp\/v2\/woo-feed-brand?post=96736"}],"curies":[{"name":"wp","href":"https:\/\/api.w.org\/{rel}","templated":true}]}}