{"id":96696,"date":"2023-03-20T13:46:49","date_gmt":"2023-03-20T12:46:49","guid":{"rendered":"https:\/\/watchdeluxe.it\/prodotto\/montblanc-meisterstuck-portemonnee-6-compartimenten-ref-126203\/"},"modified":"2026-04-06T09:24:25","modified_gmt":"2026-04-06T07:24:25","slug":"montblanc-meisterstuck-portemonnee-6-compartimenten-ref-126203","status":"publish","type":"product","link":"https:\/\/watchdeluxe.it\/nl\/prodotto\/montblanc-meisterstuck-portemonnee-6-compartimenten-ref-126203\/","title":{"rendered":"Montblanc Meisterst\u00fcck portemonnee 6 compartimenten ref.126203"},"content":{"rendered":"<p><span class=\"value\" data-mce-fragment=\"1\">Deze portemonnee is functioneel en modieus tegelijk en ideaal om essenti\u00eble spullen in mee te nemen. Met zijn blauwe leren bekleding aan de buitenkant en creditcardvakjes in verschillende tinten blauw aan de binnenkant is dit accessoire klassiek en modern tegelijk.<\/span><\/p>\n<div class=\"column material\">\n<h3>Materiaal<\/h3>\n<p class=\"materials\"><strong class=\"key\">MateriaalRundleer<\/strong><\/p>\n<p class=\"leather\"><strong class=\"key\">LeerVolledig generfd rundleer<\/strong>met Montblanc glanseffect, chroomlooien, doorgeverfd<\/p>\n<p class=\"brand_colour\"><strong class=\"key\">KleurNavy<\/strong><\/p>\n<p class=\"lining\"><strong class=\"key\">VoeringJacquard voering<\/strong>met Montblanc logo<\/p>\n<\/div>\n<div class=\"column dimensions\">\n<h3>Afmetingen<\/h3>\n<p class=\"length first\"><strong class=\"key\">Afmetingen110<\/strong><\/p>\n<p class=\"width\">10<\/p>\n<p class=\"height\">85<\/p>\n<p class=\"emblem\"><strong class=\"key\">Afwerking \/ EmbleemDe<\/strong>emblemen worden \u00e9\u00e9n voor \u00e9\u00e9n handmatig gecentreerd door onze vakmannen. Het embleem bevindt zich in het midden, maar als je er handmatig op drukt met de juiste machines, kan het bewegen of draaien. Dit is een functie die niet ten koste gaat van de esthetiek van het product, dus volgens ons beleid kan dit niet als klacht worden geaccepteerd.<\/p>\n<\/div>\n<p><span class=\"value\"> <\/span><\/p>\n","protected":false},"excerpt":{"rendered":"<p>Deze portemonnee is functioneel en modieus tegelijk en ideaal om essenti\u00eble spullen in mee te nemen. Met zijn blauwe leren bekleding aan de buitenkant en creditcardvakjes in verschillende tinten blauw aan de binnenkant is dit accessoire klassiek en modern tegelijk. Materiaal MateriaalRundleer LeerVolledig generfd rundleermet Montblanc glanseffect, chroomlooien, doorgeverfd KleurNavy VoeringJacquard voeringmet Montblanc logo Afmetingen [&hellip;]<\/p>\n","protected":false},"featured_media":169742,"template":"","meta":{"_crdt_document":"","advanced_seo_description":"","jetpack_seo_html_title":"","jetpack_seo_noindex":false},"product_brand":[],"product_cat":[4380],"product_tag":[4393,4412],"berocket_brand":[],"woo-feed-brand":[],"class_list":{"0":"post-96696","1":"product","2":"type-product","3":"status-publish","4":"has-post-thumbnail","6":"product_cat-montblanc-nl","7":"product_tag-portemonnee","8":"product_tag-portfolio-nl","10":"first","11":"instock","12":"sale","13":"taxable","14":"shipping-taxable","15":"purchasable","16":"product-type-simple"},"bundled_by":[],"bundle_stock_status":"instock","bundle_stock_quantity":1,"bundle_virtual":false,"bundle_layout":"","bundle_add_to_cart_form_location":"","bundle_editable_in_cart":false,"bundle_sold_individually_context":"","bundle_item_grouping":"","bundle_min_size":"","bundle_max_size":"","bundle_price":[],"bundled_items":[],"bundle_sell_ids":[],"group_of_quantity":0,"min_quantity":0,"max_quantity":"","exclude_order_quantity_value_rules":"no","exclude_category_quantity_rules":"no","combine_variations":"no","jetpack_sharing_enabled":true,"jetpack_likes_enabled":true,"_links":{"self":[{"href":"https:\/\/watchdeluxe.it\/nl\/wp-json\/wp\/v2\/product\/96696","targetHints":{"allow":["GET"]}}],"collection":[{"href":"https:\/\/watchdeluxe.it\/nl\/wp-json\/wp\/v2\/product"}],"about":[{"href":"https:\/\/watchdeluxe.it\/nl\/wp-json\/wp\/v2\/types\/product"}],"wp:featuredmedia":[{"embeddable":true,"href":"https:\/\/watchdeluxe.it\/nl\/wp-json\/wp\/v2\/media\/169742"}],"wp:attachment":[{"href":"https:\/\/watchdeluxe.it\/nl\/wp-json\/wp\/v2\/media?parent=96696"}],"wp:term":[{"taxonomy":"product_brand","embeddable":true,"href":"https:\/\/watchdeluxe.it\/nl\/wp-json\/wp\/v2\/product_brand?post=96696"},{"taxonomy":"product_cat","embeddable":true,"href":"https:\/\/watchdeluxe.it\/nl\/wp-json\/wp\/v2\/product_cat?post=96696"},{"taxonomy":"product_tag","embeddable":true,"href":"https:\/\/watchdeluxe.it\/nl\/wp-json\/wp\/v2\/product_tag?post=96696"},{"taxonomy":"berocket_brand","embeddable":true,"href":"https:\/\/watchdeluxe.it\/nl\/wp-json\/wp\/v2\/berocket_brand?post=96696"},{"taxonomy":"woo-feed-brand","embeddable":true,"href":"https:\/\/watchdeluxe.it\/nl\/wp-json\/wp\/v2\/woo-feed-brand?post=96696"}],"curies":[{"name":"wp","href":"https:\/\/api.w.org\/{rel}","templated":true}]}}