{"id":124739,"date":"2025-11-05T16:12:47","date_gmt":"2025-11-05T15:12:47","guid":{"rendered":"https:\/\/watchdeluxe.it\/prodotto\/montblanc-mini-lederen-schoudertas-meisterstuck-ref-220311\/"},"modified":"2025-11-05T16:12:47","modified_gmt":"2025-11-05T15:12:47","slug":"montblanc-mini-lederen-schoudertas-meisterstuck-ref-220311","status":"publish","type":"product","link":"https:\/\/watchdeluxe.it\/nl\/prodotto\/montblanc-mini-lederen-schoudertas-meisterstuck-ref-220311\/","title":{"rendered":"Montblanc mini lederen schoudertas Meisterst\u00fcck ref. 220311"},"content":{"rendered":"<p>Montblanc mini lederen schoudertas Meisterst\u00fcck ref. 220311<\/p>\n<p><span class=\"T286Pc\" data-sfc-cp=\"\" data-complete=\"true\">Meisterst\u00fcck mini lederen schoudertas<\/span><span class=\"uJ19be notranslate\" data-wiz-uids=\"DO24Mb_n,DO24Mb_o\" data-complete=\"true\"><span class=\"vKEkVd\" data-animation-atomic=\"\" data-sae=\"\"> <\/span><\/span><\/p>\n<div class=\"otQkpb\" role=\"heading\" aria-level=\"3\" data-animation-nesting=\"\" data-sfc-cp=\"\" data-processed=\"true\" data-sae=\"\" data-complete=\"true\"><\/div>\n<ul class=\"KsbFXc U6u95\" data-complete=\"true\" data-processed=\"true\">\n<li data-hveid=\"CAQQAA\" data-complete=\"true\" data-sae=\"\"><span class=\"T286Pc\" data-sfc-cp=\"\" data-complete=\"true\"><strong class=\"Yjhzub\" data-complete=\"true\">Ontwerp<\/strong>: Maakt deel uit van de Meisterst\u00fcck-collectie en heeft het diep glanzende zwarte leer dat kenmerkend is voor deze lijn.<\/span><\/li>\n<li data-hveid=\"CAQQAQ\" data-complete=\"true\" data-sae=\"\"><span class=\"T286Pc\" data-sfc-cp=\"\" data-complete=\"true\"><strong class=\"Yjhzub\" data-complete=\"true\">Afmetingen<\/strong>: Mini-formaat en ontworpen om over de schouder te dragen.<\/span><\/li>\n<li data-hveid=\"CAQQAg\" data-complete=\"true\" data-sae=\"\"><span class=\"T286Pc\" data-sfc-cp=\"\" data-complete=\"true\"><strong class=\"Yjhzub\" data-complete=\"true\">Materiaal<\/strong>: Gemaakt van leer van hoge kwaliteit.<\/span><\/li>\n<li data-hveid=\"CAQQAw\" data-complete=\"true\" data-sae=\"\"><span class=\"T286Pc\" data-sfc-cp=\"\" data-complete=\"true\"><strong class=\"Yjhzub\" data-complete=\"true\">Functionaliteit<\/strong>: Ideaal om kleine benodigdheden in mee te nemen, het is een stijlvol en praktisch accessoire.<\/span><\/li>\n<\/ul>\n","protected":false},"excerpt":{"rendered":"<p>Montblanc mini lederen schoudertas Meisterst\u00fcck ref. 220311 Meisterst\u00fcck mini lederen schoudertas Ontwerp: Maakt deel uit van de Meisterst\u00fcck-collectie en heeft het diep glanzende zwarte leer dat kenmerkend is voor deze lijn. Afmetingen: Mini-formaat en ontworpen om over de schouder te dragen. Materiaal: Gemaakt van leer van hoge kwaliteit. Functionaliteit: Ideaal om kleine benodigdheden in mee [&hellip;]<\/p>\n","protected":false},"featured_media":124723,"template":"","meta":{"_crdt_document":"","advanced_seo_description":"","jetpack_seo_html_title":"","jetpack_seo_noindex":false},"product_brand":[],"product_cat":[4380],"product_tag":[4398],"berocket_brand":[],"woo-feed-brand":[],"class_list":{"0":"post-124739","1":"product","2":"type-product","3":"status-publish","4":"has-post-thumbnail","6":"product_cat-montblanc-nl","7":"product_tag-tassen","9":"first","10":"instock","11":"sale","12":"taxable","13":"shipping-taxable","14":"purchasable","15":"product-type-simple"},"bundled_by":[],"bundle_stock_status":"instock","bundle_stock_quantity":1,"bundle_virtual":false,"bundle_layout":"","bundle_add_to_cart_form_location":"","bundle_editable_in_cart":false,"bundle_sold_individually_context":"","bundle_item_grouping":"","bundle_min_size":"","bundle_max_size":"","bundle_price":[],"bundled_items":[],"bundle_sell_ids":[],"group_of_quantity":0,"min_quantity":0,"max_quantity":"","exclude_order_quantity_value_rules":"no","exclude_category_quantity_rules":"no","combine_variations":"no","jetpack_sharing_enabled":true,"jetpack_likes_enabled":true,"_links":{"self":[{"href":"https:\/\/watchdeluxe.it\/nl\/wp-json\/wp\/v2\/product\/124739","targetHints":{"allow":["GET"]}}],"collection":[{"href":"https:\/\/watchdeluxe.it\/nl\/wp-json\/wp\/v2\/product"}],"about":[{"href":"https:\/\/watchdeluxe.it\/nl\/wp-json\/wp\/v2\/types\/product"}],"wp:featuredmedia":[{"embeddable":true,"href":"https:\/\/watchdeluxe.it\/nl\/wp-json\/wp\/v2\/media\/124723"}],"wp:attachment":[{"href":"https:\/\/watchdeluxe.it\/nl\/wp-json\/wp\/v2\/media?parent=124739"}],"wp:term":[{"taxonomy":"product_brand","embeddable":true,"href":"https:\/\/watchdeluxe.it\/nl\/wp-json\/wp\/v2\/product_brand?post=124739"},{"taxonomy":"product_cat","embeddable":true,"href":"https:\/\/watchdeluxe.it\/nl\/wp-json\/wp\/v2\/product_cat?post=124739"},{"taxonomy":"product_tag","embeddable":true,"href":"https:\/\/watchdeluxe.it\/nl\/wp-json\/wp\/v2\/product_tag?post=124739"},{"taxonomy":"berocket_brand","embeddable":true,"href":"https:\/\/watchdeluxe.it\/nl\/wp-json\/wp\/v2\/berocket_brand?post=124739"},{"taxonomy":"woo-feed-brand","embeddable":true,"href":"https:\/\/watchdeluxe.it\/nl\/wp-json\/wp\/v2\/woo-feed-brand?post=124739"}],"curies":[{"name":"wp","href":"https:\/\/api.w.org\/{rel}","templated":true}]}}