{"id":103805,"date":"2024-06-11T16:15:06","date_gmt":"2024-06-11T14:15:06","guid":{"rendered":"https:\/\/watchdeluxe.it\/prodotto\/montblanc-meisterstuck-de-oorsprong-collectie-doue-classique-biro-ref-131352\/"},"modified":"2026-01-22T11:05:13","modified_gmt":"2026-01-22T10:05:13","slug":"montblanc-meisterstuck-de-oorsprong-collectie-doue-classique-biro-ref-131352","status":"publish","type":"product","link":"https:\/\/watchdeluxe.it\/nl\/prodotto\/montblanc-meisterstuck-de-oorsprong-collectie-doue-classique-biro-ref-131352\/","title":{"rendered":"Montblanc Meisterst\u00fcck De Oorsprong Collectie Dou\u00e8 Classique biro ref. 131352"},"content":{"rendered":"<p>Montblanc Meisterst\u00fcck De Oorsprong Collectie Dou\u00e8 Classique biro ref. 131352<\/p>\n<p>De collectie is ge\u00efnspireerd op de vroege ontwerpen in onze archieven en de decoratieve kenmerken van de eerste Meisterst\u00fcck-edities, waardoor de geest van de oprichting wordt vastgelegd en een modern tintje krijgt. Het complexe patroon op de met groene lak afgewerkte gouden kap herinnert aan een ontwerp dat nooit werd gebruikt en jarenlang verborgen bleef. Met deze editie kreeg het Maison de kans om dit tijdloze ontwerp, ge\u00efnspireerd door de Art Deco periode, te presenteren. De clip is een eerbetoon aan de vroege clipvormen die te vinden waren in enkele van de vroegste Meisterst\u00fcck schrijfinstrumenten, en roept een gevoel van nostalgie op.<\/p>\n","protected":false},"excerpt":{"rendered":"<p>Montblanc Meisterst\u00fcck De Oorsprong Collectie Dou\u00e8 Classique biro ref. 131352 De collectie is ge\u00efnspireerd op de vroege ontwerpen in onze archieven en de decoratieve kenmerken van de eerste Meisterst\u00fcck-edities, waardoor de geest van de oprichting wordt vastgelegd en een modern tintje krijgt. Het complexe patroon op de met groene lak afgewerkte gouden kap herinnert aan [&hellip;]<\/p>\n","protected":false},"featured_media":103795,"template":"","meta":{"_crdt_document":"","advanced_seo_description":"","jetpack_seo_html_title":"","jetpack_seo_noindex":false},"product_brand":[],"product_cat":[4380],"product_tag":[4327],"berocket_brand":[],"woo-feed-brand":[],"class_list":{"0":"post-103805","1":"product","2":"type-product","3":"status-publish","4":"has-post-thumbnail","6":"product_cat-montblanc-nl","7":"product_tag-pennen","9":"first","10":"instock","11":"sale","12":"taxable","13":"shipping-taxable","14":"purchasable","15":"product-type-simple"},"bundled_by":[],"bundle_stock_status":"instock","bundle_stock_quantity":1,"bundle_virtual":false,"bundle_layout":"","bundle_add_to_cart_form_location":"","bundle_editable_in_cart":false,"bundle_sold_individually_context":"","bundle_item_grouping":"","bundle_min_size":"","bundle_max_size":"","bundle_price":[],"bundled_items":[],"bundle_sell_ids":[],"group_of_quantity":0,"min_quantity":0,"max_quantity":"","exclude_order_quantity_value_rules":"no","exclude_category_quantity_rules":"no","combine_variations":"no","jetpack_sharing_enabled":true,"jetpack_likes_enabled":true,"_links":{"self":[{"href":"https:\/\/watchdeluxe.it\/nl\/wp-json\/wp\/v2\/product\/103805","targetHints":{"allow":["GET"]}}],"collection":[{"href":"https:\/\/watchdeluxe.it\/nl\/wp-json\/wp\/v2\/product"}],"about":[{"href":"https:\/\/watchdeluxe.it\/nl\/wp-json\/wp\/v2\/types\/product"}],"wp:featuredmedia":[{"embeddable":true,"href":"https:\/\/watchdeluxe.it\/nl\/wp-json\/wp\/v2\/media\/103795"}],"wp:attachment":[{"href":"https:\/\/watchdeluxe.it\/nl\/wp-json\/wp\/v2\/media?parent=103805"}],"wp:term":[{"taxonomy":"product_brand","embeddable":true,"href":"https:\/\/watchdeluxe.it\/nl\/wp-json\/wp\/v2\/product_brand?post=103805"},{"taxonomy":"product_cat","embeddable":true,"href":"https:\/\/watchdeluxe.it\/nl\/wp-json\/wp\/v2\/product_cat?post=103805"},{"taxonomy":"product_tag","embeddable":true,"href":"https:\/\/watchdeluxe.it\/nl\/wp-json\/wp\/v2\/product_tag?post=103805"},{"taxonomy":"berocket_brand","embeddable":true,"href":"https:\/\/watchdeluxe.it\/nl\/wp-json\/wp\/v2\/berocket_brand?post=103805"},{"taxonomy":"woo-feed-brand","embeddable":true,"href":"https:\/\/watchdeluxe.it\/nl\/wp-json\/wp\/v2\/woo-feed-brand?post=103805"}],"curies":[{"name":"wp","href":"https:\/\/api.w.org\/{rel}","templated":true}]}}