{"id":93205,"date":"2024-03-28T16:04:58","date_gmt":"2024-03-28T15:04:58","guid":{"rendered":"https:\/\/watchdeluxe.it\/prodotto\/oris-propilot-x-calibre-400-laser-ref-40077787150-0772001tlc\/"},"modified":"2024-03-28T16:04:58","modified_gmt":"2024-03-28T15:04:58","slug":"oris-propilot-x-calibre-400-laser-ref-40077787150-0772001tlc","status":"publish","type":"product","link":"https:\/\/watchdeluxe.it\/fr\/prodotto\/oris-propilot-x-calibre-400-laser-ref-40077787150-0772001tlc\/","title":{"rendered":"Oris Propilot X Calibre 400 Laser ref. 40077787150-0772001TLC"},"content":{"rendered":"<p>Oris Propilot X Calibre 400 Laser ref. 40077787150-0772001TLC<\/p>\n<table>\n<tbody>\n<tr>\n<td>01 400 7778 7150-07 7 20 01TLC<\/td>\n<\/tr>\n<\/tbody>\n<\/table>\n<div class=\"ms-tab-element ms-tab-active\" data-id=\"ms_tab_520\">\n<div class=\"ms-tab-content\">\n<div class=\"ms-row msVisualElement660586a0ac317 ms-full-width\">\n<div class=\"ms-container\">\n<div class=\"ms-inside-row ms-row\">\n<div class=\"ms-col-12\">\n<div class=\"msVisualElement660586a0a54ca\">\n<div class=\"ms-visual-block ms-block-text msVisualElement660586a0ac399\">\n<div class=\"\">\n<p>Propilot <strong>ETUDE <\/strong> EN TITANE<\/p>\n<p><strong>MESURE <\/strong>39,00 mm<\/p>\n<p><strong>Verre <\/strong>saphir, bomb\u00e9 des deux c\u00f4t\u00e9s, traitement antireflet<\/p>\n<p><strong>COUVERCLE <\/strong>Acier inoxydable, viss\u00e9, hublot en verre saphir<\/p>\n<p>COURONNE <strong>ET BOUTONS <\/strong>TITANE Couronne de s\u00e9curit\u00e9 viss\u00e9e<\/p>\n<p><strong>Etanch\u00e9it\u00e9 \u00e0 l&#8217;eau <\/strong>10 bar<\/p>\n<p><strong>ANSE <\/strong>20 mm<\/p>\n<p><strong>MOUVEMENT <\/strong> Remontage automatique de la date d\u00e9velopp\u00e9 par Oris<\/p>\n<p><strong>REFERENCE <\/strong>Oris 400<\/p>\n<p><strong>DIMENSIONS <\/strong>\u00d8 30.00 mm, 13 1\/4&#8221;<\/p>\n<p><strong>FONCTIONS <\/strong>Heures, minutes et secondes centrales, date \u00e0 guichet, correcteur rapide de la date, r\u00e9glage fin, secondes d&#8217;arr\u00eat<\/p>\n<p><strong>CHARGE <\/strong>Chargement automatique<\/p>\n<p><strong>CHARGER LA R\u00c9SERVE <\/strong>120 heures<\/p>\n<p><strong>ALTERNANCES <\/strong>28&#8217;800 A\/h, 4 Hz<\/p>\n<p><strong>RUBINS <\/strong>21<\/p>\n<p><strong>QUADRANT <\/strong> multicolore<\/p>\n<p><strong>LUMINESCENT MAT <\/strong>Index et aiguilles en Superluminova BG W9<\/p>\n<p><strong>BRACELET <\/strong> Bracelet en titane, boucle d\u00e9ployante<\/p>\n<\/div>\n<\/div>\n<\/div>\n<\/div>\n<\/div>\n<\/div>\n<\/div>\n<\/div>\n<\/div>\n","protected":false},"excerpt":{"rendered":"<p>Oris Propilot X Calibre 400 Laser ref. 40077787150-0772001TLC 01 400 7778 7150-07 7 20 01TLC Propilot ETUDE EN TITANE MESURE 39,00 mm Verre saphir, bomb\u00e9 des deux c\u00f4t\u00e9s, traitement antireflet COUVERCLE Acier inoxydable, viss\u00e9, hublot en verre saphir COURONNE ET BOUTONS TITANE Couronne de s\u00e9curit\u00e9 viss\u00e9e Etanch\u00e9it\u00e9 \u00e0 l&#8217;eau 10 bar ANSE 20 mm MOUVEMENT [&hellip;]<\/p>\n","protected":false},"featured_media":93201,"template":"","meta":{"_crdt_document":"","advanced_seo_description":"","jetpack_seo_html_title":"","jetpack_seo_noindex":false},"product_brand":[2156],"product_cat":[2465],"product_tag":[3187],"berocket_brand":[],"woo-feed-brand":[],"class_list":{"0":"post-93205","1":"product","2":"type-product","3":"status-publish","4":"has-post-thumbnail","6":"product_brand-oris","7":"product_cat-oris-fr","8":"product_tag-pro-pilot-fr","10":"first","11":"instock","12":"sale","13":"taxable","14":"shipping-taxable","15":"purchasable","16":"product-type-simple"},"bundled_by":[],"bundle_stock_status":"instock","bundle_stock_quantity":1,"bundle_virtual":false,"bundle_layout":"","bundle_add_to_cart_form_location":"","bundle_editable_in_cart":false,"bundle_sold_individually_context":"","bundle_item_grouping":"","bundle_min_size":"","bundle_max_size":"","bundle_price":[],"bundled_items":[],"bundle_sell_ids":[],"group_of_quantity":0,"min_quantity":0,"max_quantity":"","exclude_order_quantity_value_rules":"no","exclude_category_quantity_rules":"no","combine_variations":"no","jetpack_sharing_enabled":true,"jetpack_likes_enabled":true,"_links":{"self":[{"href":"https:\/\/watchdeluxe.it\/fr\/wp-json\/wp\/v2\/product\/93205","targetHints":{"allow":["GET"]}}],"collection":[{"href":"https:\/\/watchdeluxe.it\/fr\/wp-json\/wp\/v2\/product"}],"about":[{"href":"https:\/\/watchdeluxe.it\/fr\/wp-json\/wp\/v2\/types\/product"}],"wp:featuredmedia":[{"embeddable":true,"href":"https:\/\/watchdeluxe.it\/fr\/wp-json\/wp\/v2\/media\/93201"}],"wp:attachment":[{"href":"https:\/\/watchdeluxe.it\/fr\/wp-json\/wp\/v2\/media?parent=93205"}],"wp:term":[{"taxonomy":"product_brand","embeddable":true,"href":"https:\/\/watchdeluxe.it\/fr\/wp-json\/wp\/v2\/product_brand?post=93205"},{"taxonomy":"product_cat","embeddable":true,"href":"https:\/\/watchdeluxe.it\/fr\/wp-json\/wp\/v2\/product_cat?post=93205"},{"taxonomy":"product_tag","embeddable":true,"href":"https:\/\/watchdeluxe.it\/fr\/wp-json\/wp\/v2\/product_tag?post=93205"},{"taxonomy":"berocket_brand","embeddable":true,"href":"https:\/\/watchdeluxe.it\/fr\/wp-json\/wp\/v2\/berocket_brand?post=93205"},{"taxonomy":"woo-feed-brand","embeddable":true,"href":"https:\/\/watchdeluxe.it\/fr\/wp-json\/wp\/v2\/woo-feed-brand?post=93205"}],"curies":[{"name":"wp","href":"https:\/\/api.w.org\/{rel}","templated":true}]}}