{"id":93012,"date":"2025-11-18T17:31:30","date_gmt":"2025-11-18T16:31:30","guid":{"rendered":"https:\/\/watchdeluxe.it\/prodotto\/montblanc-writers-edition-jonathan-swift-107484\/"},"modified":"2026-01-21T17:33:26","modified_gmt":"2026-01-21T16:33:26","slug":"montblanc-writers-edition-jonathan-swift-107484","status":"publish","type":"product","link":"https:\/\/watchdeluxe.it\/fr\/prodotto\/montblanc-writers-edition-jonathan-swift-107484\/","title":{"rendered":"Montblanc Writers Edition Jonathan Swift 107484"},"content":{"rendered":"<div>\n<p>Cette parure Montblanc writers Edition Jonathan Swift comprend un stylo plume avec une plume moyenne, des biros et un crayon. Tous les quatre pr\u00e9sentent un corps d\u00e9cor\u00e9 d&#8217;incrustations de laque noire multicouches rappelant les cordes utilis\u00e9es pour attacher Gulliver Lilliput sur la plage de l&#8217;\u00eele, compl\u00e9t\u00e9 par un capuchon en r\u00e9sine noire fine en forme de tricorne de Gulliver. Il porte la signature de Jonathan Swift tandis que le clip repr\u00e9sente les escaliers que le maire de Lilliput a d\u00fb gravir pour pouvoir parler de Gulliver. Les deux clips et accessoires sont plaqu\u00e9s platine. La plume en or 18 carats rhodi\u00e9 est orn\u00e9e d&#8217;une gravure co\u00fbteuse repr\u00e9sentant l&#8217;arm\u00e9e imp\u00e9riale de Lilliput marchant entre les jambes de Gulliver.<\/p>\n<\/div>\n<ul><\/ul>\n","protected":false},"excerpt":{"rendered":"<p>Cette parure Montblanc writers Edition Jonathan Swift comprend un stylo plume avec une plume moyenne, des biros et un crayon. Tous les quatre pr\u00e9sentent un corps d\u00e9cor\u00e9 d&#8217;incrustations de laque noire multicouches rappelant les cordes utilis\u00e9es pour attacher Gulliver Lilliput sur la plage de l&#8217;\u00eele, compl\u00e9t\u00e9 par un capuchon en r\u00e9sine noire fine en forme [&hellip;]<\/p>\n","protected":false},"featured_media":52424,"template":"","meta":{"_crdt_document":"","advanced_seo_description":"","jetpack_seo_html_title":"","jetpack_seo_noindex":false,"jetpack_post_was_ever_published":true},"product_brand":[],"product_cat":[2241],"product_tag":[2252],"berocket_brand":[],"woo-feed-brand":[],"class_list":{"0":"post-93012","1":"product","2":"type-product","3":"status-publish","4":"has-post-thumbnail","6":"product_cat-montblanc-fr","7":"product_tag-stylos","9":"first","10":"instock","11":"sale","12":"taxable","13":"shipping-taxable","14":"purchasable","15":"product-type-simple"},"bundled_by":[],"bundle_stock_status":"instock","bundle_stock_quantity":1,"bundle_virtual":false,"bundle_layout":"","bundle_add_to_cart_form_location":"","bundle_editable_in_cart":false,"bundle_sold_individually_context":"","bundle_item_grouping":"","bundle_min_size":"","bundle_max_size":"","bundle_price":[],"bundled_items":[],"bundle_sell_ids":[],"group_of_quantity":0,"min_quantity":0,"max_quantity":"","exclude_order_quantity_value_rules":"no","exclude_category_quantity_rules":"no","combine_variations":"no","exclude_global_add_ons":[],"addons":[],"jetpack_sharing_enabled":true,"jetpack_likes_enabled":true,"_links":{"self":[{"href":"https:\/\/watchdeluxe.it\/fr\/wp-json\/wp\/v2\/product\/93012","targetHints":{"allow":["GET"]}}],"collection":[{"href":"https:\/\/watchdeluxe.it\/fr\/wp-json\/wp\/v2\/product"}],"about":[{"href":"https:\/\/watchdeluxe.it\/fr\/wp-json\/wp\/v2\/types\/product"}],"wp:featuredmedia":[{"embeddable":true,"href":"https:\/\/watchdeluxe.it\/fr\/wp-json\/wp\/v2\/media\/52424"}],"wp:attachment":[{"href":"https:\/\/watchdeluxe.it\/fr\/wp-json\/wp\/v2\/media?parent=93012"}],"wp:term":[{"taxonomy":"product_brand","embeddable":true,"href":"https:\/\/watchdeluxe.it\/fr\/wp-json\/wp\/v2\/product_brand?post=93012"},{"taxonomy":"product_cat","embeddable":true,"href":"https:\/\/watchdeluxe.it\/fr\/wp-json\/wp\/v2\/product_cat?post=93012"},{"taxonomy":"product_tag","embeddable":true,"href":"https:\/\/watchdeluxe.it\/fr\/wp-json\/wp\/v2\/product_tag?post=93012"},{"taxonomy":"berocket_brand","embeddable":true,"href":"https:\/\/watchdeluxe.it\/fr\/wp-json\/wp\/v2\/berocket_brand?post=93012"},{"taxonomy":"woo-feed-brand","embeddable":true,"href":"https:\/\/watchdeluxe.it\/fr\/wp-json\/wp\/v2\/woo-feed-brand?post=93012"}],"curies":[{"name":"wp","href":"https:\/\/api.w.org\/{rel}","templated":true}]}}