{"id":92743,"date":"2024-02-28T15:30:23","date_gmt":"2024-02-28T14:30:23","guid":{"rendered":"https:\/\/watchdeluxe.it\/prodotto\/nomos-club-sport-neomatik-polar-ref-747\/"},"modified":"2026-04-10T14:38:09","modified_gmt":"2026-04-10T12:38:09","slug":"nomos-club-sport-neomatik-polar-ref-747","status":"publish","type":"product","link":"https:\/\/watchdeluxe.it\/fr\/prodotto\/nomos-club-sport-neomatik-polar-ref-747\/","title":{"rendered":"Nomos Club Sport neomatik polar REF. 747"},"content":{"rendered":"<p>Nomos Club Sport neomatik polar REF. 747<\/p>\n<div class=\"list-couple\">\n<div class=\"specs-list\">\n<dl>\n<dt>Cas<\/dt>\n<dd>acier inoxydable, tripartite<br \/>\ndos en acier inoxydable<br \/>\nviss\u00e9<\/dd>\n<\/dl>\n<dl>\n<dt>Verre<\/dt>\n<dd>verre saphir avec traitement antireflet \u00e0 l&#8217;int\u00e9rieur<\/dd>\n<\/dl>\n<dl>\n<dt>Charge<\/dt>\n<dd>automatique<\/dd>\n<\/dl>\n<dl>\n<dt>Dimensions<\/dt>\n<dd>diam\u00e8tre <span class=\"size-property\"> 37,0 mm <\/span><br \/>\n\u00e9paisseur 8 <span class=\"size-property\">,3 mm <\/span><br \/>\nTaille de la boucle ext\u00e9rieure <span class=\"size-property\"> 47,7 mm <\/span> <\/dd>\n<\/dl>\n<dl>\n<dt>R\u00e9sistance \u00e0 l&#8217;eau<\/dt>\n<dd>20 atm<\/dd>\n<\/dl>\n<\/div>\n<div class=\"specs-list\">\n<dl>\n<dt>Cadran<\/dt>\n<dd>bleu polaire, avec finition soleill\u00e9e, chiffres des heures et index superluminova en blanc<\/dd>\n<\/dl>\n<dl>\n<dt>Mains<\/dt>\n<dd>plaqu\u00e9 rhodium, avec inserts superluminova blancs<\/dd>\n<\/dl>\n<dl>\n<dt>sangle<\/dt>\n<dd>Bracelet Club Sport, avec barres \u00e0 ressort \u00e0 d\u00e9gagement rapide<br \/>\n<span class=\"size-property\">  largeur de la boucle 18 mm  <\/span><\/dd>\n<\/dl>\n<\/div>\n<\/div>\n<p>&nbsp;<\/p>\n","protected":false},"excerpt":{"rendered":"<p>Nomos Club Sport neomatik polar REF. 747 Cas acier inoxydable, tripartite dos en acier inoxydable viss\u00e9 Verre verre saphir avec traitement antireflet \u00e0 l&#8217;int\u00e9rieur Charge automatique Dimensions diam\u00e8tre 37,0 mm \u00e9paisseur 8 ,3 mm Taille de la boucle ext\u00e9rieure 47,7 mm R\u00e9sistance \u00e0 l&#8217;eau 20 atm Cadran bleu polaire, avec finition soleill\u00e9e, chiffres des heures [&hellip;]<\/p>\n","protected":false},"featured_media":167816,"template":"","meta":{"_crdt_document":"","advanced_seo_description":"","jetpack_seo_html_title":"","jetpack_seo_noindex":false},"product_brand":[],"product_cat":[2376],"product_tag":[2378],"berocket_brand":[],"woo-feed-brand":[],"class_list":{"0":"post-92743","1":"product","2":"type-product","3":"status-publish","4":"has-post-thumbnail","6":"product_cat-nomos-glashutte-fr","7":"product_tag-club-fr","9":"first","10":"instock","11":"sale","12":"taxable","13":"shipping-taxable","14":"purchasable","15":"product-type-simple"},"bundled_by":[],"bundle_stock_status":"instock","bundle_stock_quantity":1,"bundle_virtual":false,"bundle_layout":"","bundle_add_to_cart_form_location":"","bundle_editable_in_cart":false,"bundle_sold_individually_context":"","bundle_item_grouping":"","bundle_min_size":"","bundle_max_size":"","bundle_price":[],"bundled_items":[],"bundle_sell_ids":[],"group_of_quantity":0,"min_quantity":0,"max_quantity":"","exclude_order_quantity_value_rules":"no","exclude_category_quantity_rules":"no","combine_variations":"no","jetpack_sharing_enabled":true,"jetpack_likes_enabled":true,"_links":{"self":[{"href":"https:\/\/watchdeluxe.it\/fr\/wp-json\/wp\/v2\/product\/92743","targetHints":{"allow":["GET"]}}],"collection":[{"href":"https:\/\/watchdeluxe.it\/fr\/wp-json\/wp\/v2\/product"}],"about":[{"href":"https:\/\/watchdeluxe.it\/fr\/wp-json\/wp\/v2\/types\/product"}],"wp:featuredmedia":[{"embeddable":true,"href":"https:\/\/watchdeluxe.it\/fr\/wp-json\/wp\/v2\/media\/167816"}],"wp:attachment":[{"href":"https:\/\/watchdeluxe.it\/fr\/wp-json\/wp\/v2\/media?parent=92743"}],"wp:term":[{"taxonomy":"product_brand","embeddable":true,"href":"https:\/\/watchdeluxe.it\/fr\/wp-json\/wp\/v2\/product_brand?post=92743"},{"taxonomy":"product_cat","embeddable":true,"href":"https:\/\/watchdeluxe.it\/fr\/wp-json\/wp\/v2\/product_cat?post=92743"},{"taxonomy":"product_tag","embeddable":true,"href":"https:\/\/watchdeluxe.it\/fr\/wp-json\/wp\/v2\/product_tag?post=92743"},{"taxonomy":"berocket_brand","embeddable":true,"href":"https:\/\/watchdeluxe.it\/fr\/wp-json\/wp\/v2\/berocket_brand?post=92743"},{"taxonomy":"woo-feed-brand","embeddable":true,"href":"https:\/\/watchdeluxe.it\/fr\/wp-json\/wp\/v2\/woo-feed-brand?post=92743"}],"curies":[{"name":"wp","href":"https:\/\/api.w.org\/{rel}","templated":true}]}}