{"id":92607,"date":"2024-02-26T16:20:48","date_gmt":"2024-02-26T15:20:48","guid":{"rendered":"https:\/\/watchdeluxe.it\/prodotto\/tag-heuer-formula-1-chronograph-green-ref-caz101ap-ba0842\/"},"modified":"2026-01-19T15:09:00","modified_gmt":"2026-01-19T14:09:00","slug":"tag-heuer-formula-1-chronograph-green-ref-caz101ap-ba0842","status":"publish","type":"product","link":"https:\/\/watchdeluxe.it\/fr\/prodotto\/tag-heuer-formula-1-chronograph-green-ref-caz101ap-ba0842\/","title":{"rendered":"TAG Heuer Formula 1 Chronograph green ref. CAZ101AP.BA0842"},"content":{"rendered":"<p>TAG Heuer Formula 1 Chronograph green ref. CAZ101AP.BA0842<\/p>\n<div class=\"ab--tech-specs-item-body\" data-name=\"movement\">\n<div class=\"ab--tech-specs-item-body-item\">CalibreChronographe \u00e0 quartz<\/div>\n<div class=\"ab--tech-specs-item-body-item\">MouvementChronographe \u00e0 quartz<\/div>\n<div class=\"ab--tech-specs-item-body-item\">Fonctions Heures, Minutes, Secondes, Chronographe : 1\/10 de seconde, secondes, compteur 30 minutes, Date<\/div>\n<div>\n<div class=\"ab--tech-specs-item-body\" data-name=\"case\">\n<div class=\"ab--tech-specs-item-body-item\">Taille43 mm<\/div>\n<div class=\"ab--tech-specs-item-body-item\">\u00c9paisseur 12,4 mm<\/div>\n<div class=\"ab--tech-specs-item-body-item\">Distance entre les ergots21,5 mm<\/div>\n<div class=\"ab--tech-specs-item-body-item\">R\u00e9sistance \u00e0 l&#8217;eau200 m<\/div>\n<div class=\"ab--tech-specs-item-body-item\">Corps de l&#8217;\u00e9tuiAcier satin\u00e9<\/div>\n<div class=\"ab--tech-specs-item-body-item\">CouronneA vis Acier avec rev\u00eatement PVD noir<\/div>\n<div class=\"ab--tech-specs-item-body-item\">Fond de bo\u00eetierAcier lisse<\/div>\n<\/div>\n<\/div>\n<\/div>\n","protected":false},"excerpt":{"rendered":"<p>TAG Heuer Formula 1 Chronograph green ref. CAZ101AP.BA0842 CalibreChronographe \u00e0 quartz MouvementChronographe \u00e0 quartz Fonctions Heures, Minutes, Secondes, Chronographe : 1\/10 de seconde, secondes, compteur 30 minutes, Date Taille43 mm \u00c9paisseur 12,4 mm Distance entre les ergots21,5 mm R\u00e9sistance \u00e0 l&#8217;eau200 m Corps de l&#8217;\u00e9tuiAcier satin\u00e9 CouronneA vis Acier avec rev\u00eatement PVD noir Fond de [&hellip;]<\/p>\n","protected":false},"featured_media":92603,"template":"","meta":{"_crdt_document":"","advanced_seo_description":"","jetpack_seo_html_title":"","jetpack_seo_noindex":false},"product_brand":[2161],"product_cat":[2243],"product_tag":[2245],"berocket_brand":[],"woo-feed-brand":[],"class_list":{"0":"post-92607","1":"product","2":"type-product","3":"status-publish","4":"has-post-thumbnail","6":"product_brand-tag-heuer","7":"product_cat-tag-heuer-fr","8":"product_tag-formule-1","10":"first","11":"instock","12":"sale","13":"taxable","14":"shipping-taxable","15":"purchasable","16":"product-type-simple"},"bundled_by":[],"bundle_stock_status":"instock","bundle_stock_quantity":1,"bundle_virtual":false,"bundle_layout":"","bundle_add_to_cart_form_location":"","bundle_editable_in_cart":false,"bundle_sold_individually_context":"","bundle_item_grouping":"","bundle_min_size":"","bundle_max_size":"","bundle_price":[],"bundled_items":[],"bundle_sell_ids":[],"group_of_quantity":0,"min_quantity":0,"max_quantity":"","exclude_order_quantity_value_rules":"no","exclude_category_quantity_rules":"no","combine_variations":"no","exclude_global_add_ons":[],"addons":[],"jetpack_sharing_enabled":true,"jetpack_likes_enabled":true,"_links":{"self":[{"href":"https:\/\/watchdeluxe.it\/fr\/wp-json\/wp\/v2\/product\/92607","targetHints":{"allow":["GET"]}}],"collection":[{"href":"https:\/\/watchdeluxe.it\/fr\/wp-json\/wp\/v2\/product"}],"about":[{"href":"https:\/\/watchdeluxe.it\/fr\/wp-json\/wp\/v2\/types\/product"}],"wp:featuredmedia":[{"embeddable":true,"href":"https:\/\/watchdeluxe.it\/fr\/wp-json\/wp\/v2\/media\/92603"}],"wp:attachment":[{"href":"https:\/\/watchdeluxe.it\/fr\/wp-json\/wp\/v2\/media?parent=92607"}],"wp:term":[{"taxonomy":"product_brand","embeddable":true,"href":"https:\/\/watchdeluxe.it\/fr\/wp-json\/wp\/v2\/product_brand?post=92607"},{"taxonomy":"product_cat","embeddable":true,"href":"https:\/\/watchdeluxe.it\/fr\/wp-json\/wp\/v2\/product_cat?post=92607"},{"taxonomy":"product_tag","embeddable":true,"href":"https:\/\/watchdeluxe.it\/fr\/wp-json\/wp\/v2\/product_tag?post=92607"},{"taxonomy":"berocket_brand","embeddable":true,"href":"https:\/\/watchdeluxe.it\/fr\/wp-json\/wp\/v2\/berocket_brand?post=92607"},{"taxonomy":"woo-feed-brand","embeddable":true,"href":"https:\/\/watchdeluxe.it\/fr\/wp-json\/wp\/v2\/woo-feed-brand?post=92607"}],"curies":[{"name":"wp","href":"https:\/\/api.w.org\/{rel}","templated":true}]}}