{"id":92512,"date":"2024-02-23T15:15:54","date_gmt":"2024-02-23T14:15:54","guid":{"rendered":"https:\/\/watchdeluxe.it\/prodotto\/nomos-club-sport-neomatik-39-ember-ref-762\/"},"modified":"2025-11-26T10:09:39","modified_gmt":"2025-11-26T09:09:39","slug":"nomos-club-sport-neomatik-39-ember-ref-762","status":"publish","type":"product","link":"https:\/\/watchdeluxe.it\/fr\/prodotto\/nomos-club-sport-neomatik-39-ember-ref-762\/","title":{"rendered":"Nomos Club Sport neomatik 39 ember ref. 762"},"content":{"rendered":"<p>Nomos Club Sport neomatik 39 ember ref. 762<\/p>\n<div class=\"list-couple\">\n<div class=\"specs-list\">\n<dl>\n<dt>Cas<\/dt>\n<dd>acier inoxydable, bipartite<br \/>\nverre saphir fond<br \/>\nviss\u00e9<\/dd>\n<\/dl>\n<dl>\n<dt>Verre saphir<\/dt>\n<dd>verre saphir avec traitement antireflet<\/dd>\n<\/dl>\n<dl>\n<dt>Chargement<\/dt>\n<dd>automatique<\/dd>\n<\/dl>\n<dl>\n<dt>Dimensions<\/dt>\n<dd>diam\u00e8tre <span class=\"size-property\"> 39,5 mm <\/span><br \/>\n\u00e9paisseur <span class=\"size-property\"> 8,5 mm <\/span><br \/>\ntaille de la boucle ext\u00e9rieure <span class=\"size-property\"> 49,5 mm <\/span><\/dd>\n<\/dl>\n<dl>\n<dt>R\u00e9sistance \u00e0 l&#8217;eau<\/dt>\n<dd>20 atm (r\u00e9sistant \u00e0 l&#8217;immersion)<\/dd>\n<\/dl>\n<\/div>\n<div class=\"specs-list\">\n<dl>\n<dt>Cadran<\/dt>\n<dd>galvanis\u00e9, beige-or, avec finition soleill\u00e9e, chiffres des heures et index superluminova en blanc<\/dd>\n<\/dl>\n<dl>\n<dt>Aiguilles<\/dt>\n<dd>Rhodi\u00e9es, avec inserts en superluminova blanc<\/dd>\n<\/dl>\n<dl>\n<dt>bracelet<\/dt>\n<dd>Bracelet Club Sport, avec barrettes \u00e0 ressort \u00e0 ouverture rapide<br \/>\n<span class=\"size-property\"> Largeur des cornes 20 mm <\/span><\/dd>\n<\/dl>\n<\/div>\n<\/div>\n","protected":false},"excerpt":{"rendered":"<p>Nomos Club Sport neomatik 39 ember ref. 762 Cas acier inoxydable, bipartite verre saphir fond viss\u00e9 Verre saphir verre saphir avec traitement antireflet Chargement automatique Dimensions diam\u00e8tre 39,5 mm \u00e9paisseur 8,5 mm taille de la boucle ext\u00e9rieure 49,5 mm R\u00e9sistance \u00e0 l&#8217;eau 20 atm (r\u00e9sistant \u00e0 l&#8217;immersion) Cadran galvanis\u00e9, beige-or, avec finition soleill\u00e9e, chiffres des [&hellip;]<\/p>\n","protected":false},"featured_media":92506,"template":"","meta":{"_crdt_document":"","advanced_seo_description":"","jetpack_seo_html_title":"","jetpack_seo_noindex":false},"product_brand":[2154],"product_cat":[3908],"product_tag":[],"berocket_brand":[],"woo-feed-brand":[],"class_list":{"0":"post-92512","1":"product","2":"type-product","3":"status-publish","4":"has-post-thumbnail","6":"product_brand-nomos-glashutte","7":"product_cat-sans-categorie","9":"first","10":"instock","11":"sale","12":"taxable","13":"shipping-taxable","14":"purchasable","15":"product-type-simple"},"bundled_by":[],"bundle_stock_status":"instock","bundle_stock_quantity":1,"bundle_virtual":false,"bundle_layout":"","bundle_add_to_cart_form_location":"","bundle_editable_in_cart":false,"bundle_sold_individually_context":"","bundle_item_grouping":"","bundle_min_size":"","bundle_max_size":"","bundle_price":[],"bundled_items":[],"bundle_sell_ids":[],"group_of_quantity":0,"min_quantity":0,"max_quantity":"","exclude_order_quantity_value_rules":"no","exclude_category_quantity_rules":"no","combine_variations":"no","jetpack_sharing_enabled":true,"jetpack_likes_enabled":true,"_links":{"self":[{"href":"https:\/\/watchdeluxe.it\/fr\/wp-json\/wp\/v2\/product\/92512","targetHints":{"allow":["GET"]}}],"collection":[{"href":"https:\/\/watchdeluxe.it\/fr\/wp-json\/wp\/v2\/product"}],"about":[{"href":"https:\/\/watchdeluxe.it\/fr\/wp-json\/wp\/v2\/types\/product"}],"wp:featuredmedia":[{"embeddable":true,"href":"https:\/\/watchdeluxe.it\/fr\/wp-json\/wp\/v2\/media\/92506"}],"wp:attachment":[{"href":"https:\/\/watchdeluxe.it\/fr\/wp-json\/wp\/v2\/media?parent=92512"}],"wp:term":[{"taxonomy":"product_brand","embeddable":true,"href":"https:\/\/watchdeluxe.it\/fr\/wp-json\/wp\/v2\/product_brand?post=92512"},{"taxonomy":"product_cat","embeddable":true,"href":"https:\/\/watchdeluxe.it\/fr\/wp-json\/wp\/v2\/product_cat?post=92512"},{"taxonomy":"product_tag","embeddable":true,"href":"https:\/\/watchdeluxe.it\/fr\/wp-json\/wp\/v2\/product_tag?post=92512"},{"taxonomy":"berocket_brand","embeddable":true,"href":"https:\/\/watchdeluxe.it\/fr\/wp-json\/wp\/v2\/berocket_brand?post=92512"},{"taxonomy":"woo-feed-brand","embeddable":true,"href":"https:\/\/watchdeluxe.it\/fr\/wp-json\/wp\/v2\/woo-feed-brand?post=92512"}],"curies":[{"name":"wp","href":"https:\/\/api.w.org\/{rel}","templated":true}]}}