{"id":92264,"date":"2024-02-21T15:00:35","date_gmt":"2024-02-21T14:00:35","guid":{"rendered":"https:\/\/watchdeluxe.it\/prodotto\/breitling-b01-chronographe-ref-ab0147101c1a1\/"},"modified":"2024-04-15T15:47:18","modified_gmt":"2024-04-15T13:47:18","slug":"breitling-b01-chronographe-ref-ab0147101c1a1","status":"publish","type":"product","link":"https:\/\/watchdeluxe.it\/fr\/prodotto\/breitling-b01-chronographe-ref-ab0147101c1a1\/","title":{"rendered":"Breitling B01 chronographe ref. AB0147101C1A1"},"content":{"rendered":"<p>Breitling B01 chronographe ref. AB0147101C1A1<\/p>\n<div class=\"content-technical-data mt-15 pb-10\">\n<h3 class=\"font-weight-bold title\">Mouvement<\/h3>\n<table class=\"mt-10 w-100\">\n<tbody>\n<tr>\n<th class=\"pl-0 pr-5 text-left vertical-align-top\" scope=\"row\">Calibre<\/th>\n<td class=\"vertical-align-top\">Breitling 01 (Manufacture)<\/td>\n<\/tr>\n<tr>\n<th class=\"pl-0 pr-5 text-left vertical-align-top\" scope=\"row\">Mouvement<\/th>\n<td class=\"vertical-align-top\">Remontage m\u00e9canique, automatique<\/td>\n<\/tr>\n<tr>\n<th class=\"pl-0 pr-5 text-left vertical-align-top\" scope=\"row\">R\u00e9serve de marche<\/th>\n<td class=\"vertical-align-top\">Environ 70 heures<\/td>\n<\/tr>\n<tr>\n<th class=\"pl-0 pr-5 text-left vertical-align-top\" scope=\"row\">Chronographe<\/th>\n<td class=\"vertical-align-top\">\u00bc de seconde, 30 minutes, 12 heures<\/td>\n<\/tr>\n<tr>\n<th class=\"pl-0 pr-5 text-left vertical-align-top\" scope=\"row\">Alternance<\/th>\n<td class=\"vertical-align-top\">28 800 a\/h<\/td>\n<\/tr>\n<tr>\n<th class=\"pl-0 pr-5 text-left vertical-align-top\" scope=\"row\">Rubis<\/th>\n<td class=\"vertical-align-top\">45 rubis<\/td>\n<\/tr>\n<tr>\n<th class=\"pl-0 pr-5 text-left vertical-align-top\" scope=\"row\">Calendrier<\/th>\n<td class=\"vertical-align-top\">Une fen\u00eatre dans le cadran<\/td>\n<\/tr>\n<\/tbody>\n<\/table>\n<\/div>\n<div class=\"content-technical-data mt-15 pb-10\">\n<h3 class=\"font-weight-bold title\">Cas<\/h3>\n<table class=\"mt-10 w-100\">\n<tbody>\n<tr>\n<th class=\"pl-0 pr-5 text-left vertical-align-top\" scope=\"row\">Mat\u00e9riau de l&#8217;\u00e9tui<\/th>\n<td class=\"vertical-align-top\">Acier inoxydable<\/td>\n<\/tr>\n<tr>\n<th class=\"pl-0 pr-5 text-left vertical-align-top\" scope=\"row\">Dos de l&#8217;\u00e9tui<\/th>\n<td class=\"vertical-align-top\">Viss\u00e9 (verre saphir)<\/td>\n<\/tr>\n<tr>\n<th class=\"pl-0 pr-5 text-left vertical-align-top\" scope=\"row\">Imperm\u00e9able \u00e0 l&#8217;eau<\/th>\n<td class=\"vertical-align-top\">300 m\u00e8tres <span class=\"align-items-center bg-primary-yellow cursor-pointer d-flex justify-content-center ml-5 rounded-circle text-white water-resistance-description-open-popup\" tabindex=\"0\" role=\"button\" aria-label=\"price information\" data-popin-id=\"water_resistance\" data-popin-title=\"Impermeabilit\u00e0\" data-uw-rm-kbnav=\"role\">i<\/span><\/td>\n<\/tr>\n<tr>\n<th class=\"pl-0 pr-5 text-left vertical-align-top\" scope=\"row\">Lunette<\/th>\n<td class=\"vertical-align-top\">Unidirectionnel avec arr\u00eat<\/td>\n<\/tr>\n<tr>\n<th class=\"pl-0 pr-5 text-left vertical-align-top\" scope=\"row\">Couronne<\/th>\n<td class=\"vertical-align-top\">Vis, deux joints<\/td>\n<\/tr>\n<tr>\n<th class=\"pl-0 pr-5 text-left vertical-align-top\" scope=\"row\">Verre<\/th>\n<td class=\"vertical-align-top\">Saphir convexe, antireflet sur les deux faces<\/td>\n<\/tr>\n<\/tbody>\n<\/table>\n<\/div>\n<div class=\"content-technical-data mt-15 pb-10\">\n<h3 class=\"font-weight-bold title\">Dimensions<\/h3>\n<table class=\"mt-10 w-100\">\n<tbody>\n<tr>\n<th class=\"pl-0 pr-5 text-left vertical-align-top\" scope=\"row\">Poids du produit (approx.)<\/th>\n<td class=\"vertical-align-top\">187,0 g<\/td>\n<\/tr>\n<tr>\n<th class=\"pl-0 pr-5 text-left vertical-align-top\" scope=\"row\">Poids de la t\u00eate de montre (approx.)<\/th>\n<td class=\"vertical-align-top\">114,0 g.<\/td>\n<\/tr>\n<tr>\n<th class=\"pl-0 pr-5 text-left vertical-align-top\" scope=\"row\">Diam\u00e8tre<\/th>\n<td class=\"vertical-align-top\">44,0 mm<\/td>\n<\/tr>\n<tr>\n<th class=\"pl-0 pr-5 text-left vertical-align-top\" scope=\"row\">\u00c9paisseur<\/th>\n<td class=\"vertical-align-top\">15,2 mm<\/td>\n<\/tr>\n<tr>\n<th class=\"pl-0 pr-5 text-left vertical-align-top\" scope=\"row\">Hauteur (de l&#8217;extr\u00e9mit\u00e9 sup\u00e9rieure de la boucle \u00e0 l&#8217;extr\u00e9mit\u00e9 inf\u00e9rieure de la boucle)<\/th>\n<td class=\"vertical-align-top\">53,0 mm<\/td>\n<\/tr>\n<tr>\n<th class=\"pl-0 pr-5 text-left vertical-align-top\" scope=\"row\">Largeur de l&#8217;ailette (boucle interm\u00e9diaire)<\/th>\n<td class=\"vertical-align-top\">22,0 mm<\/td>\n<\/tr>\n<\/tbody>\n<\/table>\n<\/div>\n<div class=\"content-technical-data mt-15 pb-10\">\n<h3 class=\"font-weight-bold title\">Courroie<\/h3>\n<table class=\"mt-10 w-100\">\n<tbody>\n<tr>\n<th class=\"pl-0 pr-5 text-left vertical-align-top\" scope=\"row\">Mat\u00e9riau de la sangle<\/th>\n<td class=\"vertical-align-top\">Acier inoxydable<\/td>\n<\/tr>\n<tr>\n<th class=\"pl-0 pr-5 text-left vertical-align-top\" scope=\"row\">Couleur du bracelet<\/th>\n<td class=\"vertical-align-top\">Bracelet en m\u00e9tal<\/td>\n<\/tr>\n<tr>\n<th class=\"pl-0 pr-5 text-left vertical-align-top\" scope=\"row\">Type de sangle<\/th>\n<td class=\"vertical-align-top\">Droit<\/td>\n<\/tr>\n<tr>\n<th class=\"pl-0 pr-5 text-left vertical-align-top\" scope=\"row\">Distance entre les boucles<\/th>\n<td class=\"vertical-align-top\">22\/18 mm<\/td>\n<\/tr>\n<\/tbody>\n<\/table>\n<\/div>\n","protected":false},"excerpt":{"rendered":"<p>Breitling B01 chronographe ref. AB0147101C1A1 Mouvement Calibre Breitling 01 (Manufacture) Mouvement Remontage m\u00e9canique, automatique R\u00e9serve de marche Environ 70 heures Chronographe \u00bc de seconde, 30 minutes, 12 heures Alternance 28 800 a\/h Rubis 45 rubis Calendrier Une fen\u00eatre dans le cadran Cas Mat\u00e9riau de l&#8217;\u00e9tui Acier inoxydable Dos de l&#8217;\u00e9tui Viss\u00e9 (verre saphir) Imperm\u00e9able \u00e0 [&hellip;]<\/p>\n","protected":false},"featured_media":92261,"template":"","meta":{"_crdt_document":"","advanced_seo_description":"","jetpack_seo_html_title":"","jetpack_seo_noindex":false},"product_brand":[],"product_cat":[2657],"product_tag":[2674],"berocket_brand":[],"woo-feed-brand":[],"class_list":{"0":"post-92264","1":"product","2":"type-product","3":"status-publish","4":"has-post-thumbnail","6":"product_cat-breitling-fr","7":"product_tag-vengeur","9":"first","10":"instock","11":"sale","12":"taxable","13":"shipping-taxable","14":"purchasable","15":"product-type-simple"},"bundled_by":[],"bundle_stock_status":"instock","bundle_stock_quantity":1,"bundle_virtual":false,"bundle_layout":"","bundle_add_to_cart_form_location":"","bundle_editable_in_cart":false,"bundle_sold_individually_context":"","bundle_item_grouping":"","bundle_min_size":"","bundle_max_size":"","bundle_price":[],"bundled_items":[],"bundle_sell_ids":[],"group_of_quantity":0,"min_quantity":0,"max_quantity":"","exclude_order_quantity_value_rules":"no","exclude_category_quantity_rules":"no","combine_variations":"no","jetpack_sharing_enabled":true,"jetpack_likes_enabled":true,"_links":{"self":[{"href":"https:\/\/watchdeluxe.it\/fr\/wp-json\/wp\/v2\/product\/92264","targetHints":{"allow":["GET"]}}],"collection":[{"href":"https:\/\/watchdeluxe.it\/fr\/wp-json\/wp\/v2\/product"}],"about":[{"href":"https:\/\/watchdeluxe.it\/fr\/wp-json\/wp\/v2\/types\/product"}],"wp:featuredmedia":[{"embeddable":true,"href":"https:\/\/watchdeluxe.it\/fr\/wp-json\/wp\/v2\/media\/92261"}],"wp:attachment":[{"href":"https:\/\/watchdeluxe.it\/fr\/wp-json\/wp\/v2\/media?parent=92264"}],"wp:term":[{"taxonomy":"product_brand","embeddable":true,"href":"https:\/\/watchdeluxe.it\/fr\/wp-json\/wp\/v2\/product_brand?post=92264"},{"taxonomy":"product_cat","embeddable":true,"href":"https:\/\/watchdeluxe.it\/fr\/wp-json\/wp\/v2\/product_cat?post=92264"},{"taxonomy":"product_tag","embeddable":true,"href":"https:\/\/watchdeluxe.it\/fr\/wp-json\/wp\/v2\/product_tag?post=92264"},{"taxonomy":"berocket_brand","embeddable":true,"href":"https:\/\/watchdeluxe.it\/fr\/wp-json\/wp\/v2\/berocket_brand?post=92264"},{"taxonomy":"woo-feed-brand","embeddable":true,"href":"https:\/\/watchdeluxe.it\/fr\/wp-json\/wp\/v2\/woo-feed-brand?post=92264"}],"curies":[{"name":"wp","href":"https:\/\/api.w.org\/{rel}","templated":true}]}}