{"id":91347,"date":"2024-02-08T10:22:28","date_gmt":"2024-02-08T09:22:28","guid":{"rendered":"https:\/\/watchdeluxe.it\/prodotto\/montblanc-compact-hand-luggage-trolley-my4810-ref-198348\/"},"modified":"2024-02-08T10:22:28","modified_gmt":"2024-02-08T09:22:28","slug":"montblanc-compact-hand-luggage-trolley-my4810-ref-198348","status":"publish","type":"product","link":"https:\/\/watchdeluxe.it\/fr\/prodotto\/montblanc-compact-hand-luggage-trolley-my4810-ref-198348\/","title":{"rendered":"Montblanc Compact Hand Luggage Trolley #My4810 Ref. 198348"},"content":{"rendered":"<p>Montblanc Compact Hand Luggage Trolley #My4810 Ref. 198348<\/p>\n<div class=\"picture-wrapper\">\n<div id=\"sevenspikes-cloud-zoom\" class=\"picture\" data-zoomwindowelementid=\"\" data-selectoroftheparentelementofthecloudzoomwindow=\"\" data-defaultimagecontainerselector=\".product-essential .gallery\" data-zoom-window-width=\"360\" data-zoom-window-height=\"360\"><\/div>\n<\/div>\n<div class=\"picture-thumbs in-carousel\"><\/div>\n<div class=\"overview\">\n<div class=\"short-description\">D\u00e9couvrez la nouvelle ligne de trolley #MY4810 et trouvez votre compagnon de voyage personnel. Un chariot \u00e0 bagages compact en polycarbonate l\u00e9ger avec des d\u00e9tails en cuir, extr\u00eamement pratique gr\u00e2ce \u00e0 sa poign\u00e9e multi-longue de quatre heures et \u00e0 son organisation intelligente avec de multiples compartiments. Il mesure 35 x 55 x 21 cm (volume 34 L) et est g\u00e9n\u00e9ralement accept\u00e9 comme bagage \u00e0 main.<\/div>\n<\/div>\n","protected":false},"excerpt":{"rendered":"<p>Montblanc Compact Hand Luggage Trolley #My4810 Ref. 198348 D\u00e9couvrez la nouvelle ligne de trolley #MY4810 et trouvez votre compagnon de voyage personnel. Un chariot \u00e0 bagages compact en polycarbonate l\u00e9ger avec des d\u00e9tails en cuir, extr\u00eamement pratique gr\u00e2ce \u00e0 sa poign\u00e9e multi-longue de quatre heures et \u00e0 son organisation intelligente avec de multiples compartiments. Il [&hellip;]<\/p>\n","protected":false},"featured_media":91343,"template":"","meta":{"_crdt_document":"","advanced_seo_description":"","jetpack_seo_html_title":"","jetpack_seo_noindex":false},"product_brand":[1907],"product_cat":[2241],"product_tag":[2394],"berocket_brand":[],"woo-feed-brand":[],"class_list":{"0":"post-91347","1":"product","2":"type-product","3":"status-publish","4":"has-post-thumbnail","6":"product_brand-montblanc","7":"product_cat-montblanc-fr","8":"product_tag-sacs","10":"first","11":"instock","12":"sale","13":"taxable","14":"shipping-taxable","15":"purchasable","16":"product-type-simple"},"bundled_by":[],"bundle_stock_status":"instock","bundle_stock_quantity":1,"bundle_virtual":false,"bundle_layout":"","bundle_add_to_cart_form_location":"","bundle_editable_in_cart":false,"bundle_sold_individually_context":"","bundle_item_grouping":"","bundle_min_size":"","bundle_max_size":"","bundle_price":[],"bundled_items":[],"bundle_sell_ids":[],"group_of_quantity":0,"min_quantity":0,"max_quantity":"","exclude_order_quantity_value_rules":"no","exclude_category_quantity_rules":"no","combine_variations":"no","jetpack_sharing_enabled":true,"jetpack_likes_enabled":true,"_links":{"self":[{"href":"https:\/\/watchdeluxe.it\/fr\/wp-json\/wp\/v2\/product\/91347","targetHints":{"allow":["GET"]}}],"collection":[{"href":"https:\/\/watchdeluxe.it\/fr\/wp-json\/wp\/v2\/product"}],"about":[{"href":"https:\/\/watchdeluxe.it\/fr\/wp-json\/wp\/v2\/types\/product"}],"wp:featuredmedia":[{"embeddable":true,"href":"https:\/\/watchdeluxe.it\/fr\/wp-json\/wp\/v2\/media\/91343"}],"wp:attachment":[{"href":"https:\/\/watchdeluxe.it\/fr\/wp-json\/wp\/v2\/media?parent=91347"}],"wp:term":[{"taxonomy":"product_brand","embeddable":true,"href":"https:\/\/watchdeluxe.it\/fr\/wp-json\/wp\/v2\/product_brand?post=91347"},{"taxonomy":"product_cat","embeddable":true,"href":"https:\/\/watchdeluxe.it\/fr\/wp-json\/wp\/v2\/product_cat?post=91347"},{"taxonomy":"product_tag","embeddable":true,"href":"https:\/\/watchdeluxe.it\/fr\/wp-json\/wp\/v2\/product_tag?post=91347"},{"taxonomy":"berocket_brand","embeddable":true,"href":"https:\/\/watchdeluxe.it\/fr\/wp-json\/wp\/v2\/berocket_brand?post=91347"},{"taxonomy":"woo-feed-brand","embeddable":true,"href":"https:\/\/watchdeluxe.it\/fr\/wp-json\/wp\/v2\/woo-feed-brand?post=91347"}],"curies":[{"name":"wp","href":"https:\/\/api.w.org\/{rel}","templated":true}]}}