{"id":91327,"date":"2024-02-08T10:17:49","date_gmt":"2024-02-08T09:17:49","guid":{"rendered":"https:\/\/watchdeluxe.it\/prodotto\/montblanc-slim-briefcase-m_gram-4810-ref-130017\/"},"modified":"2026-01-22T10:57:00","modified_gmt":"2026-01-22T09:57:00","slug":"montblanc-slim-briefcase-m_gram-4810-ref-130017","status":"publish","type":"product","link":"https:\/\/watchdeluxe.it\/fr\/prodotto\/montblanc-slim-briefcase-m_gram-4810-ref-130017\/","title":{"rendered":"Montblanc Slim Briefcase M_Gram 4810 Ref. 130017"},"content":{"rendered":"<p>Montblanc Slim Briefcase M_Gram 4810 Ref. 130017<\/p>\n<div class=\"picture-wrapper\">\n<div id=\"sevenspikes-cloud-zoom\" class=\"picture\" data-zoomwindowelementid=\"\" data-selectoroftheparentelementofthecloudzoomwindow=\"\" data-defaultimagecontainerselector=\".product-essential .gallery\" data-zoom-window-width=\"360\" data-zoom-window-height=\"360\"><\/div>\n<\/div>\n<div class=\"picture-thumbs in-carousel has-navigation\"><\/div>\n<div class=\"overview\">\n<div class=\"short-description\">Ce porte-documents \u00e9troit pr\u00e9sente un aspect iconique fort, gr\u00e2ce \u00e0 son nouveau design et \u00e0 son cuir souple d\u00e9cor\u00e9 d&#8217;un motif &#8220;M&#8221; inspir\u00e9 de l&#8217;h\u00e9ritage de la Maison. Compact mais extr\u00eamement spacieux, il offre un espace interne pour les documents A4, les instruments d&#8217;\u00e9criture et d&#8217;autres objets personnels essentiels.  <b><br \/>\nDimensions : 370 x 60 x H 280 mm.  <\/b><\/div>\n<\/div>\n","protected":false},"excerpt":{"rendered":"<p>Montblanc Slim Briefcase M_Gram 4810 Ref. 130017 Ce porte-documents \u00e9troit pr\u00e9sente un aspect iconique fort, gr\u00e2ce \u00e0 son nouveau design et \u00e0 son cuir souple d\u00e9cor\u00e9 d&#8217;un motif &#8220;M&#8221; inspir\u00e9 de l&#8217;h\u00e9ritage de la Maison. Compact mais extr\u00eamement spacieux, il offre un espace interne pour les documents A4, les instruments d&#8217;\u00e9criture et d&#8217;autres objets personnels [&hellip;]<\/p>\n","protected":false},"featured_media":91322,"template":"","meta":{"_crdt_document":"","advanced_seo_description":"","jetpack_seo_html_title":"","jetpack_seo_noindex":false},"product_brand":[1907],"product_cat":[2241],"product_tag":[2394],"berocket_brand":[],"woo-feed-brand":[],"class_list":{"0":"post-91327","1":"product","2":"type-product","3":"status-publish","4":"has-post-thumbnail","6":"product_brand-montblanc","7":"product_cat-montblanc-fr","8":"product_tag-sacs","10":"first","11":"instock","12":"sale","13":"taxable","14":"shipping-taxable","15":"purchasable","16":"product-type-simple"},"bundled_by":[],"bundle_stock_status":"instock","bundle_stock_quantity":1,"bundle_virtual":false,"bundle_layout":"","bundle_add_to_cart_form_location":"","bundle_editable_in_cart":false,"bundle_sold_individually_context":"","bundle_item_grouping":"","bundle_min_size":"","bundle_max_size":"","bundle_price":[],"bundled_items":[],"bundle_sell_ids":[],"group_of_quantity":0,"min_quantity":0,"max_quantity":"","exclude_order_quantity_value_rules":"no","exclude_category_quantity_rules":"no","combine_variations":"no","jetpack_sharing_enabled":true,"jetpack_likes_enabled":true,"_links":{"self":[{"href":"https:\/\/watchdeluxe.it\/fr\/wp-json\/wp\/v2\/product\/91327","targetHints":{"allow":["GET"]}}],"collection":[{"href":"https:\/\/watchdeluxe.it\/fr\/wp-json\/wp\/v2\/product"}],"about":[{"href":"https:\/\/watchdeluxe.it\/fr\/wp-json\/wp\/v2\/types\/product"}],"wp:featuredmedia":[{"embeddable":true,"href":"https:\/\/watchdeluxe.it\/fr\/wp-json\/wp\/v2\/media\/91322"}],"wp:attachment":[{"href":"https:\/\/watchdeluxe.it\/fr\/wp-json\/wp\/v2\/media?parent=91327"}],"wp:term":[{"taxonomy":"product_brand","embeddable":true,"href":"https:\/\/watchdeluxe.it\/fr\/wp-json\/wp\/v2\/product_brand?post=91327"},{"taxonomy":"product_cat","embeddable":true,"href":"https:\/\/watchdeluxe.it\/fr\/wp-json\/wp\/v2\/product_cat?post=91327"},{"taxonomy":"product_tag","embeddable":true,"href":"https:\/\/watchdeluxe.it\/fr\/wp-json\/wp\/v2\/product_tag?post=91327"},{"taxonomy":"berocket_brand","embeddable":true,"href":"https:\/\/watchdeluxe.it\/fr\/wp-json\/wp\/v2\/berocket_brand?post=91327"},{"taxonomy":"woo-feed-brand","embeddable":true,"href":"https:\/\/watchdeluxe.it\/fr\/wp-json\/wp\/v2\/woo-feed-brand?post=91327"}],"curies":[{"name":"wp","href":"https:\/\/api.w.org\/{rel}","templated":true}]}}