{"id":91067,"date":"2023-03-17T18:38:55","date_gmt":"2023-03-17T17:38:55","guid":{"rendered":"https:\/\/watchdeluxe.it\/prodotto\/omega-constellation-co-axial-master-chronometer-29-mm-ref-131-20-29-20-02-001\/"},"modified":"2023-03-17T18:38:55","modified_gmt":"2023-03-17T17:38:55","slug":"omega-constellation-co-axial-master-chronometer-29-mm-ref-131-20-29-20-02-001","status":"publish","type":"product","link":"https:\/\/watchdeluxe.it\/fr\/prodotto\/omega-constellation-co-axial-master-chronometer-29-mm-ref-131-20-29-20-02-001\/","title":{"rendered":"Omega Constellation Co-Axial Master Chronometer 29 Mm Ref. 131.20.29.20.02.001"},"content":{"rendered":"<p>Omega Constellation Co-Axial Master Chronometer 29 Mm Ref. 131.20.29.20.02.001<\/p>\n<table class=\"data-table\">\n<tbody>\n<tr class=\"odd\">\n<td class=\"spec-name\">Marque<\/td>\n<td class=\"spec-value\">Om\u00e9ga<\/td>\n<\/tr>\n<tr class=\"even\">\n<td class=\"spec-name\">Ligne<\/td>\n<td class=\"spec-value\">CONSTELLATION<\/td>\n<\/tr>\n<tr class=\"odd\">\n<td class=\"spec-name\">Complications<\/td>\n<td class=\"spec-value\">TEMPS SEULEMENT<\/td>\n<\/tr>\n<tr class=\"even\">\n<td class=\"spec-name\">Mouvement<\/td>\n<td class=\"spec-value\">AUTOMATIQUE<\/td>\n<\/tr>\n<tr class=\"odd\">\n<td class=\"spec-name\">Dater<\/td>\n<td class=\"spec-value\">DONN\u00c9ES<\/td>\n<\/tr>\n<tr class=\"even\">\n<td class=\"spec-name\">Formulaire<\/td>\n<td class=\"spec-value\">ROND<\/td>\n<\/tr>\n<tr class=\"odd\">\n<td class=\"spec-name\">Taille<\/td>\n<td class=\"spec-value\">29 MM<\/td>\n<\/tr>\n<tr class=\"even\">\n<td class=\"spec-name\">Mat\u00e9riau de l&#8217;\u00e9tui<\/td>\n<td class=\"spec-value\">Acier et or rose<\/td>\n<\/tr>\n<tr class=\"odd\">\n<td class=\"spec-name\">Type de verre<\/td>\n<td class=\"spec-value\">SAPPHIRE<\/td>\n<\/tr>\n<tr class=\"even\">\n<td class=\"spec-name\">Cadran<\/td>\n<td class=\"spec-value\">ARGENT<\/td>\n<\/tr>\n<tr class=\"odd\">\n<td class=\"spec-name\">Bracelet<\/td>\n<td class=\"spec-value\">ACIER ET OR ROSE<\/td>\n<\/tr>\n<tr class=\"even\">\n<td class=\"spec-name\">Imperm\u00e9able \u00e0 l&#8217;eau<\/td>\n<td class=\"spec-value\">50 M<\/td>\n<\/tr>\n<\/tbody>\n<\/table>\n","protected":false},"excerpt":{"rendered":"<p>Omega Constellation Co-Axial Master Chronometer 29 Mm Ref. 131.20.29.20.02.001 Marque Om\u00e9ga Ligne CONSTELLATION Complications TEMPS SEULEMENT Mouvement AUTOMATIQUE Dater DONN\u00c9ES Formulaire ROND Taille 29 MM Mat\u00e9riau de l&#8217;\u00e9tui Acier et or rose Type de verre SAPPHIRE Cadran ARGENT Bracelet ACIER ET OR ROSE Imperm\u00e9able \u00e0 l&#8217;eau 50 M<\/p>\n","protected":false},"featured_media":91063,"template":"","meta":{"_crdt_document":"","advanced_seo_description":"","jetpack_seo_html_title":"","jetpack_seo_noindex":false},"product_brand":[2155],"product_cat":[1921],"product_tag":[1426],"berocket_brand":[],"woo-feed-brand":[],"class_list":{"0":"post-91067","1":"product","2":"type-product","3":"status-publish","4":"has-post-thumbnail","6":"product_brand-omega","7":"product_cat-omega","8":"product_tag-constellation","10":"first","11":"instock","12":"sale","13":"taxable","14":"shipping-taxable","15":"purchasable","16":"product-type-simple"},"bundled_by":[],"bundle_stock_status":"instock","bundle_stock_quantity":1,"bundle_virtual":false,"bundle_layout":"","bundle_add_to_cart_form_location":"","bundle_editable_in_cart":false,"bundle_sold_individually_context":"","bundle_item_grouping":"","bundle_min_size":"","bundle_max_size":"","bundle_price":[],"bundled_items":[],"bundle_sell_ids":[],"group_of_quantity":0,"min_quantity":0,"max_quantity":"","exclude_order_quantity_value_rules":"no","exclude_category_quantity_rules":"no","combine_variations":"no","jetpack_sharing_enabled":true,"jetpack_likes_enabled":true,"_links":{"self":[{"href":"https:\/\/watchdeluxe.it\/fr\/wp-json\/wp\/v2\/product\/91067","targetHints":{"allow":["GET"]}}],"collection":[{"href":"https:\/\/watchdeluxe.it\/fr\/wp-json\/wp\/v2\/product"}],"about":[{"href":"https:\/\/watchdeluxe.it\/fr\/wp-json\/wp\/v2\/types\/product"}],"wp:featuredmedia":[{"embeddable":true,"href":"https:\/\/watchdeluxe.it\/fr\/wp-json\/wp\/v2\/media\/91063"}],"wp:attachment":[{"href":"https:\/\/watchdeluxe.it\/fr\/wp-json\/wp\/v2\/media?parent=91067"}],"wp:term":[{"taxonomy":"product_brand","embeddable":true,"href":"https:\/\/watchdeluxe.it\/fr\/wp-json\/wp\/v2\/product_brand?post=91067"},{"taxonomy":"product_cat","embeddable":true,"href":"https:\/\/watchdeluxe.it\/fr\/wp-json\/wp\/v2\/product_cat?post=91067"},{"taxonomy":"product_tag","embeddable":true,"href":"https:\/\/watchdeluxe.it\/fr\/wp-json\/wp\/v2\/product_tag?post=91067"},{"taxonomy":"berocket_brand","embeddable":true,"href":"https:\/\/watchdeluxe.it\/fr\/wp-json\/wp\/v2\/berocket_brand?post=91067"},{"taxonomy":"woo-feed-brand","embeddable":true,"href":"https:\/\/watchdeluxe.it\/fr\/wp-json\/wp\/v2\/woo-feed-brand?post=91067"}],"curies":[{"name":"wp","href":"https:\/\/api.w.org\/{rel}","templated":true}]}}