{"id":90925,"date":"2024-02-06T17:18:25","date_gmt":"2024-02-06T16:18:25","guid":{"rendered":"https:\/\/watchdeluxe.it\/prodotto\/portefeuille-continental-montblanc-noir-ref-198221\/"},"modified":"2024-02-06T17:18:25","modified_gmt":"2024-02-06T16:18:25","slug":"portefeuille-continental-montblanc-noir-ref-198221","status":"publish","type":"product","link":"https:\/\/watchdeluxe.it\/fr\/prodotto\/portefeuille-continental-montblanc-noir-ref-198221\/","title":{"rendered":"Portefeuille continental Montblanc noir ref. 198221"},"content":{"rendered":"<p>Portefeuille continental Montblanc noir ref. 198221<\/p>\n<div id=\"product-description-short-501452\" class=\"product-description-short short_description\">Inspir\u00e9 de la forme classique d&#8217;une enveloppe, ce portefeuille Continental Sartorial est l&#8217;accessoire id\u00e9al pour tous les jours. R\u00e9alis\u00e9 en cuir Saffiano, ce portefeuille comporte une poche zipp\u00e9e pour ranger en toute s\u00e9curit\u00e9 les pi\u00e8ces de monnaie et les cl\u00e9s, ainsi que six fentes pour cartes de cr\u00e9dit et deux compartiments pour billets de banque. L&#8217;embl\u00e8me Montblanc apporte une derni\u00e8re touche de classe.<\/div>\n<div class=\"product-description\">Inspir\u00e9 de la forme classique d&#8217;une enveloppe, ce portefeuille Continental Sartorial est l&#8217;accessoire id\u00e9al pour tous les jours. R\u00e9alis\u00e9 en cuir Saffiano, ce portefeuille comporte une poche zipp\u00e9e pour ranger en toute s\u00e9curit\u00e9 les pi\u00e8ces de monnaie et les cl\u00e9s, ainsi que six fentes pour cartes de cr\u00e9dit et deux compartiments pour billets de banque. L&#8217;embl\u00e8me Montblanc apporte une derni\u00e8re touche de classe.<br \/>\nDoublure : Polyamide et coton<\/div>\n","protected":false},"excerpt":{"rendered":"<p>Portefeuille continental Montblanc noir ref. 198221 Inspir\u00e9 de la forme classique d&#8217;une enveloppe, ce portefeuille Continental Sartorial est l&#8217;accessoire id\u00e9al pour tous les jours. R\u00e9alis\u00e9 en cuir Saffiano, ce portefeuille comporte une poche zipp\u00e9e pour ranger en toute s\u00e9curit\u00e9 les pi\u00e8ces de monnaie et les cl\u00e9s, ainsi que six fentes pour cartes de cr\u00e9dit et [&hellip;]<\/p>\n","protected":false},"featured_media":0,"template":"","meta":{"_crdt_document":"","advanced_seo_description":"","jetpack_seo_html_title":"","jetpack_seo_noindex":false},"product_brand":[1907],"product_cat":[2244],"product_tag":[2347],"berocket_brand":[],"woo-feed-brand":[],"class_list":{"0":"post-90925","1":"product","2":"type-product","3":"status-publish","5":"product_brand-montblanc","6":"product_cat-montblanc-en","7":"product_tag-wallet","9":"first","10":"instock","11":"sale","12":"taxable","13":"shipping-taxable","14":"purchasable","15":"product-type-simple"},"bundled_by":[],"bundle_stock_status":"instock","bundle_stock_quantity":1,"bundle_virtual":false,"bundle_layout":"","bundle_add_to_cart_form_location":"","bundle_editable_in_cart":false,"bundle_sold_individually_context":"","bundle_item_grouping":"","bundle_min_size":"","bundle_max_size":"","bundle_price":[],"bundled_items":[],"bundle_sell_ids":[],"group_of_quantity":0,"min_quantity":0,"max_quantity":"","exclude_order_quantity_value_rules":"no","exclude_category_quantity_rules":"no","combine_variations":"no","jetpack_sharing_enabled":true,"jetpack_likes_enabled":true,"_links":{"self":[{"href":"https:\/\/watchdeluxe.it\/fr\/wp-json\/wp\/v2\/product\/90925","targetHints":{"allow":["GET"]}}],"collection":[{"href":"https:\/\/watchdeluxe.it\/fr\/wp-json\/wp\/v2\/product"}],"about":[{"href":"https:\/\/watchdeluxe.it\/fr\/wp-json\/wp\/v2\/types\/product"}],"wp:attachment":[{"href":"https:\/\/watchdeluxe.it\/fr\/wp-json\/wp\/v2\/media?parent=90925"}],"wp:term":[{"taxonomy":"product_brand","embeddable":true,"href":"https:\/\/watchdeluxe.it\/fr\/wp-json\/wp\/v2\/product_brand?post=90925"},{"taxonomy":"product_cat","embeddable":true,"href":"https:\/\/watchdeluxe.it\/fr\/wp-json\/wp\/v2\/product_cat?post=90925"},{"taxonomy":"product_tag","embeddable":true,"href":"https:\/\/watchdeluxe.it\/fr\/wp-json\/wp\/v2\/product_tag?post=90925"},{"taxonomy":"berocket_brand","embeddable":true,"href":"https:\/\/watchdeluxe.it\/fr\/wp-json\/wp\/v2\/berocket_brand?post=90925"},{"taxonomy":"woo-feed-brand","embeddable":true,"href":"https:\/\/watchdeluxe.it\/fr\/wp-json\/wp\/v2\/woo-feed-brand?post=90925"}],"curies":[{"name":"wp","href":"https:\/\/api.w.org\/{rel}","templated":true}]}}