{"id":90606,"date":"2024-01-26T16:53:31","date_gmt":"2024-01-26T15:53:31","guid":{"rendered":"https:\/\/watchdeluxe.it\/prodotto\/omega-seamaster-aqua-terra-150m-co-axial-gmt-worldtimer-43-mm-ref-220-12-43-22-03-002\/"},"modified":"2026-01-16T15:04:57","modified_gmt":"2026-01-16T14:04:57","slug":"omega-seamaster-aqua-terra-150m-co-axial-gmt-worldtimer-43-mm-ref-220-12-43-22-03-002","status":"publish","type":"product","link":"https:\/\/watchdeluxe.it\/fr\/prodotto\/omega-seamaster-aqua-terra-150m-co-axial-gmt-worldtimer-43-mm-ref-220-12-43-22-03-002\/","title":{"rendered":"Omega Seamaster Aqua Terra 150M Co-Axial GMT Worldtimer 43 mm Ref. 220.12.43.22.03.002"},"content":{"rendered":"<p>Omega Seamaster Aqua Terra 150M Co-Axial GMT Worldtimer 43 mm Ref. 220.12.43.22.03.002<\/p>\n<table class=\"data-table\">\n<tbody>\n<tr class=\"even\">\n<td class=\"spec-name\">Ligne<\/td>\n<td class=\"spec-value\">SEAMASTER<\/td>\n<\/tr>\n<tr class=\"odd\">\n<td class=\"spec-name\">Mod\u00e8le<\/td>\n<td class=\"spec-value\">Seamaster Aqua Terra 150M<\/td>\n<\/tr>\n<tr class=\"even\">\n<td class=\"spec-name\">Complications<\/td>\n<td class=\"spec-value\">HEURE UNIVERSELLE, HEURE DOUBLE<\/td>\n<\/tr>\n<tr class=\"odd\">\n<td class=\"spec-name\">Mouvement<\/td>\n<td class=\"spec-value\">AUTOMATIQUE<\/td>\n<\/tr>\n<tr class=\"even\">\n<td class=\"spec-name\">Dater<\/td>\n<td class=\"spec-value\">DONN\u00c9ES<\/td>\n<\/tr>\n<tr class=\"odd\">\n<td class=\"spec-name\">Calibre<\/td>\n<td class=\"spec-value\">Omega 8938<\/td>\n<\/tr>\n<tr class=\"even\">\n<td class=\"spec-name\">Formulaire<\/td>\n<td class=\"spec-value\">ROND<\/td>\n<\/tr>\n<tr class=\"odd\">\n<td class=\"spec-name\">Taille<\/td>\n<td class=\"spec-value\">43 MM<\/td>\n<\/tr>\n<tr class=\"even\">\n<td class=\"spec-name\">Mat\u00e9riau de l&#8217;\u00e9tui<\/td>\n<td class=\"spec-value\">Acier<\/td>\n<\/tr>\n<tr class=\"odd\">\n<td class=\"spec-name\">Type de verre<\/td>\n<td class=\"spec-value\">SAPPHIRE<\/td>\n<\/tr>\n<tr class=\"even\">\n<td class=\"spec-name\">Cadran<\/td>\n<td class=\"spec-value\">BLEU<\/td>\n<\/tr>\n<tr class=\"odd\">\n<td class=\"spec-name\">Courroie<\/td>\n<td class=\"spec-value\">CAUCCIU<\/td>\n<\/tr>\n<tr class=\"even\">\n<td class=\"spec-name\">Imperm\u00e9able \u00e0 l&#8217;eau<\/td>\n<td class=\"spec-value\">150 M<\/td>\n<\/tr>\n<tr class=\"odd\">\n<td class=\"spec-name\">\u00c9dition<\/td>\n<td class=\"spec-value\">Ed. Sp\u00e9cial Bleu d&#8217;\u00e9t\u00e9<\/td>\n<\/tr>\n<\/tbody>\n<\/table>\n","protected":false},"excerpt":{"rendered":"<p>Omega Seamaster Aqua Terra 150M Co-Axial GMT Worldtimer 43 mm Ref. 220.12.43.22.03.002 Ligne SEAMASTER Mod\u00e8le Seamaster Aqua Terra 150M Complications HEURE UNIVERSELLE, HEURE DOUBLE Mouvement AUTOMATIQUE Dater DONN\u00c9ES Calibre Omega 8938 Formulaire ROND Taille 43 MM Mat\u00e9riau de l&#8217;\u00e9tui Acier Type de verre SAPPHIRE Cadran BLEU Courroie CAUCCIU Imperm\u00e9able \u00e0 l&#8217;eau 150 M \u00c9dition Ed. [&hellip;]<\/p>\n","protected":false},"featured_media":90590,"template":"","meta":{"_crdt_document":"","advanced_seo_description":"","jetpack_seo_html_title":"","jetpack_seo_noindex":false},"product_brand":[2155],"product_cat":[2310],"product_tag":[2312],"berocket_brand":[],"woo-feed-brand":[],"class_list":{"0":"post-90606","1":"product","2":"type-product","3":"status-publish","4":"has-post-thumbnail","6":"product_brand-omega","7":"product_cat-omega-fr","8":"product_tag-seamaster-fr","10":"first","11":"outofstock","12":"sale","13":"taxable","14":"shipping-taxable","15":"purchasable","16":"product-type-simple"},"bundled_by":[],"bundle_stock_status":"outofstock","bundle_stock_quantity":0,"bundle_virtual":false,"bundle_layout":"","bundle_add_to_cart_form_location":"","bundle_editable_in_cart":false,"bundle_sold_individually_context":"","bundle_item_grouping":"","bundle_min_size":"","bundle_max_size":"","bundle_price":[],"bundled_items":[],"bundle_sell_ids":[],"group_of_quantity":0,"min_quantity":0,"max_quantity":"","exclude_order_quantity_value_rules":"no","exclude_category_quantity_rules":"no","combine_variations":"no","exclude_global_add_ons":[],"addons":[],"jetpack_sharing_enabled":true,"jetpack_likes_enabled":true,"_links":{"self":[{"href":"https:\/\/watchdeluxe.it\/fr\/wp-json\/wp\/v2\/product\/90606","targetHints":{"allow":["GET"]}}],"collection":[{"href":"https:\/\/watchdeluxe.it\/fr\/wp-json\/wp\/v2\/product"}],"about":[{"href":"https:\/\/watchdeluxe.it\/fr\/wp-json\/wp\/v2\/types\/product"}],"wp:featuredmedia":[{"embeddable":true,"href":"https:\/\/watchdeluxe.it\/fr\/wp-json\/wp\/v2\/media\/90590"}],"wp:attachment":[{"href":"https:\/\/watchdeluxe.it\/fr\/wp-json\/wp\/v2\/media?parent=90606"}],"wp:term":[{"taxonomy":"product_brand","embeddable":true,"href":"https:\/\/watchdeluxe.it\/fr\/wp-json\/wp\/v2\/product_brand?post=90606"},{"taxonomy":"product_cat","embeddable":true,"href":"https:\/\/watchdeluxe.it\/fr\/wp-json\/wp\/v2\/product_cat?post=90606"},{"taxonomy":"product_tag","embeddable":true,"href":"https:\/\/watchdeluxe.it\/fr\/wp-json\/wp\/v2\/product_tag?post=90606"},{"taxonomy":"berocket_brand","embeddable":true,"href":"https:\/\/watchdeluxe.it\/fr\/wp-json\/wp\/v2\/berocket_brand?post=90606"},{"taxonomy":"woo-feed-brand","embeddable":true,"href":"https:\/\/watchdeluxe.it\/fr\/wp-json\/wp\/v2\/woo-feed-brand?post=90606"}],"curies":[{"name":"wp","href":"https:\/\/api.w.org\/{rel}","templated":true}]}}