{"id":90573,"date":"2024-01-26T15:47:51","date_gmt":"2024-01-26T14:47:51","guid":{"rendered":"https:\/\/watchdeluxe.it\/prodotto\/omega-seamaster-diver-300-m-summer-blue-seamaster-ref-210-32-42-20-03-002\/"},"modified":"2024-01-26T15:47:51","modified_gmt":"2024-01-26T14:47:51","slug":"omega-seamaster-diver-300-m-summer-blue-seamaster-ref-210-32-42-20-03-002","status":"publish","type":"product","link":"https:\/\/watchdeluxe.it\/fr\/prodotto\/omega-seamaster-diver-300-m-summer-blue-seamaster-ref-210-32-42-20-03-002\/","title":{"rendered":"Omega Seamaster Diver 300 M Summer Blue Seamaster ref. 210.32.42.20.03.002"},"content":{"rendered":"<p>Omega Seamaster Diver 300 M Summer Blue Seamaster ref. 210.32.42.20.03.002<\/p>\n<p><b>Mouvement :<\/b> Remontage automatique<br \/>\n<b>R\u00e9serve de marche :<\/b> 55 heures<br \/>\n<b>Cadran :<\/b> bleu<br \/>\nIndicateurs <b>:<\/b> Indices<br \/>\n<b>Bo\u00eetier :<\/b> Acier inoxydable<br \/>\n<b>Taille :<\/b> 42 mm<br \/>\n<b>Bracelet :<\/b> caoutchouc bleu<br \/>\n<b>R\u00e9sistance \u00e0 l&#8217;eau :<\/b> 300 m\u00e8tres<br \/>\n<b>Verre : Verre<\/b> saphir convexe inrayable avec traitement antireflet sur les deux faces<br \/>\n<b>P\u00e9riode de garantie :<\/b> 5 ans<\/p>\n","protected":false},"excerpt":{"rendered":"<p>Omega Seamaster Diver 300 M Summer Blue Seamaster ref. 210.32.42.20.03.002 Mouvement : Remontage automatique R\u00e9serve de marche : 55 heures Cadran : bleu Indicateurs : Indices Bo\u00eetier : Acier inoxydable Taille : 42 mm Bracelet : caoutchouc bleu R\u00e9sistance \u00e0 l&#8217;eau : 300 m\u00e8tres Verre : Verre saphir convexe inrayable avec traitement antireflet sur les [&hellip;]<\/p>\n","protected":false},"featured_media":90569,"template":"","meta":{"_crdt_document":"","advanced_seo_description":"","jetpack_seo_html_title":"","jetpack_seo_noindex":false},"product_brand":[2155],"product_cat":[2310],"product_tag":[2312],"berocket_brand":[],"woo-feed-brand":[],"class_list":{"0":"post-90573","1":"product","2":"type-product","3":"status-publish","4":"has-post-thumbnail","6":"product_brand-omega","7":"product_cat-omega-fr","8":"product_tag-seamaster-fr","10":"first","11":"instock","12":"sale","13":"taxable","14":"shipping-taxable","15":"purchasable","16":"product-type-simple"},"bundled_by":[],"bundle_stock_status":"instock","bundle_stock_quantity":1,"bundle_virtual":false,"bundle_layout":"","bundle_add_to_cart_form_location":"","bundle_editable_in_cart":false,"bundle_sold_individually_context":"","bundle_item_grouping":"","bundle_min_size":"","bundle_max_size":"","bundle_price":[],"bundled_items":[],"bundle_sell_ids":[],"group_of_quantity":0,"min_quantity":0,"max_quantity":"","exclude_order_quantity_value_rules":"no","exclude_category_quantity_rules":"no","combine_variations":"no","exclude_global_add_ons":[],"addons":[],"jetpack_sharing_enabled":true,"jetpack_likes_enabled":true,"_links":{"self":[{"href":"https:\/\/watchdeluxe.it\/fr\/wp-json\/wp\/v2\/product\/90573","targetHints":{"allow":["GET"]}}],"collection":[{"href":"https:\/\/watchdeluxe.it\/fr\/wp-json\/wp\/v2\/product"}],"about":[{"href":"https:\/\/watchdeluxe.it\/fr\/wp-json\/wp\/v2\/types\/product"}],"wp:featuredmedia":[{"embeddable":true,"href":"https:\/\/watchdeluxe.it\/fr\/wp-json\/wp\/v2\/media\/90569"}],"wp:attachment":[{"href":"https:\/\/watchdeluxe.it\/fr\/wp-json\/wp\/v2\/media?parent=90573"}],"wp:term":[{"taxonomy":"product_brand","embeddable":true,"href":"https:\/\/watchdeluxe.it\/fr\/wp-json\/wp\/v2\/product_brand?post=90573"},{"taxonomy":"product_cat","embeddable":true,"href":"https:\/\/watchdeluxe.it\/fr\/wp-json\/wp\/v2\/product_cat?post=90573"},{"taxonomy":"product_tag","embeddable":true,"href":"https:\/\/watchdeluxe.it\/fr\/wp-json\/wp\/v2\/product_tag?post=90573"},{"taxonomy":"berocket_brand","embeddable":true,"href":"https:\/\/watchdeluxe.it\/fr\/wp-json\/wp\/v2\/berocket_brand?post=90573"},{"taxonomy":"woo-feed-brand","embeddable":true,"href":"https:\/\/watchdeluxe.it\/fr\/wp-json\/wp\/v2\/woo-feed-brand?post=90573"}],"curies":[{"name":"wp","href":"https:\/\/api.w.org\/{rel}","templated":true}]}}