{"id":90076,"date":"2024-01-12T18:26:52","date_gmt":"2024-01-12T17:26:52","guid":{"rendered":"https:\/\/watchdeluxe.it\/prodotto\/club-sport-neomatik-39-ember-ref-761\/"},"modified":"2025-11-26T10:09:09","modified_gmt":"2025-11-26T09:09:09","slug":"club-sport-neomatik-39-ember-ref-761","status":"publish","type":"product","link":"https:\/\/watchdeluxe.it\/fr\/prodotto\/club-sport-neomatik-39-ember-ref-761\/","title":{"rendered":"Club Sport neomatik 39 ember ref. 761"},"content":{"rendered":"<p>Club Sport neomatik 39 ember ref. 761<\/p>\n<div class=\"list-couple\">\n<div class=\"specs-list\">\n<dl>\n<dt>Cas<\/dt>\n<dd>acier inoxydable, bipartite<br \/>\ndos en acier inoxydable<br \/>\nviss\u00e9<\/dd>\n<\/dl>\n<dl>\n<dt>Verre saphir<\/dt>\n<dd>verre saphir avec traitement antireflet<\/dd>\n<\/dl>\n<dl>\n<dt>Chargement<\/dt>\n<dd>automatique<\/dd>\n<\/dl>\n<dl>\n<dt>Dimensions<\/dt>\n<dd>diam\u00e8tre <span class=\"size-property\"> 39,5 mm <\/span><br \/>\n\u00e9paisseur <span class=\"size-property\"> 8,4 mm <\/span><br \/>\ntaille de la boucle ext\u00e9rieure <span class=\"size-property\"> 49,5 mm <\/span><\/dd>\n<\/dl>\n<dl>\n<dt>R\u00e9sistance \u00e0 l&#8217;eau<\/dt>\n<dd>20 atm (r\u00e9sistant \u00e0 l&#8217;immersion)<\/dd>\n<\/dl>\n<\/div>\n<div class=\"specs-list\">\n<dl>\n<dt>Cadran<\/dt>\n<dd>galvanis\u00e9, or beige, avec finition soleill\u00e9e, chiffres des heures et index avec superluminova blanc<\/dd>\n<\/dl>\n<dl>\n<dt>Aiguilles<\/dt>\n<dd>Rhodi\u00e9es, avec inserts en superluminova blanc<\/dd>\n<\/dl>\n<dl>\n<dt>bracelet<\/dt>\n<dd>Bracelet Club Sport, avec barrettes \u00e0 ressort \u00e0 ouverture rapide<br \/>\n<span class=\"size-property\"> Largeur des cornes 20 mm <\/span><\/dd>\n<\/dl>\n<\/div>\n<\/div>\n","protected":false},"excerpt":{"rendered":"<p>Club Sport neomatik 39 ember ref. 761 Cas acier inoxydable, bipartite dos en acier inoxydable viss\u00e9 Verre saphir verre saphir avec traitement antireflet Chargement automatique Dimensions diam\u00e8tre 39,5 mm \u00e9paisseur 8,4 mm taille de la boucle ext\u00e9rieure 49,5 mm R\u00e9sistance \u00e0 l&#8217;eau 20 atm (r\u00e9sistant \u00e0 l&#8217;immersion) Cadran galvanis\u00e9, or beige, avec finition soleill\u00e9e, chiffres [&hellip;]<\/p>\n","protected":false},"featured_media":127222,"template":"","meta":{"_crdt_document":"","advanced_seo_description":"","jetpack_seo_html_title":"","jetpack_seo_noindex":false},"product_brand":[2154],"product_cat":[3908],"product_tag":[],"berocket_brand":[],"woo-feed-brand":[],"class_list":{"0":"post-90076","1":"product","2":"type-product","3":"status-publish","4":"has-post-thumbnail","6":"product_brand-nomos-glashutte","7":"product_cat-sans-categorie","9":"first","10":"instock","11":"sale","12":"taxable","13":"shipping-taxable","14":"purchasable","15":"product-type-simple"},"bundled_by":[],"bundle_stock_status":"instock","bundle_stock_quantity":null,"bundle_virtual":false,"bundle_layout":"","bundle_add_to_cart_form_location":"","bundle_editable_in_cart":false,"bundle_sold_individually_context":"","bundle_item_grouping":"","bundle_min_size":"","bundle_max_size":"","bundle_price":[],"bundled_items":[],"bundle_sell_ids":[],"group_of_quantity":0,"min_quantity":0,"max_quantity":"","exclude_order_quantity_value_rules":"no","exclude_category_quantity_rules":"no","combine_variations":"no","jetpack_sharing_enabled":true,"jetpack_likes_enabled":true,"_links":{"self":[{"href":"https:\/\/watchdeluxe.it\/fr\/wp-json\/wp\/v2\/product\/90076","targetHints":{"allow":["GET"]}}],"collection":[{"href":"https:\/\/watchdeluxe.it\/fr\/wp-json\/wp\/v2\/product"}],"about":[{"href":"https:\/\/watchdeluxe.it\/fr\/wp-json\/wp\/v2\/types\/product"}],"wp:featuredmedia":[{"embeddable":true,"href":"https:\/\/watchdeluxe.it\/fr\/wp-json\/"}],"wp:attachment":[{"href":"https:\/\/watchdeluxe.it\/fr\/wp-json\/wp\/v2\/media?parent=90076"}],"wp:term":[{"taxonomy":"product_brand","embeddable":true,"href":"https:\/\/watchdeluxe.it\/fr\/wp-json\/wp\/v2\/product_brand?post=90076"},{"taxonomy":"product_cat","embeddable":true,"href":"https:\/\/watchdeluxe.it\/fr\/wp-json\/wp\/v2\/product_cat?post=90076"},{"taxonomy":"product_tag","embeddable":true,"href":"https:\/\/watchdeluxe.it\/fr\/wp-json\/wp\/v2\/product_tag?post=90076"},{"taxonomy":"berocket_brand","embeddable":true,"href":"https:\/\/watchdeluxe.it\/fr\/wp-json\/wp\/v2\/berocket_brand?post=90076"},{"taxonomy":"woo-feed-brand","embeddable":true,"href":"https:\/\/watchdeluxe.it\/fr\/wp-json\/wp\/v2\/woo-feed-brand?post=90076"}],"curies":[{"name":"wp","href":"https:\/\/api.w.org\/{rel}","templated":true}]}}