{"id":90009,"date":"2024-01-12T17:24:06","date_gmt":"2024-01-12T16:24:06","guid":{"rendered":"https:\/\/watchdeluxe.it\/prodotto\/breitling-avenger-noir-42-ref-a17328101b1x1\/"},"modified":"2024-04-15T15:56:01","modified_gmt":"2024-04-15T13:56:01","slug":"breitling-avenger-noir-42-ref-a17328101b1x1","status":"publish","type":"product","link":"https:\/\/watchdeluxe.it\/fr\/prodotto\/breitling-avenger-noir-42-ref-a17328101b1x1\/","title":{"rendered":"Breitling Avenger noir 42 ref. A17328101B1X1"},"content":{"rendered":"<p>Breitling Avenger noir 42 ref. A17328101B1X1<\/p>\n<div class=\"content-technical-data mt-15 pb-10\">\n<h3 class=\"font-weight-bold title\">Mouvement<\/h3>\n<table class=\"mt-10 w-100\">\n<tbody>\n<tr>\n<th class=\"pl-0 pr-5 text-left vertical-align-top\" scope=\"row\">Calibre<\/th>\n<td class=\"vertical-align-top\">Breitling 17<\/td>\n<\/tr>\n<tr>\n<th class=\"pl-0 pr-5 text-left vertical-align-top\" scope=\"row\">Mouvement<\/th>\n<td class=\"vertical-align-top\">Remontage m\u00e9canique, automatique<\/td>\n<\/tr>\n<tr>\n<th class=\"pl-0 pr-5 text-left vertical-align-top\" scope=\"row\">R\u00e9serve de fonctionnement<\/th>\n<td class=\"vertical-align-top\">Environ 38 heures<\/td>\n<\/tr>\n<tr>\n<th class=\"pl-0 pr-5 text-left vertical-align-top\" scope=\"row\">Alternance<\/th>\n<td class=\"vertical-align-top\">28 800 a\/h<\/td>\n<\/tr>\n<tr>\n<th class=\"pl-0 pr-5 text-left vertical-align-top\" scope=\"row\">Rubis<\/th>\n<td class=\"vertical-align-top\">25 rubis<\/td>\n<\/tr>\n<tr>\n<th class=\"pl-0 pr-5 text-left vertical-align-top\" scope=\"row\">Calendrier<\/th>\n<td class=\"vertical-align-top\">Une fen\u00eatre dans le cadran<\/td>\n<\/tr>\n<\/tbody>\n<\/table>\n<\/div>\n<div class=\"content-technical-data mt-15 pb-10\">\n<h3 class=\"font-weight-bold title\">Cas<\/h3>\n<table class=\"mt-10 w-100\">\n<tbody>\n<tr>\n<th class=\"pl-0 pr-5 text-left vertical-align-top\" scope=\"row\">Mat\u00e9riau de l&#8217;\u00e9tui<\/th>\n<td class=\"vertical-align-top\">Acier inoxydable<\/td>\n<\/tr>\n<tr>\n<th class=\"pl-0 pr-5 text-left vertical-align-top\" scope=\"row\">Imperm\u00e9able \u00e0 l&#8217;eau<\/th>\n<td class=\"vertical-align-top\">300 m\u00e8tres <span class=\"align-items-center bg-primary-yellow cursor-pointer d-flex justify-content-center ml-5 rounded-circle text-white water-resistance-description-open-popup\" tabindex=\"0\" role=\"button\" aria-label=\"price information\" data-popin-id=\"water_resistance\" data-popin-title=\"Impermeabilit\u00e0\" data-uw-rm-kbnav=\"role\">i<\/span><\/td>\n<\/tr>\n<tr>\n<th class=\"pl-0 pr-5 text-left vertical-align-top\" scope=\"row\">Lunette<\/th>\n<td class=\"vertical-align-top\">Unidirectionnel avec arr\u00eat<\/td>\n<\/tr>\n<tr>\n<th class=\"pl-0 pr-5 text-left vertical-align-top\" scope=\"row\">Couronne<\/th>\n<td class=\"vertical-align-top\">Vis, deux joints<\/td>\n<\/tr>\n<tr>\n<th class=\"pl-0 pr-5 text-left vertical-align-top\" scope=\"row\">Verre<\/th>\n<td class=\"vertical-align-top\">Saphir convexe, antireflet sur les deux faces<\/td>\n<\/tr>\n<\/tbody>\n<\/table>\n<\/div>\n<div class=\"content-technical-data mt-15 pb-10\">\n<h3 class=\"font-weight-bold title\">Dimensions<\/h3>\n<table class=\"mt-10 w-100\">\n<tbody>\n<tr>\n<th class=\"pl-0 pr-5 text-left vertical-align-top\" scope=\"row\">Poids du produit (approx.)<\/th>\n<td class=\"vertical-align-top\">114,0 g<\/td>\n<\/tr>\n<tr>\n<th class=\"pl-0 pr-5 text-left vertical-align-top\" scope=\"row\">Poids de la t\u00eate de montre (approx.)<\/th>\n<td class=\"vertical-align-top\">91,7 g.<\/td>\n<\/tr>\n<tr>\n<th class=\"pl-0 pr-5 text-left vertical-align-top\" scope=\"row\">Diam\u00e8tre<\/th>\n<td class=\"vertical-align-top\">42,0 mm<\/td>\n<\/tr>\n<tr>\n<th class=\"pl-0 pr-5 text-left vertical-align-top\" scope=\"row\">\u00c9paisseur<\/th>\n<td class=\"vertical-align-top\">12,1 mm<\/td>\n<\/tr>\n<tr>\n<th class=\"pl-0 pr-5 text-left vertical-align-top\" scope=\"row\">Hauteur (de l&#8217;extr\u00e9mit\u00e9 sup\u00e9rieure de la boucle \u00e0 l&#8217;extr\u00e9mit\u00e9 inf\u00e9rieure de la boucle)<\/th>\n<td class=\"vertical-align-top\">51,2 mm<\/td>\n<\/tr>\n<tr>\n<th class=\"pl-0 pr-5 text-left vertical-align-top\" scope=\"row\">Largeur de l&#8217;ailette (boucle interm\u00e9diaire)<\/th>\n<td class=\"vertical-align-top\">22,0 mm<\/td>\n<\/tr>\n<\/tbody>\n<\/table>\n<\/div>\n<div class=\"content-technical-data mt-15 pb-10\">\n<h3 class=\"font-weight-bold title\">Courroie<\/h3>\n<table class=\"mt-10 w-100\">\n<tbody>\n<tr>\n<th class=\"pl-0 pr-5 text-left vertical-align-top\" scope=\"row\">Mat\u00e9riau de la sangle<\/th>\n<td class=\"vertical-align-top\">Cuir de veau<\/td>\n<\/tr>\n<tr>\n<th class=\"pl-0 pr-5 text-left vertical-align-top\" scope=\"row\">Couleur du bracelet<\/th>\n<td class=\"vertical-align-top\">Noir<\/td>\n<\/tr>\n<tr>\n<th class=\"pl-0 pr-5 text-left vertical-align-top\" scope=\"row\">Type de sangle<\/th>\n<td class=\"vertical-align-top\">Droit<\/td>\n<\/tr>\n<tr>\n<th class=\"pl-0 pr-5 text-left vertical-align-top\" scope=\"row\">Distance entre les boucles<\/th>\n<td class=\"vertical-align-top\">22\/20 mm<\/td>\n<\/tr>\n<tr>\n<th class=\"pl-0 pr-5 text-left vertical-align-top\" scope=\"row\">Mat\u00e9riau de la boucle<\/th>\n<td class=\"vertical-align-top\">Acier inoxydable<\/td>\n<\/tr>\n<tr>\n<th class=\"pl-0 pr-5 text-left vertical-align-top\" scope=\"row\">Clip<\/th>\n<td class=\"vertical-align-top\">Pliable<\/td>\n<\/tr>\n<tr>\n<th class=\"pl-0 pr-5 text-left vertical-align-top\" scope=\"row\">Taille de la boucle<\/th>\n<td class=\"vertical-align-top\">20 mm<\/td>\n<\/tr>\n<\/tbody>\n<\/table>\n<\/div>\n","protected":false},"excerpt":{"rendered":"<p>Breitling Avenger noir 42 ref. A17328101B1X1 Mouvement Calibre Breitling 17 Mouvement Remontage m\u00e9canique, automatique R\u00e9serve de fonctionnement Environ 38 heures Alternance 28 800 a\/h Rubis 25 rubis Calendrier Une fen\u00eatre dans le cadran Cas Mat\u00e9riau de l&#8217;\u00e9tui Acier inoxydable Imperm\u00e9able \u00e0 l&#8217;eau 300 m\u00e8tres i Lunette Unidirectionnel avec arr\u00eat Couronne Vis, deux joints Verre Saphir [&hellip;]<\/p>\n","protected":false},"featured_media":90006,"template":"","meta":{"_crdt_document":"","advanced_seo_description":"","jetpack_seo_html_title":"","jetpack_seo_noindex":false},"product_brand":[],"product_cat":[2657],"product_tag":[2674],"berocket_brand":[],"woo-feed-brand":[],"class_list":{"0":"post-90009","1":"product","2":"type-product","3":"status-publish","4":"has-post-thumbnail","6":"product_cat-breitling-fr","7":"product_tag-vengeur","9":"first","10":"instock","11":"sale","12":"taxable","13":"shipping-taxable","14":"purchasable","15":"product-type-simple"},"bundled_by":[],"bundle_stock_status":"instock","bundle_stock_quantity":1,"bundle_virtual":false,"bundle_layout":"","bundle_add_to_cart_form_location":"","bundle_editable_in_cart":false,"bundle_sold_individually_context":"","bundle_item_grouping":"","bundle_min_size":"","bundle_max_size":"","bundle_price":[],"bundled_items":[],"bundle_sell_ids":[],"group_of_quantity":0,"min_quantity":0,"max_quantity":"","exclude_order_quantity_value_rules":"no","exclude_category_quantity_rules":"no","combine_variations":"no","jetpack_sharing_enabled":true,"jetpack_likes_enabled":true,"_links":{"self":[{"href":"https:\/\/watchdeluxe.it\/fr\/wp-json\/wp\/v2\/product\/90009","targetHints":{"allow":["GET"]}}],"collection":[{"href":"https:\/\/watchdeluxe.it\/fr\/wp-json\/wp\/v2\/product"}],"about":[{"href":"https:\/\/watchdeluxe.it\/fr\/wp-json\/wp\/v2\/types\/product"}],"wp:featuredmedia":[{"embeddable":true,"href":"https:\/\/watchdeluxe.it\/fr\/wp-json\/wp\/v2\/media\/90006"}],"wp:attachment":[{"href":"https:\/\/watchdeluxe.it\/fr\/wp-json\/wp\/v2\/media?parent=90009"}],"wp:term":[{"taxonomy":"product_brand","embeddable":true,"href":"https:\/\/watchdeluxe.it\/fr\/wp-json\/wp\/v2\/product_brand?post=90009"},{"taxonomy":"product_cat","embeddable":true,"href":"https:\/\/watchdeluxe.it\/fr\/wp-json\/wp\/v2\/product_cat?post=90009"},{"taxonomy":"product_tag","embeddable":true,"href":"https:\/\/watchdeluxe.it\/fr\/wp-json\/wp\/v2\/product_tag?post=90009"},{"taxonomy":"berocket_brand","embeddable":true,"href":"https:\/\/watchdeluxe.it\/fr\/wp-json\/wp\/v2\/berocket_brand?post=90009"},{"taxonomy":"woo-feed-brand","embeddable":true,"href":"https:\/\/watchdeluxe.it\/fr\/wp-json\/wp\/v2\/woo-feed-brand?post=90009"}],"curies":[{"name":"wp","href":"https:\/\/api.w.org\/{rel}","templated":true}]}}