{"id":89938,"date":"2024-01-10T16:25:44","date_gmt":"2024-01-10T15:25:44","guid":{"rendered":"https:\/\/watchdeluxe.it\/prodotto\/breitling-avenger-gmt-44-ref-a32320101c1x1\/"},"modified":"2025-07-14T18:14:14","modified_gmt":"2025-07-14T16:14:14","slug":"breitling-avenger-gmt-44-ref-a32320101c1x1","status":"publish","type":"product","link":"https:\/\/watchdeluxe.it\/fr\/prodotto\/breitling-avenger-gmt-44-ref-a32320101c1x1\/","title":{"rendered":"Breitling Avenger GMT 44 ref. A32320101C1X1"},"content":{"rendered":"<p>Breitling Avenger GMT 44 ref. A32320101C1X1<\/p>\n<div class=\"content-technical-data mt-15 pb-10\">\n<h3 class=\"font-weight-bold title\">Mouvement<\/h3>\n<table class=\"mt-10 w-100\">\n<tbody>\n<tr>\n<th class=\"pl-0 pr-5 text-left vertical-align-top\" scope=\"row\">Calibre<\/th>\n<td class=\"vertical-align-top\">Breitling 32<\/td>\n<\/tr>\n<tr>\n<th class=\"pl-0 pr-5 text-left vertical-align-top\" scope=\"row\">Mouvement<\/th>\n<td class=\"vertical-align-top\">M\u00e9canique, remontage automatique, 2\u00e8me et 3\u00e8me fuseaux horaires (24H)<\/td>\n<\/tr>\n<tr>\n<th class=\"pl-0 pr-5 text-left vertical-align-top\" scope=\"row\">R\u00e9serve de fonctionnement<\/th>\n<td class=\"vertical-align-top\">Environ 42 heures<\/td>\n<\/tr>\n<tr>\n<th class=\"pl-0 pr-5 text-left vertical-align-top\" scope=\"row\">Alternance<\/th>\n<td class=\"vertical-align-top\">28 800 a\/h<\/td>\n<\/tr>\n<tr>\n<th class=\"pl-0 pr-5 text-left vertical-align-top\" scope=\"row\">Rubis<\/th>\n<td class=\"vertical-align-top\">25 rubis<\/td>\n<\/tr>\n<tr>\n<th class=\"pl-0 pr-5 text-left vertical-align-top\" scope=\"row\">Calendrier<\/th>\n<td class=\"vertical-align-top\">Une fen\u00eatre dans le cadran<\/td>\n<\/tr>\n<\/tbody>\n<\/table>\n<\/div>\n<div class=\"content-technical-data mt-15 pb-10\">\n<h3 class=\"font-weight-bold title\">Cas<\/h3>\n<table class=\"mt-10 w-100\">\n<tbody>\n<tr>\n<th class=\"pl-0 pr-5 text-left vertical-align-top\" scope=\"row\">Mat\u00e9riau de l&#8217;\u00e9tui<\/th>\n<td class=\"vertical-align-top\">Acier inoxydable<\/td>\n<\/tr>\n<tr>\n<th class=\"pl-0 pr-5 text-left vertical-align-top\" scope=\"row\">Fondocassa<\/th>\n<td class=\"vertical-align-top\">Viss\u00e9<\/td>\n<\/tr>\n<tr>\n<th class=\"pl-0 pr-5 text-left vertical-align-top\" scope=\"row\">Imperm\u00e9able \u00e0 l&#8217;eau<\/th>\n<td class=\"vertical-align-top\">300 m\u00e8tres <span class=\"align-items-center bg-primary-yellow cursor-pointer d-flex justify-content-center ml-5 rounded-circle text-white water-resistance-description-open-popup\" tabindex=\"0\" role=\"button\" aria-label=\"price information\" data-popin-id=\"water_resistance\" data-popin-title=\"Impermeabilit\u00e0\" data-uw-rm-kbnav=\"role\">i<\/span><\/td>\n<\/tr>\n<tr>\n<th class=\"pl-0 pr-5 text-left vertical-align-top\" scope=\"row\">Lunette<\/th>\n<td class=\"vertical-align-top\">Lunette tournante \u00e0 cr\u00e9maill\u00e8re avec affichage des 24 fuseaux horaires<\/td>\n<\/tr>\n<tr>\n<th class=\"pl-0 pr-5 text-left vertical-align-top\" scope=\"row\">Couronne<\/th>\n<td class=\"vertical-align-top\">Vis, deux joints<\/td>\n<\/tr>\n<tr>\n<th class=\"pl-0 pr-5 text-left vertical-align-top\" scope=\"row\">Verre<\/th>\n<td class=\"vertical-align-top\">Saphir convexe, antireflet sur les deux faces<\/td>\n<\/tr>\n<\/tbody>\n<\/table>\n<\/div>\n<div class=\"content-technical-data mt-15 pb-10\">\n<h3 class=\"font-weight-bold title\">Dimensions<\/h3>\n<table class=\"mt-10 w-100\">\n<tbody>\n<tr>\n<th class=\"pl-0 pr-5 text-left vertical-align-top\" scope=\"row\">Poids du produit (approx.)<\/th>\n<td class=\"vertical-align-top\">122,0 g<\/td>\n<\/tr>\n<tr>\n<th class=\"pl-0 pr-5 text-left vertical-align-top\" scope=\"row\">Poids de la t\u00eate de montre (approx.)<\/th>\n<td class=\"vertical-align-top\">99,5 g.<\/td>\n<\/tr>\n<tr>\n<th class=\"pl-0 pr-5 text-left vertical-align-top\" scope=\"row\">Diam\u00e8tre<\/th>\n<td class=\"vertical-align-top\">44,0 mm<\/td>\n<\/tr>\n<tr>\n<th class=\"pl-0 pr-5 text-left vertical-align-top\" scope=\"row\">\u00c9paisseur<\/th>\n<td class=\"vertical-align-top\">12,0 mm<\/td>\n<\/tr>\n<tr>\n<th class=\"pl-0 pr-5 text-left vertical-align-top\" scope=\"row\">Hauteur (de l&#8217;extr\u00e9mit\u00e9 sup\u00e9rieure de la boucle \u00e0 l&#8217;extr\u00e9mit\u00e9 inf\u00e9rieure de la boucle)<\/th>\n<td class=\"vertical-align-top\">53,0 mm<\/td>\n<\/tr>\n<tr>\n<th class=\"pl-0 pr-5 text-left vertical-align-top\" scope=\"row\">Largeur de l&#8217;ailette (boucle interm\u00e9diaire)<\/th>\n<td class=\"vertical-align-top\">22,0 mm<\/td>\n<\/tr>\n<\/tbody>\n<\/table>\n<\/div>\n<div class=\"content-technical-data mt-15 pb-10\">\n<h3 class=\"font-weight-bold title\">Courroie<\/h3>\n<table class=\"mt-10 w-100\">\n<tbody>\n<tr>\n<th class=\"pl-0 pr-5 text-left vertical-align-top\" scope=\"row\">Mat\u00e9riau de la sangle<\/th>\n<td class=\"vertical-align-top\">Cuir de veau<\/td>\n<\/tr>\n<tr>\n<th class=\"pl-0 pr-5 text-left vertical-align-top\" scope=\"row\">Couleur du bracelet<\/th>\n<td class=\"vertical-align-top\">Bleu<\/td>\n<\/tr>\n<tr>\n<th class=\"pl-0 pr-5 text-left vertical-align-top\" scope=\"row\">Type de sangle<\/th>\n<td class=\"vertical-align-top\">Droit<\/td>\n<\/tr>\n<tr>\n<th class=\"pl-0 pr-5 text-left vertical-align-top\" scope=\"row\">Distance entre les boucles<\/th>\n<td class=\"vertical-align-top\">22\/20 mm<\/td>\n<\/tr>\n<tr>\n<th class=\"pl-0 pr-5 text-left vertical-align-top\" scope=\"row\">Mat\u00e9riau de la boucle<\/th>\n<td class=\"vertical-align-top\">Acier inoxydable<\/td>\n<\/tr>\n<tr>\n<th class=\"pl-0 pr-5 text-left vertical-align-top\" scope=\"row\">Clip<\/th>\n<td class=\"vertical-align-top\">Pliable<\/td>\n<\/tr>\n<tr>\n<th class=\"pl-0 pr-5 text-left vertical-align-top\" scope=\"row\">Taille de la boucle<\/th>\n<td class=\"vertical-align-top\">20 mm<\/td>\n<\/tr>\n<\/tbody>\n<\/table>\n<\/div>\n","protected":false},"excerpt":{"rendered":"<p>Breitling Avenger GMT 44 ref. A32320101C1X1 Mouvement Calibre Breitling 32 Mouvement M\u00e9canique, remontage automatique, 2\u00e8me et 3\u00e8me fuseaux horaires (24H) R\u00e9serve de fonctionnement Environ 42 heures Alternance 28 800 a\/h Rubis 25 rubis Calendrier Une fen\u00eatre dans le cadran Cas Mat\u00e9riau de l&#8217;\u00e9tui Acier inoxydable Fondocassa Viss\u00e9 Imperm\u00e9able \u00e0 l&#8217;eau 300 m\u00e8tres i Lunette Lunette [&hellip;]<\/p>\n","protected":false},"featured_media":89934,"template":"","meta":{"_crdt_document":"","advanced_seo_description":"","jetpack_seo_html_title":"","jetpack_seo_noindex":false,"jetpack_post_was_ever_published":false},"product_brand":[2143],"product_cat":[2667],"product_tag":[2682,3781],"berocket_brand":[],"woo-feed-brand":[],"class_list":{"0":"post-89938","1":"product","2":"type-product","3":"status-publish","4":"has-post-thumbnail","6":"product_brand-breitling","7":"product_cat-breitling-en","8":"product_tag-avenger-en","9":"product_tag-gmt-en","11":"first","12":"instock","13":"sale","14":"taxable","15":"shipping-taxable","16":"purchasable","17":"product-type-simple"},"bundled_by":[],"bundle_stock_status":"instock","bundle_stock_quantity":1,"bundle_virtual":false,"bundle_layout":"","bundle_add_to_cart_form_location":"","bundle_editable_in_cart":false,"bundle_sold_individually_context":"","bundle_item_grouping":"","bundle_min_size":"","bundle_max_size":"","bundle_price":[],"bundled_items":[],"bundle_sell_ids":[],"group_of_quantity":0,"min_quantity":0,"max_quantity":"","exclude_order_quantity_value_rules":"no","exclude_category_quantity_rules":"no","combine_variations":"no","exclude_global_add_ons":[],"addons":[],"jetpack_sharing_enabled":true,"jetpack_likes_enabled":true,"_links":{"self":[{"href":"https:\/\/watchdeluxe.it\/fr\/wp-json\/wp\/v2\/product\/89938","targetHints":{"allow":["GET"]}}],"collection":[{"href":"https:\/\/watchdeluxe.it\/fr\/wp-json\/wp\/v2\/product"}],"about":[{"href":"https:\/\/watchdeluxe.it\/fr\/wp-json\/wp\/v2\/types\/product"}],"wp:featuredmedia":[{"embeddable":true,"href":"https:\/\/watchdeluxe.it\/fr\/wp-json\/wp\/v2\/media\/89934"}],"wp:attachment":[{"href":"https:\/\/watchdeluxe.it\/fr\/wp-json\/wp\/v2\/media?parent=89938"}],"wp:term":[{"taxonomy":"product_brand","embeddable":true,"href":"https:\/\/watchdeluxe.it\/fr\/wp-json\/wp\/v2\/product_brand?post=89938"},{"taxonomy":"product_cat","embeddable":true,"href":"https:\/\/watchdeluxe.it\/fr\/wp-json\/wp\/v2\/product_cat?post=89938"},{"taxonomy":"product_tag","embeddable":true,"href":"https:\/\/watchdeluxe.it\/fr\/wp-json\/wp\/v2\/product_tag?post=89938"},{"taxonomy":"berocket_brand","embeddable":true,"href":"https:\/\/watchdeluxe.it\/fr\/wp-json\/wp\/v2\/berocket_brand?post=89938"},{"taxonomy":"woo-feed-brand","embeddable":true,"href":"https:\/\/watchdeluxe.it\/fr\/wp-json\/wp\/v2\/woo-feed-brand?post=89938"}],"curies":[{"name":"wp","href":"https:\/\/api.w.org\/{rel}","templated":true}]}}