{"id":89630,"date":"2024-01-09T10:34:49","date_gmt":"2024-01-09T09:34:49","guid":{"rendered":"https:\/\/watchdeluxe.it\/prodotto\/hamilton-ventura-elvis80-skeleton-dragon-ref-h24535332\/"},"modified":"2026-04-01T10:06:46","modified_gmt":"2026-04-01T08:06:46","slug":"hamilton-ventura-elvis80-skeleton-dragon-ref-h24535332","status":"publish","type":"product","link":"https:\/\/watchdeluxe.it\/fr\/prodotto\/hamilton-ventura-elvis80-skeleton-dragon-ref-h24535332\/","title":{"rendered":"Hamilton Ventura Elvis80 Skeleton Dragon r\u00e9f. H24535332"},"content":{"rendered":"<p>Hamilton Ventura Elvis80 Skeleton Dragon r\u00e9f. H24535332<\/p>\n<ul class=\"row no-margin no-style-ul\">\n<li class=\"col col-1-2-m watch\">R\u00e9f\u00e9rence : H24535332<br \/>\nCalibre : H-10-S<br \/>\nCollection : Ventura<br \/>\nMouvement : Remontage automatique<br \/>\nDimensions du bo\u00eetier : 42,5 mm x 44,6 mm<br \/>\n\u00c9paisseur (mm) : 12,3<br \/>\nCouleur du cadran : Noir<br \/>\nMat\u00e9riau du bo\u00eetier : Acier<br \/>\nRev\u00eatement : PVD noir<br \/>\nVerre : Saphir<br \/>\nLargeur d\u2019entre-corne : 20,4 mm<br \/>\nR\u00e9serve de marche : 80 heures<br \/>\n\u00c9tanch\u00e9it\u00e9 : 5 bar (50 m)<br \/>\nAntireflet : Oui<br \/>\nFond transparent : Oui<br \/>\nNivachron : Oui<\/li>\n<li class=\"col col-1-2-m strap\">\n<h4 aria-level=\"2\">BRACELET\/BRACELET<\/h4>\n<p>Accessoire REF : H6000001701<br \/>\nType de bracelet : caoutchouc<br \/>\nType de boucle : Boucle \u00e0 ardillon<br \/>\nLargeur de la boucle : 18mm<\/li>\n<\/ul>\n<p>&nbsp;<\/p>\n<h4 aria-level=\"2\">H-10-S<\/h4>\n<ul>\n<li>Remontage automatique &#8211; Trois aiguilles &#8211; R\u00e9serve de marche prolong\u00e9e de 80 heures &#8211; Mouvement squelette avec d\u00e9cor C\u00f4tes de Gen\u00e8ve<\/li>\n<\/ul>\n","protected":false},"excerpt":{"rendered":"<p>Hamilton Ventura Elvis80 Skeleton Dragon r\u00e9f. H24535332 R\u00e9f\u00e9rence : H24535332 Calibre : H-10-S Collection : Ventura Mouvement : Remontage automatique Dimensions du bo\u00eetier : 42,5 mm x 44,6 mm \u00c9paisseur (mm) : 12,3 Couleur du cadran : Noir Mat\u00e9riau du bo\u00eetier : Acier Rev\u00eatement : PVD noir Verre : Saphir Largeur d\u2019entre-corne : 20,4 mm [&hellip;]<\/p>\n","protected":false},"featured_media":89626,"template":"","meta":{"_crdt_document":"","advanced_seo_description":"","jetpack_seo_html_title":"","jetpack_seo_noindex":false},"product_brand":[],"product_cat":[2292],"product_tag":[4144],"berocket_brand":[],"woo-feed-brand":[],"class_list":{"0":"post-89630","1":"product","2":"type-product","3":"status-publish","4":"has-post-thumbnail","6":"product_cat-hamilton-fr","7":"product_tag-elvis80-fr","9":"first","10":"instock","11":"sale","12":"taxable","13":"shipping-taxable","14":"purchasable","15":"product-type-simple"},"bundled_by":[],"bundle_stock_status":"instock","bundle_stock_quantity":1,"bundle_virtual":false,"bundle_layout":"","bundle_add_to_cart_form_location":"","bundle_editable_in_cart":false,"bundle_sold_individually_context":"","bundle_item_grouping":"","bundle_min_size":"","bundle_max_size":"","bundle_price":[],"bundled_items":[],"bundle_sell_ids":[],"group_of_quantity":0,"min_quantity":0,"max_quantity":"","exclude_order_quantity_value_rules":"no","exclude_category_quantity_rules":"no","combine_variations":"no","jetpack_sharing_enabled":true,"jetpack_likes_enabled":true,"_links":{"self":[{"href":"https:\/\/watchdeluxe.it\/fr\/wp-json\/wp\/v2\/product\/89630","targetHints":{"allow":["GET"]}}],"collection":[{"href":"https:\/\/watchdeluxe.it\/fr\/wp-json\/wp\/v2\/product"}],"about":[{"href":"https:\/\/watchdeluxe.it\/fr\/wp-json\/wp\/v2\/types\/product"}],"wp:featuredmedia":[{"embeddable":true,"href":"https:\/\/watchdeluxe.it\/fr\/wp-json\/wp\/v2\/media\/89626"}],"wp:attachment":[{"href":"https:\/\/watchdeluxe.it\/fr\/wp-json\/wp\/v2\/media?parent=89630"}],"wp:term":[{"taxonomy":"product_brand","embeddable":true,"href":"https:\/\/watchdeluxe.it\/fr\/wp-json\/wp\/v2\/product_brand?post=89630"},{"taxonomy":"product_cat","embeddable":true,"href":"https:\/\/watchdeluxe.it\/fr\/wp-json\/wp\/v2\/product_cat?post=89630"},{"taxonomy":"product_tag","embeddable":true,"href":"https:\/\/watchdeluxe.it\/fr\/wp-json\/wp\/v2\/product_tag?post=89630"},{"taxonomy":"berocket_brand","embeddable":true,"href":"https:\/\/watchdeluxe.it\/fr\/wp-json\/wp\/v2\/berocket_brand?post=89630"},{"taxonomy":"woo-feed-brand","embeddable":true,"href":"https:\/\/watchdeluxe.it\/fr\/wp-json\/wp\/v2\/woo-feed-brand?post=89630"}],"curies":[{"name":"wp","href":"https:\/\/api.w.org\/{rel}","templated":true}]}}