{"id":89576,"date":"2024-01-09T10:11:40","date_gmt":"2024-01-09T09:11:40","guid":{"rendered":"https:\/\/watchdeluxe.it\/prodotto\/montblanc-set-de-toilette-sartorial-ref-131720\/"},"modified":"2026-01-16T11:51:34","modified_gmt":"2026-01-16T10:51:34","slug":"montblanc-set-de-toilette-sartorial-ref-131720","status":"publish","type":"product","link":"https:\/\/watchdeluxe.it\/fr\/prodotto\/montblanc-set-de-toilette-sartorial-ref-131720\/","title":{"rendered":"Montblanc Set de Toilette Sartorial Ref. 131720"},"content":{"rendered":"<p>Montblanc Set de Toilette Sartorial Ref. 131720<\/p>\n<p>En vacances ou en voyage d&#8217;affaires, l&#8217;\u00e9l\u00e9gante trousse de toilette Sartorial vous accompagnera pendant des ann\u00e9es. R\u00e9alis\u00e9 en cuir imprim\u00e9 safran, il est dot\u00e9 d&#8217;un int\u00e9rieur spacieux et d&#8217;une poche ext\u00e9rieure zipp\u00e9e o\u00f9 vous pourrez ranger vos affaires en toute s\u00e9curit\u00e9. Il peut \u00eatre port\u00e9 \u00e0 la main ou en pochette dans un sac \u00e0 main.<\/p>\n<p>Dimensions : 235 x 110 x H 140.<\/p>\n","protected":false},"excerpt":{"rendered":"<p>Montblanc Set de Toilette Sartorial Ref. 131720 En vacances ou en voyage d&#8217;affaires, l&#8217;\u00e9l\u00e9gante trousse de toilette Sartorial vous accompagnera pendant des ann\u00e9es. R\u00e9alis\u00e9 en cuir imprim\u00e9 safran, il est dot\u00e9 d&#8217;un int\u00e9rieur spacieux et d&#8217;une poche ext\u00e9rieure zipp\u00e9e o\u00f9 vous pourrez ranger vos affaires en toute s\u00e9curit\u00e9. Il peut \u00eatre port\u00e9 \u00e0 la main [&hellip;]<\/p>\n","protected":false},"featured_media":89572,"template":"","meta":{"_crdt_document":"","advanced_seo_description":"","jetpack_seo_html_title":"","jetpack_seo_noindex":false},"product_brand":[1907],"product_cat":[2241],"product_tag":[3131],"berocket_brand":[],"woo-feed-brand":[],"class_list":{"0":"post-89576","1":"product","2":"type-product","3":"status-publish","4":"has-post-thumbnail","6":"product_brand-montblanc","7":"product_cat-montblanc-fr","8":"product_tag-trousse-fr","10":"first","11":"instock","12":"sale","13":"taxable","14":"shipping-taxable","15":"purchasable","16":"product-type-simple"},"bundled_by":[],"bundle_stock_status":"instock","bundle_stock_quantity":null,"bundle_virtual":false,"bundle_layout":"","bundle_add_to_cart_form_location":"","bundle_editable_in_cart":false,"bundle_sold_individually_context":"","bundle_item_grouping":"","bundle_min_size":"","bundle_max_size":"","bundle_price":[],"bundled_items":[],"bundle_sell_ids":[],"group_of_quantity":0,"min_quantity":0,"max_quantity":"","exclude_order_quantity_value_rules":"no","exclude_category_quantity_rules":"no","combine_variations":"no","jetpack_sharing_enabled":true,"jetpack_likes_enabled":true,"_links":{"self":[{"href":"https:\/\/watchdeluxe.it\/fr\/wp-json\/wp\/v2\/product\/89576","targetHints":{"allow":["GET"]}}],"collection":[{"href":"https:\/\/watchdeluxe.it\/fr\/wp-json\/wp\/v2\/product"}],"about":[{"href":"https:\/\/watchdeluxe.it\/fr\/wp-json\/wp\/v2\/types\/product"}],"wp:featuredmedia":[{"embeddable":true,"href":"https:\/\/watchdeluxe.it\/fr\/wp-json\/wp\/v2\/media\/89572"}],"wp:attachment":[{"href":"https:\/\/watchdeluxe.it\/fr\/wp-json\/wp\/v2\/media?parent=89576"}],"wp:term":[{"taxonomy":"product_brand","embeddable":true,"href":"https:\/\/watchdeluxe.it\/fr\/wp-json\/wp\/v2\/product_brand?post=89576"},{"taxonomy":"product_cat","embeddable":true,"href":"https:\/\/watchdeluxe.it\/fr\/wp-json\/wp\/v2\/product_cat?post=89576"},{"taxonomy":"product_tag","embeddable":true,"href":"https:\/\/watchdeluxe.it\/fr\/wp-json\/wp\/v2\/product_tag?post=89576"},{"taxonomy":"berocket_brand","embeddable":true,"href":"https:\/\/watchdeluxe.it\/fr\/wp-json\/wp\/v2\/berocket_brand?post=89576"},{"taxonomy":"woo-feed-brand","embeddable":true,"href":"https:\/\/watchdeluxe.it\/fr\/wp-json\/wp\/v2\/woo-feed-brand?post=89576"}],"curies":[{"name":"wp","href":"https:\/\/api.w.org\/{rel}","templated":true}]}}