{"id":89293,"date":"2025-11-05T10:16:24","date_gmt":"2025-11-05T09:16:24","guid":{"rendered":"https:\/\/watchdeluxe.it\/prodotto\/montblanc-etui-a-passeport-meisterstuck-selection-soft-ottanium-ref-131263\/"},"modified":"2025-11-05T10:16:27","modified_gmt":"2025-11-05T09:16:27","slug":"montblanc-etui-a-passeport-meisterstuck-selection-soft-ottanium-ref-131263","status":"publish","type":"product","link":"https:\/\/watchdeluxe.it\/fr\/prodotto\/montblanc-etui-a-passeport-meisterstuck-selection-soft-ottanium-ref-131263\/","title":{"rendered":"Montblanc \u00e9tui \u00e0 passeport Meisterst\u00fcck Selection Soft ottanium ref. 131263"},"content":{"rendered":"<p>Montblanc \u00e9tui \u00e0 passeport Meisterst\u00fcck Selection Soft ottanium ref. 131263<\/p>\n<p><span class=\"value\">L&#8217;\u00e9tui \u00e0 passeport Meisterst\u00fcck Selection Soft est un compagnon \u00e9l\u00e9gant pour les voyages d&#8217;affaires et de loisirs. Le design raffin\u00e9 pr\u00e9sente une silhouette contemporaine en forme d&#8217;enveloppe en cuir souple. L&#8217;ext\u00e9rieur comporte \u00e9galement une poche ouverte pour les petits objets, pour une fonctionnalit\u00e9 maximale.<\/span><\/p>\n","protected":false},"excerpt":{"rendered":"<p>Montblanc \u00e9tui \u00e0 passeport Meisterst\u00fcck Selection Soft ottanium ref. 131263 L&#8217;\u00e9tui \u00e0 passeport Meisterst\u00fcck Selection Soft est un compagnon \u00e9l\u00e9gant pour les voyages d&#8217;affaires et de loisirs. Le design raffin\u00e9 pr\u00e9sente une silhouette contemporaine en forme d&#8217;enveloppe en cuir souple. L&#8217;ext\u00e9rieur comporte \u00e9galement une poche ouverte pour les petits objets, pour une fonctionnalit\u00e9 maximale.<\/p>\n","protected":false},"featured_media":89289,"template":"","meta":{"_crdt_document":"","advanced_seo_description":"","jetpack_seo_html_title":"","jetpack_seo_noindex":false},"product_brand":[1907],"product_cat":[1929],"product_tag":[1548],"berocket_brand":[],"woo-feed-brand":[],"class_list":{"0":"post-89293","1":"product","2":"type-product","3":"status-publish","4":"has-post-thumbnail","6":"product_brand-montblanc","7":"product_cat-montblanc","8":"product_tag-portadocumenti","10":"first","11":"instock","12":"sale","13":"taxable","14":"shipping-taxable","15":"purchasable","16":"product-type-simple"},"bundled_by":[],"bundle_stock_status":"instock","bundle_stock_quantity":1,"bundle_virtual":false,"bundle_layout":"","bundle_add_to_cart_form_location":"","bundle_editable_in_cart":false,"bundle_sold_individually_context":"","bundle_item_grouping":"","bundle_min_size":"","bundle_max_size":"","bundle_price":[],"bundled_items":[],"bundle_sell_ids":[],"group_of_quantity":0,"min_quantity":0,"max_quantity":"","exclude_order_quantity_value_rules":"no","exclude_category_quantity_rules":"no","combine_variations":"no","exclude_global_add_ons":[],"addons":[],"jetpack_sharing_enabled":true,"jetpack_likes_enabled":true,"_links":{"self":[{"href":"https:\/\/watchdeluxe.it\/fr\/wp-json\/wp\/v2\/product\/89293","targetHints":{"allow":["GET"]}}],"collection":[{"href":"https:\/\/watchdeluxe.it\/fr\/wp-json\/wp\/v2\/product"}],"about":[{"href":"https:\/\/watchdeluxe.it\/fr\/wp-json\/wp\/v2\/types\/product"}],"wp:featuredmedia":[{"embeddable":true,"href":"https:\/\/watchdeluxe.it\/fr\/wp-json\/wp\/v2\/media\/89289"}],"wp:attachment":[{"href":"https:\/\/watchdeluxe.it\/fr\/wp-json\/wp\/v2\/media?parent=89293"}],"wp:term":[{"taxonomy":"product_brand","embeddable":true,"href":"https:\/\/watchdeluxe.it\/fr\/wp-json\/wp\/v2\/product_brand?post=89293"},{"taxonomy":"product_cat","embeddable":true,"href":"https:\/\/watchdeluxe.it\/fr\/wp-json\/wp\/v2\/product_cat?post=89293"},{"taxonomy":"product_tag","embeddable":true,"href":"https:\/\/watchdeluxe.it\/fr\/wp-json\/wp\/v2\/product_tag?post=89293"},{"taxonomy":"berocket_brand","embeddable":true,"href":"https:\/\/watchdeluxe.it\/fr\/wp-json\/wp\/v2\/berocket_brand?post=89293"},{"taxonomy":"woo-feed-brand","embeddable":true,"href":"https:\/\/watchdeluxe.it\/fr\/wp-json\/wp\/v2\/woo-feed-brand?post=89293"}],"curies":[{"name":"wp","href":"https:\/\/api.w.org\/{rel}","templated":true}]}}