{"id":89175,"date":"2024-01-03T14:53:43","date_gmt":"2024-01-03T13:53:43","guid":{"rendered":"https:\/\/watchdeluxe.it\/prodotto\/montblanc-35-mm-ceinture-reversible-en-cuir-vert-ref-129440\/"},"modified":"2024-01-03T14:53:43","modified_gmt":"2024-01-03T13:53:43","slug":"montblanc-35-mm-ceinture-reversible-en-cuir-vert-ref-129440","status":"publish","type":"product","link":"https:\/\/watchdeluxe.it\/fr\/prodotto\/montblanc-35-mm-ceinture-reversible-en-cuir-vert-ref-129440\/","title":{"rendered":"Montblanc 35 mm ceinture r\u00e9versible en cuir vert ref. 129440"},"content":{"rendered":"<p>Montblanc 35 mm ceinture r\u00e9versible en cuir vert ref. 129440<\/p>\n<p><span class=\"value\">Combinant astucieusement des \u00e9l\u00e9ments classiques et un style contemporain, cet accessoire apporte une touche raffin\u00e9e aux looks masculins. La boucle \u00e0 ardillon en forme de fer \u00e0 cheval est fabriqu\u00e9e en acier de haute qualit\u00e9 et comporte un embl\u00e8me d\u00e9coratif des deux c\u00f4t\u00e9s. La sangle auto-ajustable est d&#8217;une couleur diff\u00e9rente de chaque c\u00f4t\u00e9, ce qui permet de varier les styles.<\/span><\/p>\n<p><span class=\"length first\"> <span class=\"key\">Dimensions<\/span> 1200 <\/span> <span class=\"width\"> 35 <\/span> <span class=\"height last\"> 5 <span class=\"unit\">mm<\/span> <\/span><\/p>\n","protected":false},"excerpt":{"rendered":"<p>Montblanc 35 mm ceinture r\u00e9versible en cuir vert ref. 129440 Combinant astucieusement des \u00e9l\u00e9ments classiques et un style contemporain, cet accessoire apporte une touche raffin\u00e9e aux looks masculins. La boucle \u00e0 ardillon en forme de fer \u00e0 cheval est fabriqu\u00e9e en acier de haute qualit\u00e9 et comporte un embl\u00e8me d\u00e9coratif des deux c\u00f4t\u00e9s. La sangle [&hellip;]<\/p>\n","protected":false},"featured_media":89171,"template":"","meta":{"_crdt_document":"","advanced_seo_description":"","jetpack_seo_html_title":"","jetpack_seo_noindex":false},"product_brand":[1907],"product_cat":[2241],"product_tag":[2270],"berocket_brand":[],"woo-feed-brand":[],"class_list":{"0":"post-89175","1":"product","2":"type-product","3":"status-publish","4":"has-post-thumbnail","6":"product_brand-montblanc","7":"product_cat-montblanc-fr","8":"product_tag-ceintures","10":"first","11":"instock","12":"sale","13":"taxable","14":"shipping-taxable","15":"purchasable","16":"product-type-simple"},"bundled_by":[],"bundle_stock_status":"instock","bundle_stock_quantity":1,"bundle_virtual":false,"bundle_layout":"","bundle_add_to_cart_form_location":"","bundle_editable_in_cart":false,"bundle_sold_individually_context":"","bundle_item_grouping":"","bundle_min_size":"","bundle_max_size":"","bundle_price":[],"bundled_items":[],"bundle_sell_ids":[],"group_of_quantity":0,"min_quantity":0,"max_quantity":"","exclude_order_quantity_value_rules":"no","exclude_category_quantity_rules":"no","combine_variations":"no","jetpack_sharing_enabled":true,"jetpack_likes_enabled":true,"_links":{"self":[{"href":"https:\/\/watchdeluxe.it\/fr\/wp-json\/wp\/v2\/product\/89175","targetHints":{"allow":["GET"]}}],"collection":[{"href":"https:\/\/watchdeluxe.it\/fr\/wp-json\/wp\/v2\/product"}],"about":[{"href":"https:\/\/watchdeluxe.it\/fr\/wp-json\/wp\/v2\/types\/product"}],"wp:featuredmedia":[{"embeddable":true,"href":"https:\/\/watchdeluxe.it\/fr\/wp-json\/wp\/v2\/media\/89171"}],"wp:attachment":[{"href":"https:\/\/watchdeluxe.it\/fr\/wp-json\/wp\/v2\/media?parent=89175"}],"wp:term":[{"taxonomy":"product_brand","embeddable":true,"href":"https:\/\/watchdeluxe.it\/fr\/wp-json\/wp\/v2\/product_brand?post=89175"},{"taxonomy":"product_cat","embeddable":true,"href":"https:\/\/watchdeluxe.it\/fr\/wp-json\/wp\/v2\/product_cat?post=89175"},{"taxonomy":"product_tag","embeddable":true,"href":"https:\/\/watchdeluxe.it\/fr\/wp-json\/wp\/v2\/product_tag?post=89175"},{"taxonomy":"berocket_brand","embeddable":true,"href":"https:\/\/watchdeluxe.it\/fr\/wp-json\/wp\/v2\/berocket_brand?post=89175"},{"taxonomy":"woo-feed-brand","embeddable":true,"href":"https:\/\/watchdeluxe.it\/fr\/wp-json\/wp\/v2\/woo-feed-brand?post=89175"}],"curies":[{"name":"wp","href":"https:\/\/api.w.org\/{rel}","templated":true}]}}