{"id":89117,"date":"2025-11-05T10:36:15","date_gmt":"2025-11-05T09:36:15","guid":{"rendered":"https:\/\/watchdeluxe.it\/prodotto\/montblanc-elegant-ceinture-reversible-noir-marron-ref-123888\/"},"modified":"2025-11-05T10:36:17","modified_gmt":"2025-11-05T09:36:17","slug":"montblanc-elegant-ceinture-reversible-noir-marron-ref-123888","status":"publish","type":"product","link":"https:\/\/watchdeluxe.it\/fr\/prodotto\/montblanc-elegant-ceinture-reversible-noir-marron-ref-123888\/","title":{"rendered":"Montblanc Elegant ceinture r\u00e9versible noir-marron ref. 123888"},"content":{"rendered":"<p>Montblanc Elegant ceinture r\u00e9versible noir-marron ref. 123888<\/p>\n<p><span class=\"value\">Boucle \u00e0 ardillon en fer \u00e0 cheval en acier inoxydable poli et mat. Bracelet r\u00e9glable en cuir lisse bleu, 3,5 cm x 120 cm, avec une patine typique du cuir peint \u00e0 la main et un d\u00e9licat d\u00e9grad\u00e9 de couleurs. Con\u00e7u pour un look d\u00e9contract\u00e9 et \u00e9l\u00e9gant.<\/span><\/p>\n","protected":false},"excerpt":{"rendered":"<p>Montblanc Elegant ceinture r\u00e9versible noir-marron ref. 123888 Boucle \u00e0 ardillon en fer \u00e0 cheval en acier inoxydable poli et mat. Bracelet r\u00e9glable en cuir lisse bleu, 3,5 cm x 120 cm, avec une patine typique du cuir peint \u00e0 la main et un d\u00e9licat d\u00e9grad\u00e9 de couleurs. Con\u00e7u pour un look d\u00e9contract\u00e9 et \u00e9l\u00e9gant.<\/p>\n","protected":false},"featured_media":89113,"template":"","meta":{"_crdt_document":"","advanced_seo_description":"","jetpack_seo_html_title":"","jetpack_seo_noindex":false},"product_brand":[1907],"product_cat":[2241],"product_tag":[2270],"berocket_brand":[],"woo-feed-brand":[],"class_list":{"0":"post-89117","1":"product","2":"type-product","3":"status-publish","4":"has-post-thumbnail","6":"product_brand-montblanc","7":"product_cat-montblanc-fr","8":"product_tag-ceintures","10":"first","11":"instock","12":"sale","13":"taxable","14":"shipping-taxable","15":"purchasable","16":"product-type-simple"},"bundled_by":[],"bundle_stock_status":"instock","bundle_stock_quantity":1,"bundle_virtual":false,"bundle_layout":"","bundle_add_to_cart_form_location":"","bundle_editable_in_cart":false,"bundle_sold_individually_context":"","bundle_item_grouping":"","bundle_min_size":"","bundle_max_size":"","bundle_price":[],"bundled_items":[],"bundle_sell_ids":[],"group_of_quantity":0,"min_quantity":0,"max_quantity":"","exclude_order_quantity_value_rules":"no","exclude_category_quantity_rules":"no","combine_variations":"no","exclude_global_add_ons":[],"addons":[],"jetpack_sharing_enabled":true,"jetpack_likes_enabled":true,"_links":{"self":[{"href":"https:\/\/watchdeluxe.it\/fr\/wp-json\/wp\/v2\/product\/89117","targetHints":{"allow":["GET"]}}],"collection":[{"href":"https:\/\/watchdeluxe.it\/fr\/wp-json\/wp\/v2\/product"}],"about":[{"href":"https:\/\/watchdeluxe.it\/fr\/wp-json\/wp\/v2\/types\/product"}],"wp:featuredmedia":[{"embeddable":true,"href":"https:\/\/watchdeluxe.it\/fr\/wp-json\/wp\/v2\/media\/89113"}],"wp:attachment":[{"href":"https:\/\/watchdeluxe.it\/fr\/wp-json\/wp\/v2\/media?parent=89117"}],"wp:term":[{"taxonomy":"product_brand","embeddable":true,"href":"https:\/\/watchdeluxe.it\/fr\/wp-json\/wp\/v2\/product_brand?post=89117"},{"taxonomy":"product_cat","embeddable":true,"href":"https:\/\/watchdeluxe.it\/fr\/wp-json\/wp\/v2\/product_cat?post=89117"},{"taxonomy":"product_tag","embeddable":true,"href":"https:\/\/watchdeluxe.it\/fr\/wp-json\/wp\/v2\/product_tag?post=89117"},{"taxonomy":"berocket_brand","embeddable":true,"href":"https:\/\/watchdeluxe.it\/fr\/wp-json\/wp\/v2\/berocket_brand?post=89117"},{"taxonomy":"woo-feed-brand","embeddable":true,"href":"https:\/\/watchdeluxe.it\/fr\/wp-json\/wp\/v2\/woo-feed-brand?post=89117"}],"curies":[{"name":"wp","href":"https:\/\/api.w.org\/{rel}","templated":true}]}}