{"id":88940,"date":"2024-01-03T11:35:51","date_gmt":"2024-01-03T10:35:51","guid":{"rendered":"https:\/\/watchdeluxe.it\/prodotto\/montblanc-fineliner-starwalker-spaceblue-doue-ref-130216\/"},"modified":"2026-01-22T10:37:05","modified_gmt":"2026-01-22T09:37:05","slug":"montblanc-fineliner-starwalker-spaceblue-doue-ref-130216","status":"publish","type":"product","link":"https:\/\/watchdeluxe.it\/fr\/prodotto\/montblanc-fineliner-starwalker-spaceblue-doue-ref-130216\/","title":{"rendered":"Montblanc Fineliner Starwalker SpaceBlue Dou\u00e9 Ref. 130216"},"content":{"rendered":"<p>Montblanc Fineliner Starwalker SpaceBlue Dou\u00e9 Ref. 130216<\/p>\n<p>R\u00e9solument masculine et futuriste, cette nouvelle collection StarWalker pr\u00e9sente un nouveau look pour le corps en r\u00e9sine, avec un design rappelant les motifs complexes de la structure Widmanst\u00e4tten, l&#8217;une des cr\u00e9ations les plus hypnotiques de la nature. Le capuchon et les d\u00e9tails m\u00e9talliques pr\u00e9sentent une finition ruth\u00e9nium sombre, tandis que la r\u00e9sine fine et mate est d&#8217;un bleu spatial profond, rappelant les teintes d&#8217;un ciel \u00e9toil\u00e9. Le d\u00f4me sur le dessus du capuchon, dans lequel flotte l&#8217;embl\u00e8me de Montblanc, est \u00e9galement d&#8217;un bleu profond.<\/p>\n","protected":false},"excerpt":{"rendered":"<p>Montblanc Fineliner Starwalker SpaceBlue Dou\u00e9 Ref. 130216 R\u00e9solument masculine et futuriste, cette nouvelle collection StarWalker pr\u00e9sente un nouveau look pour le corps en r\u00e9sine, avec un design rappelant les motifs complexes de la structure Widmanst\u00e4tten, l&#8217;une des cr\u00e9ations les plus hypnotiques de la nature. Le capuchon et les d\u00e9tails m\u00e9talliques pr\u00e9sentent une finition ruth\u00e9nium sombre, [&hellip;]<\/p>\n","protected":false},"featured_media":88936,"template":"","meta":{"_crdt_document":"","advanced_seo_description":"","jetpack_seo_html_title":"","jetpack_seo_noindex":false},"product_brand":[1907],"product_cat":[2241],"product_tag":[2252],"berocket_brand":[],"woo-feed-brand":[],"class_list":{"0":"post-88940","1":"product","2":"type-product","3":"status-publish","4":"has-post-thumbnail","6":"product_brand-montblanc","7":"product_cat-montblanc-fr","8":"product_tag-stylos","10":"first","11":"instock","12":"sale","13":"taxable","14":"shipping-taxable","15":"purchasable","16":"product-type-simple"},"bundled_by":[],"bundle_stock_status":"instock","bundle_stock_quantity":1,"bundle_virtual":false,"bundle_layout":"","bundle_add_to_cart_form_location":"","bundle_editable_in_cart":false,"bundle_sold_individually_context":"","bundle_item_grouping":"","bundle_min_size":"","bundle_max_size":"","bundle_price":[],"bundled_items":[],"bundle_sell_ids":[],"group_of_quantity":0,"min_quantity":0,"max_quantity":"","exclude_order_quantity_value_rules":"no","exclude_category_quantity_rules":"no","combine_variations":"no","jetpack_sharing_enabled":true,"jetpack_likes_enabled":true,"_links":{"self":[{"href":"https:\/\/watchdeluxe.it\/fr\/wp-json\/wp\/v2\/product\/88940","targetHints":{"allow":["GET"]}}],"collection":[{"href":"https:\/\/watchdeluxe.it\/fr\/wp-json\/wp\/v2\/product"}],"about":[{"href":"https:\/\/watchdeluxe.it\/fr\/wp-json\/wp\/v2\/types\/product"}],"wp:featuredmedia":[{"embeddable":true,"href":"https:\/\/watchdeluxe.it\/fr\/wp-json\/wp\/v2\/media\/88936"}],"wp:attachment":[{"href":"https:\/\/watchdeluxe.it\/fr\/wp-json\/wp\/v2\/media?parent=88940"}],"wp:term":[{"taxonomy":"product_brand","embeddable":true,"href":"https:\/\/watchdeluxe.it\/fr\/wp-json\/wp\/v2\/product_brand?post=88940"},{"taxonomy":"product_cat","embeddable":true,"href":"https:\/\/watchdeluxe.it\/fr\/wp-json\/wp\/v2\/product_cat?post=88940"},{"taxonomy":"product_tag","embeddable":true,"href":"https:\/\/watchdeluxe.it\/fr\/wp-json\/wp\/v2\/product_tag?post=88940"},{"taxonomy":"berocket_brand","embeddable":true,"href":"https:\/\/watchdeluxe.it\/fr\/wp-json\/wp\/v2\/berocket_brand?post=88940"},{"taxonomy":"woo-feed-brand","embeddable":true,"href":"https:\/\/watchdeluxe.it\/fr\/wp-json\/wp\/v2\/woo-feed-brand?post=88940"}],"curies":[{"name":"wp","href":"https:\/\/api.w.org\/{rel}","templated":true}]}}