{"id":88927,"date":"2024-01-03T11:16:32","date_gmt":"2024-01-03T10:16:32","guid":{"rendered":"https:\/\/watchdeluxe.it\/prodotto\/pochette-montblanc-enveloppe-bleue-ref-131937\/"},"modified":"2026-01-22T10:37:47","modified_gmt":"2026-01-22T09:37:47","slug":"pochette-montblanc-enveloppe-bleue-ref-131937","status":"publish","type":"product","link":"https:\/\/watchdeluxe.it\/fr\/prodotto\/pochette-montblanc-enveloppe-bleue-ref-131937\/","title":{"rendered":"Pochette Montblanc enveloppe bleue ref. 131937"},"content":{"rendered":"<p>Pochette Montblanc enveloppe bleue ref. 131937<\/p>\n<p><span class=\"value\">Confectionn\u00e9e en cuir imprim\u00e9 safran, cette pochette vous permet de transporter vos essentiels \u00e0 tout moment. Il peut \u00eatre port\u00e9 de diff\u00e9rentes mani\u00e8res, notamment \u00e0 la main, sous le bras ou accroch\u00e9 au poignet. Il est \u00e9galement possible de l&#8217;attacher \u00e0 des sacs plus grands, tels que les sacs fourre-tout et les porte-documents.<\/span><\/p>\n<p><span class=\"length first\"> <span class=\"key\">Dimensions<\/span> 290 <\/span> <span class=\"width\"> 5 <\/span> <span class=\"height last\"> 210 <span class=\"unit\">mm<\/span> <\/span><\/p>\n","protected":false},"excerpt":{"rendered":"<p>Pochette Montblanc enveloppe bleue ref. 131937 Confectionn\u00e9e en cuir imprim\u00e9 safran, cette pochette vous permet de transporter vos essentiels \u00e0 tout moment. Il peut \u00eatre port\u00e9 de diff\u00e9rentes mani\u00e8res, notamment \u00e0 la main, sous le bras ou accroch\u00e9 au poignet. Il est \u00e9galement possible de l&#8217;attacher \u00e0 des sacs plus grands, tels que les sacs [&hellip;]<\/p>\n","protected":false},"featured_media":88914,"template":"","meta":{"_crdt_document":"","advanced_seo_description":"","jetpack_seo_html_title":"","jetpack_seo_noindex":false},"product_brand":[1907],"product_cat":[2241],"product_tag":[2511],"berocket_brand":[],"woo-feed-brand":[],"class_list":{"0":"post-88927","1":"product","2":"type-product","3":"status-publish","4":"has-post-thumbnail","6":"product_brand-montblanc","7":"product_cat-montblanc-fr","8":"product_tag-embrayage","10":"first","11":"instock","12":"sale","13":"taxable","14":"shipping-taxable","15":"purchasable","16":"product-type-simple"},"bundled_by":[],"bundle_stock_status":"instock","bundle_stock_quantity":1,"bundle_virtual":false,"bundle_layout":"","bundle_add_to_cart_form_location":"","bundle_editable_in_cart":false,"bundle_sold_individually_context":"","bundle_item_grouping":"","bundle_min_size":"","bundle_max_size":"","bundle_price":[],"bundled_items":[],"bundle_sell_ids":[],"group_of_quantity":0,"min_quantity":0,"max_quantity":"","exclude_order_quantity_value_rules":"no","exclude_category_quantity_rules":"no","combine_variations":"no","exclude_global_add_ons":[],"addons":[],"jetpack_sharing_enabled":true,"jetpack_likes_enabled":true,"_links":{"self":[{"href":"https:\/\/watchdeluxe.it\/fr\/wp-json\/wp\/v2\/product\/88927","targetHints":{"allow":["GET"]}}],"collection":[{"href":"https:\/\/watchdeluxe.it\/fr\/wp-json\/wp\/v2\/product"}],"about":[{"href":"https:\/\/watchdeluxe.it\/fr\/wp-json\/wp\/v2\/types\/product"}],"wp:featuredmedia":[{"embeddable":true,"href":"https:\/\/watchdeluxe.it\/fr\/wp-json\/wp\/v2\/media\/88914"}],"wp:attachment":[{"href":"https:\/\/watchdeluxe.it\/fr\/wp-json\/wp\/v2\/media?parent=88927"}],"wp:term":[{"taxonomy":"product_brand","embeddable":true,"href":"https:\/\/watchdeluxe.it\/fr\/wp-json\/wp\/v2\/product_brand?post=88927"},{"taxonomy":"product_cat","embeddable":true,"href":"https:\/\/watchdeluxe.it\/fr\/wp-json\/wp\/v2\/product_cat?post=88927"},{"taxonomy":"product_tag","embeddable":true,"href":"https:\/\/watchdeluxe.it\/fr\/wp-json\/wp\/v2\/product_tag?post=88927"},{"taxonomy":"berocket_brand","embeddable":true,"href":"https:\/\/watchdeluxe.it\/fr\/wp-json\/wp\/v2\/berocket_brand?post=88927"},{"taxonomy":"woo-feed-brand","embeddable":true,"href":"https:\/\/watchdeluxe.it\/fr\/wp-json\/wp\/v2\/woo-feed-brand?post=88927"}],"curies":[{"name":"wp","href":"https:\/\/api.w.org\/{rel}","templated":true}]}}