{"id":88718,"date":"2024-01-03T10:02:36","date_gmt":"2024-01-03T09:02:36","guid":{"rendered":"https:\/\/watchdeluxe.it\/prodotto\/montblanc-roller-doue-world-tour-ref-128482\/"},"modified":"2026-04-01T10:08:01","modified_gmt":"2026-04-01T08:08:01","slug":"montblanc-roller-doue-world-tour-ref-128482","status":"publish","type":"product","link":"https:\/\/watchdeluxe.it\/fr\/prodotto\/montblanc-roller-doue-world-tour-ref-128482\/","title":{"rendered":"Roller Montblanc Dou\u00e9 Tour du Monde r\u00e9f. 128482"},"content":{"rendered":"<p>Roller Montblanc Dou\u00e9 Tour du Monde r\u00e9f. 128482<\/p>\n<p>a collection Montblanc Meisterst\u00fcck Autour du monde en 80 jours est inspir\u00e9e du c\u00e9l\u00e8bre roman d&#8217;aventure de Jules Verne, Le Tour du monde en 80 jours. Le roller Dou\u00e9 Classique, avec son capuchon en m\u00e9tal dor\u00e9 et son corps en laque d\u00e9grad\u00e9e anthracite, s&#8217;inspire de la deuxi\u00e8me \u00e9tape du voyage, de Bombay \u00e0 Yokohama. Dans cette deuxi\u00e8me \u00e9tape de l&#8217;aventure, les protagonistes voyagent \u00e0 bord d&#8217;un majestueux \u00e9l\u00e9phant, qui appara\u00eet dans un cartouche sur le capot. Le capuchon en m\u00e9tal dor\u00e9 porte un motif grav\u00e9 symbolisant la chance. Le clip est orn\u00e9 d&#8217;un as de carreau laqu\u00e9 rouge et le c\u00f4ne est grav\u00e9 d&#8217;un motif et de couleurs de cartes, repr\u00e9sentant le pari de Fogg d&#8217;effectuer le voyage en 80 jours. Sur le dessus de la casquette est grav\u00e9e la dur\u00e9e du voyage, soit 25 jours de Bombay \u00e0 Yokohama et 80 jours au total.<\/p>\n<p>Les dimensions sont 136.30&#215;12.5<\/p>\n<p><strong> <\/strong><\/p>\n<ul>\n<li>Un \u00e9quipement de collection.<\/li>\n<\/ul>\n","protected":false},"excerpt":{"rendered":"<p>Roller Montblanc Dou\u00e9 Tour du Monde r\u00e9f. 128482 a collection Montblanc Meisterst\u00fcck Autour du monde en 80 jours est inspir\u00e9e du c\u00e9l\u00e8bre roman d&#8217;aventure de Jules Verne, Le Tour du monde en 80 jours. Le roller Dou\u00e9 Classique, avec son capuchon en m\u00e9tal dor\u00e9 et son corps en laque d\u00e9grad\u00e9e anthracite, s&#8217;inspire de la deuxi\u00e8me [&hellip;]<\/p>\n","protected":false},"featured_media":88714,"template":"","meta":{"_crdt_document":"","advanced_seo_description":"","jetpack_seo_html_title":"","jetpack_seo_noindex":false},"product_brand":[],"product_cat":[2241],"product_tag":[2252],"berocket_brand":[],"woo-feed-brand":[],"class_list":{"0":"post-88718","1":"product","2":"type-product","3":"status-publish","4":"has-post-thumbnail","6":"product_cat-montblanc-fr","7":"product_tag-stylos","9":"first","10":"outofstock","11":"sale","12":"taxable","13":"shipping-taxable","14":"purchasable","15":"product-type-simple"},"bundled_by":[],"bundle_stock_status":"outofstock","bundle_stock_quantity":0,"bundle_virtual":false,"bundle_layout":"","bundle_add_to_cart_form_location":"","bundle_editable_in_cart":false,"bundle_sold_individually_context":"","bundle_item_grouping":"","bundle_min_size":"","bundle_max_size":"","bundle_price":[],"bundled_items":[],"bundle_sell_ids":[],"group_of_quantity":0,"min_quantity":0,"max_quantity":"","exclude_order_quantity_value_rules":"no","exclude_category_quantity_rules":"no","combine_variations":"no","jetpack_sharing_enabled":true,"jetpack_likes_enabled":true,"_links":{"self":[{"href":"https:\/\/watchdeluxe.it\/fr\/wp-json\/wp\/v2\/product\/88718","targetHints":{"allow":["GET"]}}],"collection":[{"href":"https:\/\/watchdeluxe.it\/fr\/wp-json\/wp\/v2\/product"}],"about":[{"href":"https:\/\/watchdeluxe.it\/fr\/wp-json\/wp\/v2\/types\/product"}],"wp:featuredmedia":[{"embeddable":true,"href":"https:\/\/watchdeluxe.it\/fr\/wp-json\/wp\/v2\/media\/88714"}],"wp:attachment":[{"href":"https:\/\/watchdeluxe.it\/fr\/wp-json\/wp\/v2\/media?parent=88718"}],"wp:term":[{"taxonomy":"product_brand","embeddable":true,"href":"https:\/\/watchdeluxe.it\/fr\/wp-json\/wp\/v2\/product_brand?post=88718"},{"taxonomy":"product_cat","embeddable":true,"href":"https:\/\/watchdeluxe.it\/fr\/wp-json\/wp\/v2\/product_cat?post=88718"},{"taxonomy":"product_tag","embeddable":true,"href":"https:\/\/watchdeluxe.it\/fr\/wp-json\/wp\/v2\/product_tag?post=88718"},{"taxonomy":"berocket_brand","embeddable":true,"href":"https:\/\/watchdeluxe.it\/fr\/wp-json\/wp\/v2\/berocket_brand?post=88718"},{"taxonomy":"woo-feed-brand","embeddable":true,"href":"https:\/\/watchdeluxe.it\/fr\/wp-json\/wp\/v2\/woo-feed-brand?post=88718"}],"curies":[{"name":"wp","href":"https:\/\/api.w.org\/{rel}","templated":true}]}}