{"id":88436,"date":"2025-11-05T09:26:17","date_gmt":"2025-11-05T08:26:17","guid":{"rendered":"https:\/\/watchdeluxe.it\/prodotto\/montblanc-extreme-3-0-porte-cartes-gris-ref-131769\/"},"modified":"2026-01-22T10:21:43","modified_gmt":"2026-01-22T09:21:43","slug":"montblanc-extreme-3-0-porte-cartes-gris-ref-131769","status":"publish","type":"product","link":"https:\/\/watchdeluxe.it\/fr\/prodotto\/montblanc-extreme-3-0-porte-cartes-gris-ref-131769\/","title":{"rendered":"Montblanc extreme 3.0 porte-cartes gris ref. 131769"},"content":{"rendered":"<p>Montblanc extreme 3.0 porte-cartes gris ref. 131769<\/p>\n<p><span class=\"value\">Le porte-cartes Montblanc Extreme 3.0 dispose de 6 emplacements pour cartes de cr\u00e9dit et d&#8217;une poche ouverte suppl\u00e9mentaire. Le cuir de vachette pleine fleur gaufr\u00e9 de couleur Forged Iron avec le motif Montblanc Extreme 3.0 et les d\u00e9tails en m\u00e9tal noir offrent un style incomparable. Gr\u00e2ce \u00e0 un anneau en D, le porte-cartes peut \u00eatre attach\u00e9 \u00e0 un crochet ou \u00e0 une sangle de cou pour garder vos objets essentiels \u00e0 port\u00e9e de main. Courroie de cou vendue s\u00e9par\u00e9ment.<\/span><\/p>\n","protected":false},"excerpt":{"rendered":"<p>Montblanc extreme 3.0 porte-cartes gris ref. 131769 Le porte-cartes Montblanc Extreme 3.0 dispose de 6 emplacements pour cartes de cr\u00e9dit et d&#8217;une poche ouverte suppl\u00e9mentaire. Le cuir de vachette pleine fleur gaufr\u00e9 de couleur Forged Iron avec le motif Montblanc Extreme 3.0 et les d\u00e9tails en m\u00e9tal noir offrent un style incomparable. Gr\u00e2ce \u00e0 un [&hellip;]<\/p>\n","protected":false},"featured_media":88432,"template":"","meta":{"_crdt_document":"","advanced_seo_description":"","jetpack_seo_html_title":"","jetpack_seo_noindex":false},"product_brand":[],"product_cat":[1929],"product_tag":[1496],"berocket_brand":[],"woo-feed-brand":[],"class_list":{"0":"post-88436","1":"product","2":"type-product","3":"status-publish","4":"has-post-thumbnail","6":"product_cat-montblanc","7":"product_tag-porta-carte","9":"first","10":"instock","11":"sale","12":"taxable","13":"shipping-taxable","14":"purchasable","15":"product-type-simple"},"bundled_by":[],"bundle_stock_status":"instock","bundle_stock_quantity":1,"bundle_virtual":false,"bundle_layout":"","bundle_add_to_cart_form_location":"","bundle_editable_in_cart":false,"bundle_sold_individually_context":"","bundle_item_grouping":"","bundle_min_size":"","bundle_max_size":"","bundle_price":[],"bundled_items":[],"bundle_sell_ids":[],"group_of_quantity":0,"min_quantity":0,"max_quantity":"","exclude_order_quantity_value_rules":"no","exclude_category_quantity_rules":"no","combine_variations":"no","exclude_global_add_ons":[],"addons":[],"jetpack_sharing_enabled":true,"jetpack_likes_enabled":true,"_links":{"self":[{"href":"https:\/\/watchdeluxe.it\/fr\/wp-json\/wp\/v2\/product\/88436","targetHints":{"allow":["GET"]}}],"collection":[{"href":"https:\/\/watchdeluxe.it\/fr\/wp-json\/wp\/v2\/product"}],"about":[{"href":"https:\/\/watchdeluxe.it\/fr\/wp-json\/wp\/v2\/types\/product"}],"wp:featuredmedia":[{"embeddable":true,"href":"https:\/\/watchdeluxe.it\/fr\/wp-json\/wp\/v2\/media\/88432"}],"wp:attachment":[{"href":"https:\/\/watchdeluxe.it\/fr\/wp-json\/wp\/v2\/media?parent=88436"}],"wp:term":[{"taxonomy":"product_brand","embeddable":true,"href":"https:\/\/watchdeluxe.it\/fr\/wp-json\/wp\/v2\/product_brand?post=88436"},{"taxonomy":"product_cat","embeddable":true,"href":"https:\/\/watchdeluxe.it\/fr\/wp-json\/wp\/v2\/product_cat?post=88436"},{"taxonomy":"product_tag","embeddable":true,"href":"https:\/\/watchdeluxe.it\/fr\/wp-json\/wp\/v2\/product_tag?post=88436"},{"taxonomy":"berocket_brand","embeddable":true,"href":"https:\/\/watchdeluxe.it\/fr\/wp-json\/wp\/v2\/berocket_brand?post=88436"},{"taxonomy":"woo-feed-brand","embeddable":true,"href":"https:\/\/watchdeluxe.it\/fr\/wp-json\/wp\/v2\/woo-feed-brand?post=88436"}],"curies":[{"name":"wp","href":"https:\/\/api.w.org\/{rel}","templated":true}]}}