{"id":85143,"date":"2023-10-18T17:44:11","date_gmt":"2023-10-18T15:44:11","guid":{"rendered":"https:\/\/watchdeluxe.it\/prodotto\/longines-spirit-flyback-avigation-ref-l38211536\/"},"modified":"2023-10-18T17:44:11","modified_gmt":"2023-10-18T15:44:11","slug":"longines-spirit-flyback-avigation-ref-l38211536","status":"publish","type":"product","link":"https:\/\/watchdeluxe.it\/fr\/prodotto\/longines-spirit-flyback-avigation-ref-l38211536\/","title":{"rendered":"Longines Spirit Flyback Avigation ref. L38211536"},"content":{"rendered":"<p>Longines Spirit Flyback Avigation ref. L38211536<\/p>\n<div class=\"dropdown\">\n<div class=\"product-details\" role=\"tablist\"><span class=\"action dropdown-button active\" tabindex=\"0\" role=\"tab\" data-role=\"collapsible\" data-action=\"product-details-toggle\" data-collapsible=\"true\" aria-selected=\"false\" aria-expanded=\"true\">  Cas  <\/span><\/p>\n<ul class=\"dropdown-options dropdown-content flex-column\" role=\"tabpanel\" data-role=\"content\" aria-hidden=\"false\">\n<li class=\"d-flex flex-row justify-content-between\">\n<div class=\"name\">Imperm\u00e9able \u00e0 l&#8217;eau<\/div>\n<div class=\"value\">100 m<\/div>\n<\/li>\n<li class=\"d-flex flex-row justify-content-between\">\n<div class=\"name\">Verre<\/div>\n<div class=\"value\">Verre saphir<\/div>\n<\/li>\n<li class=\"d-flex flex-row justify-content-between\">\n<div class=\"name\">Mat\u00e9riau de la lunette<\/div>\n<div class=\"value\">C\u00e9ramique<\/div>\n<\/li>\n<li class=\"d-flex flex-row justify-content-between\">\n<div class=\"name\">Mat\u00e9riau de l&#8217;\u00e9tui<\/div>\n<div class=\"value\">Titane<\/div>\n<\/li>\n<li class=\"d-flex flex-row justify-content-between\">\n<div class=\"name\">Diam\u00e8tre du bo\u00eetier<\/div>\n<div class=\"value\">42,00 mm<\/div>\n<\/li>\n<li class=\"d-flex flex-row justify-content-between\">\n<div class=\"name\">Mat\u00e9riau de fermeture<\/div>\n<div class=\"value\">Titane<\/div>\n<\/li>\n<li class=\"d-flex flex-row justify-content-between\">\n<div class=\"name\">Fermeture<\/div>\n<div class=\"value\">Boucle d\u00e9ployante \u00e0 triple s\u00e9curit\u00e9 et m\u00e9canisme d&#8217;ouverture par pression<\/div>\n<\/li>\n<li class=\"d-flex flex-row justify-content-between\">\n<div class=\"name\">Couleur du bracelet<\/div>\n<div class=\"value\">Gris<\/div>\n<\/li>\n<li class=\"d-flex flex-row justify-content-between\">\n<div class=\"name\">Calibre<\/div>\n<div class=\"value\">L791<\/div>\n<\/li>\n<li>\n<\/li>\n<\/ul>\n<\/div>\n<\/div>\n","protected":false},"excerpt":{"rendered":"<p>Longines Spirit Flyback Avigation ref. L38211536 Cas Imperm\u00e9able \u00e0 l&#8217;eau 100 m Verre Verre saphir Mat\u00e9riau de la lunette C\u00e9ramique Mat\u00e9riau de l&#8217;\u00e9tui Titane Diam\u00e8tre du bo\u00eetier 42,00 mm Mat\u00e9riau de fermeture Titane Fermeture Boucle d\u00e9ployante \u00e0 triple s\u00e9curit\u00e9 et m\u00e9canisme d&#8217;ouverture par pression Couleur du bracelet Gris Calibre L791<\/p>\n","protected":false},"featured_media":85138,"template":"","meta":{"_crdt_document":"","advanced_seo_description":"","jetpack_seo_html_title":"","jetpack_seo_noindex":false},"product_brand":[2151],"product_cat":[2191],"product_tag":[2413],"berocket_brand":[],"woo-feed-brand":[],"class_list":{"0":"post-85143","1":"product","2":"type-product","3":"status-publish","4":"has-post-thumbnail","6":"product_brand-longines","7":"product_cat-longines-en","8":"product_tag-esprit","10":"first","11":"instock","12":"sale","13":"taxable","14":"shipping-taxable","15":"purchasable","16":"product-type-simple"},"bundled_by":[],"bundle_stock_status":"instock","bundle_stock_quantity":1,"bundle_virtual":false,"bundle_layout":"","bundle_add_to_cart_form_location":"","bundle_editable_in_cart":false,"bundle_sold_individually_context":"","bundle_item_grouping":"","bundle_min_size":"","bundle_max_size":"","bundle_price":[],"bundled_items":[],"bundle_sell_ids":[],"group_of_quantity":0,"min_quantity":0,"max_quantity":"","exclude_order_quantity_value_rules":"no","exclude_category_quantity_rules":"no","combine_variations":"no","jetpack_sharing_enabled":true,"jetpack_likes_enabled":true,"_links":{"self":[{"href":"https:\/\/watchdeluxe.it\/fr\/wp-json\/wp\/v2\/product\/85143","targetHints":{"allow":["GET"]}}],"collection":[{"href":"https:\/\/watchdeluxe.it\/fr\/wp-json\/wp\/v2\/product"}],"about":[{"href":"https:\/\/watchdeluxe.it\/fr\/wp-json\/wp\/v2\/types\/product"}],"wp:featuredmedia":[{"embeddable":true,"href":"https:\/\/watchdeluxe.it\/fr\/wp-json\/wp\/v2\/media\/85138"}],"wp:attachment":[{"href":"https:\/\/watchdeluxe.it\/fr\/wp-json\/wp\/v2\/media?parent=85143"}],"wp:term":[{"taxonomy":"product_brand","embeddable":true,"href":"https:\/\/watchdeluxe.it\/fr\/wp-json\/wp\/v2\/product_brand?post=85143"},{"taxonomy":"product_cat","embeddable":true,"href":"https:\/\/watchdeluxe.it\/fr\/wp-json\/wp\/v2\/product_cat?post=85143"},{"taxonomy":"product_tag","embeddable":true,"href":"https:\/\/watchdeluxe.it\/fr\/wp-json\/wp\/v2\/product_tag?post=85143"},{"taxonomy":"berocket_brand","embeddable":true,"href":"https:\/\/watchdeluxe.it\/fr\/wp-json\/wp\/v2\/berocket_brand?post=85143"},{"taxonomy":"woo-feed-brand","embeddable":true,"href":"https:\/\/watchdeluxe.it\/fr\/wp-json\/wp\/v2\/woo-feed-brand?post=85143"}],"curies":[{"name":"wp","href":"https:\/\/api.w.org\/{rel}","templated":true}]}}