{"id":84981,"date":"2023-03-17T19:08:19","date_gmt":"2023-03-17T18:08:19","guid":{"rendered":"https:\/\/watchdeluxe.it\/prodotto\/tag-heuer-watch-monaco-calibre-11-automatic-blue-dial-39mm-caw211p-fc6356\/"},"modified":"2026-04-10T17:04:53","modified_gmt":"2026-04-10T15:04:53","slug":"tag-heuer-orologio-monaco-calibre-11-automatic-blue-dial-39mm-caw211p-fc6356","status":"publish","type":"product","link":"https:\/\/watchdeluxe.it\/fr\/prodotto\/tag-heuer-orologio-monaco-calibre-11-automatic-blue-dial-39mm-caw211p-fc6356\/","title":{"rendered":"Tag Heuer Monaco calibre 11 BLU ref. CAW211P.FC6356"},"content":{"rendered":"<div>\n<p>Tag Heuer Monaco calibre 11 BLU ref. CAW211P.FC6356<\/p>\n<\/div>\n<p><strong>Cadran<\/strong><\/p>\n<p>Cadran bleu mat<br \/>\n2 compteurs argent\u00e9s : Compteur des minutes du chronographe \u00e0 9 heures Compteur des secondes en continu \u00e0 3 heures<br \/>\nIndex polis facett\u00e9s horizontaux et points luminescents<br \/>\nAiguilles des heures et des minutes avec ligne rouge et index luminescents<br \/>\nAiguilles Aiguilles des compteurs noires<br \/>\nAiguille centrale rouge des secondes du chronographe<br \/>\nLogo Heuer vintage en relief<br \/>\nInscription &#8220;MONACO&#8221; et &#8220;AUTOMATIC CHRONOGRAPH CALIBRE 11&#8221; sur le cadran<br \/>\nMinutes imprim\u00e9es<br \/>\nGuichet de date biseaut\u00e9 \u00e0 6 heures<\/p>\n<p><strong>Cas<\/strong><\/p>\n<p>Dimensions du bo\u00eetier : 39 mm x 39 mm<br \/>\nBo\u00eetier en acier poli et satin\u00e9<br \/>\nLunette en acier satin\u00e9<br \/>\nVerre saphir<br \/>\nCouronne en acier poli \u00e0 9 heures avec logo Heuer poli en relief<br \/>\nBoutons en acier poli<br \/>\nFond en verre saphir<br \/>\nEtanch\u00e9it\u00e9 : 100 m\u00e8tres<\/p>\n<p><strong>Mouvement<\/strong><\/p>\n<p>TAG Heuer Calibre 11, Made in Switzerland<br \/>\nCalibre automatique, correction rapide de la date<br \/>\nDiam\u00e8tre : 30 mm &#8211; 59 rubis<br \/>\nFr\u00e9quence d&#8217;oscillation du balancier : 28 800 alternances par heure (4 Hz)<br \/>\nR\u00e9serve de marche : environ 40 heures<\/p>\n<p>Courroie<\/p>\n<p>Bracelet en alligator bleu<\/p>\n","protected":false},"excerpt":{"rendered":"<p>Tag Heuer Monaco calibre 11 BLU ref. CAW211P.FC6356 Cadran Cadran bleu mat 2 compteurs argent\u00e9s : Compteur des minutes du chronographe \u00e0 9 heures Compteur des secondes en continu \u00e0 3 heures Index polis facett\u00e9s horizontaux et points luminescents Aiguilles des heures et des minutes avec ligne rouge et index luminescents Aiguilles Aiguilles des compteurs [&hellip;]<\/p>\n","protected":false},"featured_media":170141,"template":"","meta":{"_crdt_document":"","advanced_seo_description":"","jetpack_seo_html_title":"","jetpack_seo_noindex":false},"product_brand":[],"product_cat":[1920],"product_tag":[1660],"berocket_brand":[],"woo-feed-brand":[],"class_list":{"0":"post-84981","1":"product","2":"type-product","3":"status-publish","4":"has-post-thumbnail","6":"product_cat-tag-heuer","7":"product_tag-monaco","9":"first","10":"instock","11":"sale","12":"taxable","13":"shipping-taxable","14":"purchasable","15":"product-type-simple"},"bundled_by":[],"bundle_stock_status":"instock","bundle_stock_quantity":1,"bundle_virtual":false,"bundle_layout":"","bundle_add_to_cart_form_location":"","bundle_editable_in_cart":false,"bundle_sold_individually_context":"","bundle_item_grouping":"","bundle_min_size":"","bundle_max_size":"","bundle_price":[],"bundled_items":[],"bundle_sell_ids":[],"group_of_quantity":0,"min_quantity":0,"max_quantity":"","exclude_order_quantity_value_rules":"no","exclude_category_quantity_rules":"no","combine_variations":"no","exclude_global_add_ons":[],"addons":[],"jetpack_sharing_enabled":true,"jetpack_likes_enabled":true,"_links":{"self":[{"href":"https:\/\/watchdeluxe.it\/fr\/wp-json\/wp\/v2\/product\/84981","targetHints":{"allow":["GET"]}}],"collection":[{"href":"https:\/\/watchdeluxe.it\/fr\/wp-json\/wp\/v2\/product"}],"about":[{"href":"https:\/\/watchdeluxe.it\/fr\/wp-json\/wp\/v2\/types\/product"}],"wp:featuredmedia":[{"embeddable":true,"href":"https:\/\/watchdeluxe.it\/fr\/wp-json\/wp\/v2\/media\/170141"}],"wp:attachment":[{"href":"https:\/\/watchdeluxe.it\/fr\/wp-json\/wp\/v2\/media?parent=84981"}],"wp:term":[{"taxonomy":"product_brand","embeddable":true,"href":"https:\/\/watchdeluxe.it\/fr\/wp-json\/wp\/v2\/product_brand?post=84981"},{"taxonomy":"product_cat","embeddable":true,"href":"https:\/\/watchdeluxe.it\/fr\/wp-json\/wp\/v2\/product_cat?post=84981"},{"taxonomy":"product_tag","embeddable":true,"href":"https:\/\/watchdeluxe.it\/fr\/wp-json\/wp\/v2\/product_tag?post=84981"},{"taxonomy":"berocket_brand","embeddable":true,"href":"https:\/\/watchdeluxe.it\/fr\/wp-json\/wp\/v2\/berocket_brand?post=84981"},{"taxonomy":"woo-feed-brand","embeddable":true,"href":"https:\/\/watchdeluxe.it\/fr\/wp-json\/wp\/v2\/woo-feed-brand?post=84981"}],"curies":[{"name":"wp","href":"https:\/\/api.w.org\/{rel}","templated":true}]}}