{"id":84905,"date":"2025-04-10T16:57:29","date_gmt":"2025-04-10T14:57:29","guid":{"rendered":"https:\/\/watchdeluxe.it\/prodotto\/hublot-big-bang-one-click-king-rose-gold-ref-485-oe-2210-rw-1204\/"},"modified":"2025-04-10T16:57:36","modified_gmt":"2025-04-10T14:57:36","slug":"hublot-big-bang-one-click-king-oro-rosa-ref-485-oe-2210-rw-1204","status":"publish","type":"product","link":"https:\/\/watchdeluxe.it\/fr\/prodotto\/hublot-big-bang-one-click-king-oro-rosa-ref-485-oe-2210-rw-1204\/","title":{"rendered":"Hublot big Bang one click king rose gold ref. 485.OE.2210.RW.1204"},"content":{"rendered":"<p>Hublot big bang one click king or rose et diamants ref. 485.OE.2210.RW.1204<\/p>\n<div class=\"specification__wrapper\">\n<div class=\"specification__title\">Mod\u00e8le<\/div>\n<div class=\"specification__value\">Big Bang One Click King Gold Diamants blancs<\/div>\n<\/div>\n<div class=\"specification__wrapper\">\n<div class=\"specification__title\">R\u00e9f\u00e9rence<\/div>\n<div class=\"specification__value\">485.OE.2210.RW.1204<\/div>\n<\/div>\n<div class=\"specification__wrapper\">\n<div class=\"specification__title\">Mouvement<\/div>\n<div class=\"specification__value\">Automatique<\/div>\n<\/div>\n<div class=\"specification__wrapper\">\n<div class=\"specification__title\">Dimensions<\/div>\n<div class=\"specification__value\">33 mm<\/div>\n<div>\n<div class=\"ReactCollapse--collapse\" aria-hidden=\"false\">\n<div class=\"ReactCollapse--content\">\n<div class=\"accordion-item__content accordion-item__content--open\">\n<div class=\"product-specifications-accordion__content\">\n<div class=\"specification__wrapper\">\n<div class=\"specification__title\">Bo\u00eetier Or rose<\/div>\n<\/div>\n<div class=\"specification__wrapper\">\n<div class=\"specification__title\">Bracelet en caoutchouc<\/div>\n<\/div>\n<div class=\"specification__wrapper\">\n<div class=\"specification__title\">Verre saphir<\/div>\n<\/div>\n<div class=\"specification__wrapper\">\n<div class=\"specification__title\">Couleur du cadran Blanc<\/div>\n<\/div>\n<\/div>\n<\/div>\n<\/div>\n<\/div>\n<\/div>\n<\/div>\n","protected":false},"excerpt":{"rendered":"<p>Hublot big bang one click king or rose et diamants ref. 485.OE.2210.RW.1204 Mod\u00e8le Big Bang One Click King Gold Diamants blancs R\u00e9f\u00e9rence 485.OE.2210.RW.1204 Mouvement Automatique Dimensions 33 mm Bo\u00eetier Or rose Bracelet en caoutchouc Verre saphir Couleur du cadran Blanc<\/p>\n","protected":false},"featured_media":84901,"template":"","meta":{"_crdt_document":"","advanced_seo_description":"","jetpack_seo_html_title":"","jetpack_seo_noindex":false},"product_brand":[],"product_cat":[2223],"product_tag":[2501],"berocket_brand":[],"woo-feed-brand":[],"class_list":{"0":"post-84905","1":"product","2":"type-product","3":"status-publish","4":"has-post-thumbnail","6":"product_cat-hublot-fr","7":"product_tag-big-bang-fr","9":"first","10":"instock","11":"sale","12":"taxable","13":"shipping-taxable","14":"purchasable","15":"product-type-simple"},"bundled_by":[],"bundle_stock_status":"instock","bundle_stock_quantity":null,"bundle_virtual":false,"bundle_layout":"","bundle_add_to_cart_form_location":"","bundle_editable_in_cart":false,"bundle_sold_individually_context":"","bundle_item_grouping":"","bundle_min_size":"","bundle_max_size":"","bundle_price":[],"bundled_items":[],"bundle_sell_ids":[],"group_of_quantity":0,"min_quantity":0,"max_quantity":"","exclude_order_quantity_value_rules":"no","exclude_category_quantity_rules":"no","combine_variations":"no","jetpack_sharing_enabled":true,"jetpack_likes_enabled":true,"_links":{"self":[{"href":"https:\/\/watchdeluxe.it\/fr\/wp-json\/wp\/v2\/product\/84905","targetHints":{"allow":["GET"]}}],"collection":[{"href":"https:\/\/watchdeluxe.it\/fr\/wp-json\/wp\/v2\/product"}],"about":[{"href":"https:\/\/watchdeluxe.it\/fr\/wp-json\/wp\/v2\/types\/product"}],"wp:featuredmedia":[{"embeddable":true,"href":"https:\/\/watchdeluxe.it\/fr\/wp-json\/wp\/v2\/media\/84901"}],"wp:attachment":[{"href":"https:\/\/watchdeluxe.it\/fr\/wp-json\/wp\/v2\/media?parent=84905"}],"wp:term":[{"taxonomy":"product_brand","embeddable":true,"href":"https:\/\/watchdeluxe.it\/fr\/wp-json\/wp\/v2\/product_brand?post=84905"},{"taxonomy":"product_cat","embeddable":true,"href":"https:\/\/watchdeluxe.it\/fr\/wp-json\/wp\/v2\/product_cat?post=84905"},{"taxonomy":"product_tag","embeddable":true,"href":"https:\/\/watchdeluxe.it\/fr\/wp-json\/wp\/v2\/product_tag?post=84905"},{"taxonomy":"berocket_brand","embeddable":true,"href":"https:\/\/watchdeluxe.it\/fr\/wp-json\/wp\/v2\/berocket_brand?post=84905"},{"taxonomy":"woo-feed-brand","embeddable":true,"href":"https:\/\/watchdeluxe.it\/fr\/wp-json\/wp\/v2\/woo-feed-brand?post=84905"}],"curies":[{"name":"wp","href":"https:\/\/api.w.org\/{rel}","templated":true}]}}