{"id":84209,"date":"2023-09-30T11:40:57","date_gmt":"2023-09-30T09:40:57","guid":{"rendered":"https:\/\/watchdeluxe.it\/prodotto\/montblanc-roller-solitaire-legrand-meisterstuck-tour-du-monde-en-80-jours-ref-128486\/"},"modified":"2026-01-22T10:17:09","modified_gmt":"2026-01-22T09:17:09","slug":"montblanc-roller-solitaire-legrand-meisterstuck-around-the-world-in-80-days-ref-128486","status":"publish","type":"product","link":"https:\/\/watchdeluxe.it\/fr\/prodotto\/montblanc-roller-solitaire-legrand-meisterstuck-around-the-world-in-80-days-ref-128486\/","title":{"rendered":"Montblanc Roller Solitaire LeGrand Meisterst\u00fcck Tour du monde en 80 jours Ref. 128486"},"content":{"rendered":"<p>Montblanc Roller Solitaire LeGrand Meisterst\u00fcck Tour du monde en 80 jours Ref. 128486<\/p>\n<p>Le clip est orn\u00e9 d&#8217;un as de carreau laqu\u00e9 rouge et le c\u00f4ne est grav\u00e9 d&#8217;un motif et de couleurs de cartes, repr\u00e9sentant le pari de Fogg d&#8217;effectuer le voyage en 80 jours. Sur le dessus de la casquette est grav\u00e9e la dur\u00e9e du voyage, soit 25 jours de Bombay \u00e0 Yokohama et 80 jours au total.<\/p>\n<table class=\"data-table\">\n<tbody>\n<tr class=\"even\">\n<td class=\"spec-name\">Ligne<\/td>\n<td class=\"spec-value\">Meisterst\u00fcck<\/td>\n<\/tr>\n<tr class=\"odd\">\n<td class=\"spec-name\">Type<\/td>\n<td class=\"spec-value\">Rouleau<\/td>\n<\/tr>\n<\/tbody>\n<\/table>\n","protected":false},"excerpt":{"rendered":"<p>Montblanc Roller Solitaire LeGrand Meisterst\u00fcck Tour du monde en 80 jours Ref. 128486 Le clip est orn\u00e9 d&#8217;un as de carreau laqu\u00e9 rouge et le c\u00f4ne est grav\u00e9 d&#8217;un motif et de couleurs de cartes, repr\u00e9sentant le pari de Fogg d&#8217;effectuer le voyage en 80 jours. Sur le dessus de la casquette est grav\u00e9e la [&hellip;]<\/p>\n","protected":false},"featured_media":84205,"template":"","meta":{"_crdt_document":"","advanced_seo_description":"","jetpack_seo_html_title":"","jetpack_seo_noindex":false},"product_brand":[],"product_cat":[2241],"product_tag":[2252],"berocket_brand":[],"woo-feed-brand":[],"class_list":{"0":"post-84209","1":"product","2":"type-product","3":"status-publish","4":"has-post-thumbnail","6":"product_cat-montblanc-fr","7":"product_tag-stylos","9":"first","10":"instock","11":"sale","12":"taxable","13":"shipping-taxable","14":"purchasable","15":"product-type-simple"},"bundled_by":[],"bundle_stock_status":"instock","bundle_stock_quantity":1,"bundle_virtual":false,"bundle_layout":"","bundle_add_to_cart_form_location":"","bundle_editable_in_cart":false,"bundle_sold_individually_context":"","bundle_item_grouping":"","bundle_min_size":"","bundle_max_size":"","bundle_price":[],"bundled_items":[],"bundle_sell_ids":[],"group_of_quantity":0,"min_quantity":0,"max_quantity":"","exclude_order_quantity_value_rules":"no","exclude_category_quantity_rules":"no","combine_variations":"no","jetpack_sharing_enabled":true,"jetpack_likes_enabled":true,"_links":{"self":[{"href":"https:\/\/watchdeluxe.it\/fr\/wp-json\/wp\/v2\/product\/84209","targetHints":{"allow":["GET"]}}],"collection":[{"href":"https:\/\/watchdeluxe.it\/fr\/wp-json\/wp\/v2\/product"}],"about":[{"href":"https:\/\/watchdeluxe.it\/fr\/wp-json\/wp\/v2\/types\/product"}],"wp:featuredmedia":[{"embeddable":true,"href":"https:\/\/watchdeluxe.it\/fr\/wp-json\/wp\/v2\/media\/84205"}],"wp:attachment":[{"href":"https:\/\/watchdeluxe.it\/fr\/wp-json\/wp\/v2\/media?parent=84209"}],"wp:term":[{"taxonomy":"product_brand","embeddable":true,"href":"https:\/\/watchdeluxe.it\/fr\/wp-json\/wp\/v2\/product_brand?post=84209"},{"taxonomy":"product_cat","embeddable":true,"href":"https:\/\/watchdeluxe.it\/fr\/wp-json\/wp\/v2\/product_cat?post=84209"},{"taxonomy":"product_tag","embeddable":true,"href":"https:\/\/watchdeluxe.it\/fr\/wp-json\/wp\/v2\/product_tag?post=84209"},{"taxonomy":"berocket_brand","embeddable":true,"href":"https:\/\/watchdeluxe.it\/fr\/wp-json\/wp\/v2\/berocket_brand?post=84209"},{"taxonomy":"woo-feed-brand","embeddable":true,"href":"https:\/\/watchdeluxe.it\/fr\/wp-json\/wp\/v2\/woo-feed-brand?post=84209"}],"curies":[{"name":"wp","href":"https:\/\/api.w.org\/{rel}","templated":true}]}}