{"id":83247,"date":"2023-09-23T10:56:54","date_gmt":"2023-09-23T08:56:54","guid":{"rendered":"https:\/\/watchdeluxe.it\/prodotto\/rolex-oyster-perpetual-vert-41-mm-ref-124300\/"},"modified":"2024-11-18T15:20:17","modified_gmt":"2024-11-18T14:20:17","slug":"rolex-oyster-perpetual-verde-41-mm-ref-124300","status":"publish","type":"product","link":"https:\/\/watchdeluxe.it\/fr\/prodotto\/rolex-oyster-perpetual-verde-41-mm-ref-124300\/","title":{"rendered":"Rolex Oyster perpetual, vert, 41 mm ref.\n124300"},"content":{"rendered":"<p>Rolex Oyster perpetual, vert, 41 mm ref.<br \/>\n124300exclusive<span id=\"watchNotes\">green dial montre d&#8217;occasion, compl\u00e8te avec sa bo\u00eete, contre-bo\u00eete, \u00e9tiquette de s\u00e9rie, \u00e9tiquette rolex, porte-livret et livrets de garantie datant de 11\/2022<\/span><\/p>\n","protected":false},"excerpt":{"rendered":"<p>Rolex Oyster perpetual, vert, 41 mm ref. 124300exclusivegreen dial montre d&#8217;occasion, compl\u00e8te avec sa bo\u00eete, contre-bo\u00eete, \u00e9tiquette de s\u00e9rie, \u00e9tiquette rolex, porte-livret et livrets de garantie datant de 11\/2022<\/p>\n","protected":false},"featured_media":107504,"template":"","meta":{"_crdt_document":"","advanced_seo_description":"","jetpack_seo_html_title":"","jetpack_seo_noindex":false,"jetpack_post_was_ever_published":true},"product_brand":[],"product_cat":[2569,2331],"product_tag":[2572],"berocket_brand":[],"woo-feed-brand":[],"class_list":{"0":"post-83247","1":"product","2":"type-product","3":"status-publish","4":"has-post-thumbnail","6":"product_cat-rolex-fr","7":"product_cat-vitrine","8":"product_tag-rolex-fr","10":"first","11":"outofstock","12":"taxable","13":"shipping-taxable","14":"purchasable","15":"product-type-simple"},"bundled_by":[],"bundle_stock_status":"outofstock","bundle_stock_quantity":0,"bundle_virtual":false,"bundle_layout":"","bundle_add_to_cart_form_location":"","bundle_editable_in_cart":false,"bundle_sold_individually_context":"","bundle_item_grouping":"","bundle_min_size":"","bundle_max_size":"","bundle_price":[],"bundled_items":[],"bundle_sell_ids":[],"group_of_quantity":0,"min_quantity":0,"max_quantity":"","exclude_order_quantity_value_rules":"no","exclude_category_quantity_rules":"no","combine_variations":"no","exclude_global_add_ons":[],"addons":[],"jetpack_sharing_enabled":true,"jetpack_likes_enabled":true,"_links":{"self":[{"href":"https:\/\/watchdeluxe.it\/fr\/wp-json\/wp\/v2\/product\/83247","targetHints":{"allow":["GET"]}}],"collection":[{"href":"https:\/\/watchdeluxe.it\/fr\/wp-json\/wp\/v2\/product"}],"about":[{"href":"https:\/\/watchdeluxe.it\/fr\/wp-json\/wp\/v2\/types\/product"}],"wp:featuredmedia":[{"embeddable":true,"href":"https:\/\/watchdeluxe.it\/fr\/wp-json\/wp\/v2\/media\/107504"}],"wp:attachment":[{"href":"https:\/\/watchdeluxe.it\/fr\/wp-json\/wp\/v2\/media?parent=83247"}],"wp:term":[{"taxonomy":"product_brand","embeddable":true,"href":"https:\/\/watchdeluxe.it\/fr\/wp-json\/wp\/v2\/product_brand?post=83247"},{"taxonomy":"product_cat","embeddable":true,"href":"https:\/\/watchdeluxe.it\/fr\/wp-json\/wp\/v2\/product_cat?post=83247"},{"taxonomy":"product_tag","embeddable":true,"href":"https:\/\/watchdeluxe.it\/fr\/wp-json\/wp\/v2\/product_tag?post=83247"},{"taxonomy":"berocket_brand","embeddable":true,"href":"https:\/\/watchdeluxe.it\/fr\/wp-json\/wp\/v2\/berocket_brand?post=83247"},{"taxonomy":"woo-feed-brand","embeddable":true,"href":"https:\/\/watchdeluxe.it\/fr\/wp-json\/wp\/v2\/woo-feed-brand?post=83247"}],"curies":[{"name":"wp","href":"https:\/\/api.w.org\/{rel}","templated":true}]}}