{"id":82327,"date":"2023-09-01T19:03:10","date_gmt":"2023-09-01T17:03:10","guid":{"rendered":"https:\/\/watchdeluxe.it\/prodotto\/grand-seiko-evolution-9-ref-slga009g\/"},"modified":"2026-04-01T10:52:37","modified_gmt":"2026-04-01T08:52:37","slug":"grand-seiko-evolution-9-ref-slga009g","status":"publish","type":"product","link":"https:\/\/watchdeluxe.it\/fr\/prodotto\/grand-seiko-evolution-9-ref-slga009g\/","title":{"rendered":"Grand Seiko Evolution 9 r\u00e9f. SLGA009G"},"content":{"rendered":"<p>Grand Seiko Evolution 9 r\u00e9f. SLGA009G<\/p>\n<div class=\"_item\">\n<div class=\"_header\">Ext\u00e9rieur<\/div>\n<div class=\"_body\">\n<table class=\"_table\">\n<tbody>\n<tr>\n<th>Ext\u00e9rieur :<\/th>\n<td>Acier inoxydable<\/td>\n<\/tr>\n<tr>\n<th>Fond du bo\u00eetier :<\/th>\n<td>Transparent &amp; Fond viss\u00e9<\/td>\n<\/tr>\n<tr>\n<th>Mat\u00e9riau du verre :<\/th>\n<td>Saphir doublement bomb\u00e9<\/td>\n<\/tr>\n<tr>\n<th>Rev\u00eatement en verre :<\/th>\n<td>Rev\u00eatement antireflet sur la surface int\u00e9rieure<\/td>\n<\/tr>\n<tr>\n<th>Dimensions du bo\u00eetier :<\/th>\n<td>Diam\u00e8tre 40,0 mm Corne \u00e0 corne 47,9 mm \u00c9paisseur 11,8 mm<\/td>\n<\/tr>\n<tr>\n<th>Largeur du bracelet :<\/th>\n<td>22 mm<\/td>\n<\/tr>\n<tr>\n<th>Type de fermeture :<\/th>\n<td>Triple loquet pliant avec d\u00e9clenchement par bouton-poussoir<\/td>\n<\/tr>\n<tr>\n<th>Longueur du bracelet :<\/th>\n<td>196 mm<\/td>\n<\/tr>\n<\/tbody>\n<\/table>\n<\/div>\n<\/div>\n<div class=\"_item\">\n<div class=\"_header\">Mouvement<\/div>\n<div class=\"_body\">\n<table class=\"_table\">\n<tbody>\n<tr>\n<th>R\u00e9f\u00e9rence du calibre :<\/th>\n<td>9RA2 Instructions<\/td>\n<\/tr>\n<tr>\n<th>Pr\u00e9cision :<\/th>\n<td>\u00b10,5 seconde par jour (\u00b110 secondes par mois)<\/td>\n<\/tr>\n<\/tbody>\n<\/table>\n<\/div>\n<\/div>\n<div class=\"_item\">\n<div class=\"_header\">Fonctions<\/div>\n<div class=\"_body\">\n<table class=\"_table\">\n<tbody>\n<tr>\n<th>R\u00e9sistance \u00e0 l&#8217;eau :<\/th>\n<td>10 bars<\/td>\n<\/tr>\n<tr>\n<th>R\u00e9sistance magn\u00e9tique :<\/th>\n<td>4 800 A\/m<\/td>\n<\/tr>\n<tr>\n<th>Autres d\u00e9tails \/ caract\u00e9ristiques :<\/th>\n<td>\n<ul class=\"list-type-bullet\">\n<li>Couronne de vis<\/li>\n<li>Affichage de la r\u00e9serve de marche<\/li>\n<\/ul>\n<\/td>\n<\/tr>\n<\/tbody>\n<\/table>\n<\/div>\n<\/div>\n","protected":false},"excerpt":{"rendered":"<p>Grand Seiko Evolution 9 r\u00e9f. SLGA009G Ext\u00e9rieur Ext\u00e9rieur : Acier inoxydable Fond du bo\u00eetier : Transparent &amp; Fond viss\u00e9 Mat\u00e9riau du verre : Saphir doublement bomb\u00e9 Rev\u00eatement en verre : Rev\u00eatement antireflet sur la surface int\u00e9rieure Dimensions du bo\u00eetier : Diam\u00e8tre 40,0 mm Corne \u00e0 corne 47,9 mm \u00c9paisseur 11,8 mm Largeur du bracelet : [&hellip;]<\/p>\n","protected":false},"featured_media":82360,"template":"","meta":{"_crdt_document":"","advanced_seo_description":"","jetpack_seo_html_title":"","jetpack_seo_noindex":false},"product_brand":[],"product_cat":[3909],"product_tag":[3616],"berocket_brand":[],"woo-feed-brand":[],"class_list":{"0":"post-82327","1":"product","2":"type-product","3":"status-publish","4":"has-post-thumbnail","6":"product_cat-grand-seiko-fr","7":"product_tag-evolution-9-fr","9":"first","10":"instock","11":"sale","12":"taxable","13":"shipping-taxable","14":"purchasable","15":"product-type-simple"},"bundled_by":[],"bundle_stock_status":"instock","bundle_stock_quantity":1,"bundle_virtual":false,"bundle_layout":"","bundle_add_to_cart_form_location":"","bundle_editable_in_cart":false,"bundle_sold_individually_context":"","bundle_item_grouping":"","bundle_min_size":"","bundle_max_size":"","bundle_price":[],"bundled_items":[],"bundle_sell_ids":[],"group_of_quantity":0,"min_quantity":0,"max_quantity":"","exclude_order_quantity_value_rules":"no","exclude_category_quantity_rules":"no","combine_variations":"no","exclude_global_add_ons":[],"addons":[],"jetpack_sharing_enabled":true,"jetpack_likes_enabled":true,"_links":{"self":[{"href":"https:\/\/watchdeluxe.it\/fr\/wp-json\/wp\/v2\/product\/82327","targetHints":{"allow":["GET"]}}],"collection":[{"href":"https:\/\/watchdeluxe.it\/fr\/wp-json\/wp\/v2\/product"}],"about":[{"href":"https:\/\/watchdeluxe.it\/fr\/wp-json\/wp\/v2\/types\/product"}],"wp:featuredmedia":[{"embeddable":true,"href":"https:\/\/watchdeluxe.it\/fr\/wp-json\/wp\/v2\/media\/82360"}],"wp:attachment":[{"href":"https:\/\/watchdeluxe.it\/fr\/wp-json\/wp\/v2\/media?parent=82327"}],"wp:term":[{"taxonomy":"product_brand","embeddable":true,"href":"https:\/\/watchdeluxe.it\/fr\/wp-json\/wp\/v2\/product_brand?post=82327"},{"taxonomy":"product_cat","embeddable":true,"href":"https:\/\/watchdeluxe.it\/fr\/wp-json\/wp\/v2\/product_cat?post=82327"},{"taxonomy":"product_tag","embeddable":true,"href":"https:\/\/watchdeluxe.it\/fr\/wp-json\/wp\/v2\/product_tag?post=82327"},{"taxonomy":"berocket_brand","embeddable":true,"href":"https:\/\/watchdeluxe.it\/fr\/wp-json\/wp\/v2\/berocket_brand?post=82327"},{"taxonomy":"woo-feed-brand","embeddable":true,"href":"https:\/\/watchdeluxe.it\/fr\/wp-json\/wp\/v2\/woo-feed-brand?post=82327"}],"curies":[{"name":"wp","href":"https:\/\/api.w.org\/{rel}","templated":true}]}}