{"id":82285,"date":"2023-03-17T19:00:13","date_gmt":"2023-03-17T18:00:13","guid":{"rendered":"https:\/\/watchdeluxe.it\/prodotto\/breitling-superocean-heritage-ii-chronograph-ref-u13313121b1s1\/"},"modified":"2025-07-15T10:43:30","modified_gmt":"2025-07-15T08:43:30","slug":"breitling-superocean-heritage-ii-chronograph-ref-u13313121b1s1","status":"publish","type":"product","link":"https:\/\/watchdeluxe.it\/fr\/prodotto\/breitling-superocean-heritage-ii-chronograph-ref-u13313121b1s1\/","title":{"rendered":"Breitling Superocean H\u00e9ritage Ii Chronograph ref. U13313121B1S1"},"content":{"rendered":"<p><span id=\"watchNotes\" data-mce-fragment=\"1\"><strong>Inspir\u00e9e de la Superocean originale des ann\u00e9es 1950, la Superocean Heritage associe un design embl\u00e9matique \u00e0 une touche de modernit\u00e9. Sportive et \u00e9l\u00e9gante, la Superocean Heritage est la v\u00e9ritable incarnation du style aquatique.  <\/strong><br data-mce-fragment=\"1\"><br data-mce-fragment=\"1\">Type  <br data-mce-fragment=\"1\">CHRONOGRAPHIE  <br data-mce-fragment=\"1\">Mouvement  <br data-mce-fragment=\"1\">Automatique  <br data-mce-fragment=\"1\">Dimensions de l&#8217;\u00e9tui  <br data-mce-fragment=\"1\">\u00d8 44 MM  <br data-mce-fragment=\"1\">Mat\u00e9riau  <br data-mce-fragment=\"1\">Acier et or rouge  <br data-mce-fragment=\"1\">Courroie <br data-mce-fragment=\"1\">Caoutchouc  <br data-mce-fragment=\"1\">Imperm\u00e9able \u00e0 l&#8217;eau  <br data-mce-fragment=\"1\">20 ATM  <br data-mce-fragment=\"1\">Le sexe  <br data-mce-fragment=\"1\">L&#8217;homme<\/span><\/p>\n","protected":false},"excerpt":{"rendered":"<p>Inspir\u00e9e de la Superocean originale des ann\u00e9es 1950, la Superocean Heritage associe un design embl\u00e9matique \u00e0 une touche de modernit\u00e9. Sportive et \u00e9l\u00e9gante, la Superocean Heritage est la v\u00e9ritable incarnation du style aquatique. Type CHRONOGRAPHIE Mouvement Automatique Dimensions de l&#8217;\u00e9tui \u00d8 44 MM Mat\u00e9riau Acier et or rouge Courroie Caoutchouc Imperm\u00e9able \u00e0 l&#8217;eau 20 ATM [&hellip;]<\/p>\n","protected":false},"featured_media":82279,"template":"","meta":{"_crdt_document":"","advanced_seo_description":"","jetpack_seo_html_title":"","jetpack_seo_noindex":false},"product_brand":[],"product_cat":[2657],"product_tag":[2670],"berocket_brand":[],"woo-feed-brand":[],"class_list":{"0":"post-82285","1":"product","2":"type-product","3":"status-publish","4":"has-post-thumbnail","6":"product_cat-breitling-fr","7":"product_tag-superocean-fr","9":"first","10":"instock","11":"sale","12":"taxable","13":"shipping-taxable","14":"purchasable","15":"product-type-simple"},"bundled_by":[],"bundle_stock_status":"instock","bundle_stock_quantity":1,"bundle_virtual":false,"bundle_layout":"","bundle_add_to_cart_form_location":"","bundle_editable_in_cart":false,"bundle_sold_individually_context":"","bundle_item_grouping":"","bundle_min_size":"","bundle_max_size":"","bundle_price":[],"bundled_items":[],"bundle_sell_ids":[],"group_of_quantity":0,"min_quantity":0,"max_quantity":"","exclude_order_quantity_value_rules":"no","exclude_category_quantity_rules":"no","combine_variations":"no","jetpack_sharing_enabled":true,"jetpack_likes_enabled":true,"_links":{"self":[{"href":"https:\/\/watchdeluxe.it\/fr\/wp-json\/wp\/v2\/product\/82285","targetHints":{"allow":["GET"]}}],"collection":[{"href":"https:\/\/watchdeluxe.it\/fr\/wp-json\/wp\/v2\/product"}],"about":[{"href":"https:\/\/watchdeluxe.it\/fr\/wp-json\/wp\/v2\/types\/product"}],"wp:featuredmedia":[{"embeddable":true,"href":"https:\/\/watchdeluxe.it\/fr\/wp-json\/wp\/v2\/media\/82279"}],"wp:attachment":[{"href":"https:\/\/watchdeluxe.it\/fr\/wp-json\/wp\/v2\/media?parent=82285"}],"wp:term":[{"taxonomy":"product_brand","embeddable":true,"href":"https:\/\/watchdeluxe.it\/fr\/wp-json\/wp\/v2\/product_brand?post=82285"},{"taxonomy":"product_cat","embeddable":true,"href":"https:\/\/watchdeluxe.it\/fr\/wp-json\/wp\/v2\/product_cat?post=82285"},{"taxonomy":"product_tag","embeddable":true,"href":"https:\/\/watchdeluxe.it\/fr\/wp-json\/wp\/v2\/product_tag?post=82285"},{"taxonomy":"berocket_brand","embeddable":true,"href":"https:\/\/watchdeluxe.it\/fr\/wp-json\/wp\/v2\/berocket_brand?post=82285"},{"taxonomy":"woo-feed-brand","embeddable":true,"href":"https:\/\/watchdeluxe.it\/fr\/wp-json\/wp\/v2\/woo-feed-brand?post=82285"}],"curies":[{"name":"wp","href":"https:\/\/api.w.org\/{rel}","templated":true}]}}