{"id":81581,"date":"2023-08-29T18:04:27","date_gmt":"2023-08-29T16:04:27","guid":{"rendered":"https:\/\/watchdeluxe.it\/prodotto\/nomos-club-campus-rose-fonce-ref-711\/"},"modified":"2026-04-10T16:05:13","modified_gmt":"2026-04-10T14:05:13","slug":"nomos-club-campus-deep-pink-ref-711","status":"publish","type":"product","link":"https:\/\/watchdeluxe.it\/fr\/prodotto\/nomos-club-campus-deep-pink-ref-711\/","title":{"rendered":"Nomos Club Campus rose fonc\u00e9 ref. 711"},"content":{"rendered":"<p>Nomos Club Campus rose fonc\u00e9 ref. 711<\/p>\n<div class=\"list-couple\">\n<div class=\"specs-list\">\n<dl>\n<dt>Cas<\/dt>\n<dd>acier inoxydable, bipartite<br \/>\ndos en acier inoxydable<br \/>\nviss\u00e9<\/dd>\n<\/dl>\n<dl>\n<dt>Verre<\/dt>\n<dd>verre saphir bomb\u00e9<\/dd>\n<\/dl>\n<dl>\n<dt>Charge<\/dt>\n<dd>manuel<\/dd>\n<\/dl>\n<dl>\n<dt>Dimensions<\/dt>\n<dd>diam\u00e8tre <span class=\"size-property\"> 36,0 mm <\/span><br \/>\n\u00e9paisseur 8 <span class=\"size-property\">,2 mm <\/span><br \/>\nTaille de la boucle ext\u00e9rieure <span class=\"size-property\"> 47,5 mm <\/span> <\/dd>\n<\/dl>\n<dl>\n<dt>R\u00e9sistance \u00e0 l&#8217;eau<\/dt>\n<dd>10 atm (\u00e0 porter en nageant)<\/dd>\n<\/dl>\n<\/div>\n<div class=\"specs-list\">\n<dl>\n<dt>Cadran<\/dt>\n<dd>rose<br \/>\nChiffres arabes et romains et index avec superluminova blanc (luminescence bleue)<\/dd>\n<\/dl>\n<dl>\n<dt>Mains<\/dt>\n<dd>rhodi\u00e9, avec incrustation de superluminova en blanc (luminescence bleue), aiguille des secondes orange fluo<\/dd>\n<\/dl>\n<dl>\n<dt>sangle<\/dt>\n<dd>Cuir velours gris<br \/>\n<span class=\"size-property\">  largeur de la boucle 18 mm  <\/span><\/dd>\n<\/dl>\n<\/div>\n<\/div>\n","protected":false},"excerpt":{"rendered":"<p>Nomos Club Campus rose fonc\u00e9 ref. 711 Cas acier inoxydable, bipartite dos en acier inoxydable viss\u00e9 Verre verre saphir bomb\u00e9 Charge manuel Dimensions diam\u00e8tre 36,0 mm \u00e9paisseur 8 ,2 mm Taille de la boucle ext\u00e9rieure 47,5 mm R\u00e9sistance \u00e0 l&#8217;eau 10 atm (\u00e0 porter en nageant) Cadran rose Chiffres arabes et romains et index avec [&hellip;]<\/p>\n","protected":false},"featured_media":168186,"template":"","meta":{"_crdt_document":"","advanced_seo_description":"","jetpack_seo_html_title":"","jetpack_seo_noindex":false},"product_brand":[],"product_cat":[2376],"product_tag":[3934,2378],"berocket_brand":[],"woo-feed-brand":[],"class_list":{"0":"post-81581","1":"product","2":"type-product","3":"status-publish","4":"has-post-thumbnail","6":"product_cat-nomos-glashutte-fr","7":"product_tag-campus-fr","8":"product_tag-club-fr","10":"first","11":"instock","12":"sale","13":"taxable","14":"shipping-taxable","15":"purchasable","16":"product-type-simple"},"bundled_by":[],"bundle_stock_status":"instock","bundle_stock_quantity":1,"bundle_virtual":false,"bundle_layout":"","bundle_add_to_cart_form_location":"","bundle_editable_in_cart":false,"bundle_sold_individually_context":"","bundle_item_grouping":"","bundle_min_size":"","bundle_max_size":"","bundle_price":[],"bundled_items":[],"bundle_sell_ids":[],"group_of_quantity":0,"min_quantity":0,"max_quantity":"","exclude_order_quantity_value_rules":"no","exclude_category_quantity_rules":"no","combine_variations":"no","jetpack_sharing_enabled":true,"jetpack_likes_enabled":true,"_links":{"self":[{"href":"https:\/\/watchdeluxe.it\/fr\/wp-json\/wp\/v2\/product\/81581","targetHints":{"allow":["GET"]}}],"collection":[{"href":"https:\/\/watchdeluxe.it\/fr\/wp-json\/wp\/v2\/product"}],"about":[{"href":"https:\/\/watchdeluxe.it\/fr\/wp-json\/wp\/v2\/types\/product"}],"wp:featuredmedia":[{"embeddable":true,"href":"https:\/\/watchdeluxe.it\/fr\/wp-json\/wp\/v2\/media\/168186"}],"wp:attachment":[{"href":"https:\/\/watchdeluxe.it\/fr\/wp-json\/wp\/v2\/media?parent=81581"}],"wp:term":[{"taxonomy":"product_brand","embeddable":true,"href":"https:\/\/watchdeluxe.it\/fr\/wp-json\/wp\/v2\/product_brand?post=81581"},{"taxonomy":"product_cat","embeddable":true,"href":"https:\/\/watchdeluxe.it\/fr\/wp-json\/wp\/v2\/product_cat?post=81581"},{"taxonomy":"product_tag","embeddable":true,"href":"https:\/\/watchdeluxe.it\/fr\/wp-json\/wp\/v2\/product_tag?post=81581"},{"taxonomy":"berocket_brand","embeddable":true,"href":"https:\/\/watchdeluxe.it\/fr\/wp-json\/wp\/v2\/berocket_brand?post=81581"},{"taxonomy":"woo-feed-brand","embeddable":true,"href":"https:\/\/watchdeluxe.it\/fr\/wp-json\/wp\/v2\/woo-feed-brand?post=81581"}],"curies":[{"name":"wp","href":"https:\/\/api.w.org\/{rel}","templated":true}]}}