{"id":81209,"date":"2023-08-28T11:54:07","date_gmt":"2023-08-28T09:54:07","guid":{"rendered":"https:\/\/watchdeluxe.it\/prodotto\/montblanc-pochette-enveloppe-ligne-sartoriale-ref-130313\/"},"modified":"2026-04-01T10:55:33","modified_gmt":"2026-04-01T08:55:33","slug":"montblanc-pochette-enveloppe-ligne-sartorial-ref-130313","status":"publish","type":"product","link":"https:\/\/watchdeluxe.it\/fr\/prodotto\/montblanc-pochette-enveloppe-ligne-sartorial-ref-130313\/","title":{"rendered":"Pochette envelope Montblanc ligne Sartorial r\u00e9f. 130313"},"content":{"rendered":"<p>Pochette envelope Montblanc ligne Sartorial r\u00e9f. 130313<\/p>\n<p><span class=\"value\">Cette pochette sophistiqu\u00e9e en cuir imprim\u00e9 safran est con\u00e7ue de mani\u00e8re modulaire, rappelant la forme d&#8217;une enveloppe. L&#8217;accessoire peut \u00eatre fix\u00e9 sur les grands sacs, les porte-documents et les sacs fourre-tout, offrant ainsi diff\u00e9rentes possibilit\u00e9s de personnalisation.<\/span><\/p>\n<p>290 x 5 x 210 mm<\/p>\n","protected":false},"excerpt":{"rendered":"<p>Pochette envelope Montblanc ligne Sartorial r\u00e9f. 130313 Cette pochette sophistiqu\u00e9e en cuir imprim\u00e9 safran est con\u00e7ue de mani\u00e8re modulaire, rappelant la forme d&#8217;une enveloppe. L&#8217;accessoire peut \u00eatre fix\u00e9 sur les grands sacs, les porte-documents et les sacs fourre-tout, offrant ainsi diff\u00e9rentes possibilit\u00e9s de personnalisation. 290 x 5 x 210 mm<\/p>\n","protected":false},"featured_media":81205,"template":"","meta":{"_crdt_document":"","advanced_seo_description":"","jetpack_seo_html_title":"","jetpack_seo_noindex":false},"product_brand":[],"product_cat":[1929],"product_tag":[1447],"berocket_brand":[],"woo-feed-brand":[],"class_list":{"0":"post-81209","1":"product","2":"type-product","3":"status-publish","4":"has-post-thumbnail","6":"product_cat-montblanc","7":"product_tag-pochette","9":"first","10":"instock","11":"sale","12":"taxable","13":"shipping-taxable","14":"purchasable","15":"product-type-simple"},"bundled_by":[],"bundle_stock_status":"instock","bundle_stock_quantity":1,"bundle_virtual":false,"bundle_layout":"","bundle_add_to_cart_form_location":"","bundle_editable_in_cart":false,"bundle_sold_individually_context":"","bundle_item_grouping":"","bundle_min_size":"","bundle_max_size":"","bundle_price":[],"bundled_items":[],"bundle_sell_ids":[],"group_of_quantity":0,"min_quantity":0,"max_quantity":"","exclude_order_quantity_value_rules":"no","exclude_category_quantity_rules":"no","combine_variations":"no","exclude_global_add_ons":[],"addons":[],"jetpack_sharing_enabled":true,"jetpack_likes_enabled":true,"_links":{"self":[{"href":"https:\/\/watchdeluxe.it\/fr\/wp-json\/wp\/v2\/product\/81209","targetHints":{"allow":["GET"]}}],"collection":[{"href":"https:\/\/watchdeluxe.it\/fr\/wp-json\/wp\/v2\/product"}],"about":[{"href":"https:\/\/watchdeluxe.it\/fr\/wp-json\/wp\/v2\/types\/product"}],"wp:featuredmedia":[{"embeddable":true,"href":"https:\/\/watchdeluxe.it\/fr\/wp-json\/wp\/v2\/media\/81205"}],"wp:attachment":[{"href":"https:\/\/watchdeluxe.it\/fr\/wp-json\/wp\/v2\/media?parent=81209"}],"wp:term":[{"taxonomy":"product_brand","embeddable":true,"href":"https:\/\/watchdeluxe.it\/fr\/wp-json\/wp\/v2\/product_brand?post=81209"},{"taxonomy":"product_cat","embeddable":true,"href":"https:\/\/watchdeluxe.it\/fr\/wp-json\/wp\/v2\/product_cat?post=81209"},{"taxonomy":"product_tag","embeddable":true,"href":"https:\/\/watchdeluxe.it\/fr\/wp-json\/wp\/v2\/product_tag?post=81209"},{"taxonomy":"berocket_brand","embeddable":true,"href":"https:\/\/watchdeluxe.it\/fr\/wp-json\/wp\/v2\/berocket_brand?post=81209"},{"taxonomy":"woo-feed-brand","embeddable":true,"href":"https:\/\/watchdeluxe.it\/fr\/wp-json\/wp\/v2\/woo-feed-brand?post=81209"}],"curies":[{"name":"wp","href":"https:\/\/api.w.org\/{rel}","templated":true}]}}