{"id":80615,"date":"2023-03-17T18:59:29","date_gmt":"2023-03-17T17:59:29","guid":{"rendered":"https:\/\/watchdeluxe.it\/prodotto\/hamilton-jazzmaster-day-date-ref-h32505511\/"},"modified":"2026-04-07T15:35:32","modified_gmt":"2026-04-07T13:35:32","slug":"hamilton-jazzmaster-day-date-ref-h32505511","status":"publish","type":"product","link":"https:\/\/watchdeluxe.it\/fr\/prodotto\/hamilton-jazzmaster-day-date-ref-h32505511\/","title":{"rendered":"Hamilton Jazzmaster Day Date ref. H32505511"},"content":{"rendered":"<p>Hamilton Jazzmaster Day Date Auto ref.H32505511<\/p>\n<ul>\n<li class=\"col col-1-2-m watch\">\n<h4 aria-level=\"2\">Horloge<\/h4>\n<table id=\"product-attribute-specs-table\" class=\"data table additional-attributes\" role=\"Presentation\">\n<caption class=\"table-caption\">Caract\u00e9ristiques<\/caption>\n<tbody>\n<tr>\n<th class=\"col label\" scope=\"row\">R\u00e9f\u00e9rence<\/th>\n<td class=\"col data\" data-th=\"Referenza\">H32505511<\/td>\n<\/tr>\n<tr>\n<th class=\"col label\" scope=\"row\">Calibre<\/th>\n<td class=\"col data\" data-th=\"Calibro\">H-40<\/td>\n<\/tr>\n<tr>\n<th class=\"col label\" scope=\"row\">Collection<\/th>\n<td class=\"col data\" data-th=\"Collezione\">Jazzmaster<\/td>\n<\/tr>\n<tr>\n<th class=\"col label\" scope=\"row\">Mouvement<\/th>\n<td class=\"col data\" data-th=\"Movimento\">Chargement automatique<\/td>\n<\/tr>\n<tr>\n<th class=\"col label\" scope=\"row\">Dimensions de l&#8217;\u00e9tui<\/th>\n<td class=\"col data\" data-th=\"Dimensioni della cassa\">40 mm<\/td>\n<\/tr>\n<tr>\n<th class=\"col label\" scope=\"row\">Genre<\/th>\n<td class=\"col data\" data-th=\"Genere\">L&#8217;homme<\/td>\n<\/tr>\n<tr>\n<th class=\"col label\" scope=\"row\">Couleur du cadran<\/th>\n<td class=\"col data\" data-th=\"Colore quadrante\">Blanc<\/td>\n<\/tr>\n<tr>\n<th class=\"col label\" scope=\"row\">Mat\u00e9riau de l&#8217;\u00e9tui<\/th>\n<td class=\"col data\" data-th=\"Materiale della cassa\">Acier<\/td>\n<\/tr>\n<tr>\n<th class=\"col label\" scope=\"row\">Verre<\/th>\n<td class=\"col data\" data-th=\"Vetro\">Saphir<\/td>\n<\/tr>\n<tr>\n<th class=\"col label\" scope=\"row\">Largeur de la boucle<\/th>\n<td class=\"col data\" data-th=\"Larghezza ansa\">Largeur de la boucle 20 mm<\/td>\n<\/tr>\n<tr>\n<th class=\"col label\" scope=\"row\">Bronzage de la doublure<\/th>\n<td class=\"col data\" data-th=\"Lining Tanning\">Min\u00e9raux<\/td>\n<\/tr>\n<tr>\n<th class=\"col label\" scope=\"row\">R\u00e9serve de marche<\/th>\n<td class=\"col data\" data-th=\"Riserva di carica\">R\u00e9serve de marche 80 heures<\/td>\n<\/tr>\n<tr>\n<th class=\"col label\" scope=\"row\">Imperm\u00e9able \u00e0 l&#8217;eau<\/th>\n<td class=\"col data\" data-th=\"Impermeabilit\u00e0\">5 bar (50 m) \/ 73 psi (164 ft)<\/td>\n<\/tr>\n<tr>\n<th class=\"col label\" scope=\"row\">Anti-r\u00e9flexion<\/th>\n<td class=\"col data\" data-th=\"Anti Reflection\">Oui<\/td>\n<\/tr>\n<tr>\n<th class=\"col label\" scope=\"row\">Dos visible<\/th>\n<td class=\"col data\" data-th=\"Fondello a vista\">Oui<\/td>\n<\/tr>\n<\/tbody>\n<\/table>\n<\/li>\n<li class=\"col col-1-2-m strap\">\n<h4 aria-level=\"2\">Bracelet\/Strap<\/h4>\n<table id=\"product-attribute-specs-table\" class=\"data table additional-attributes\" role=\"Presentation\">\n<caption class=\"table-caption\">Caract\u00e9ristiques<\/caption>\n<tbody>\n<tr>\n<th class=\"col label\" scope=\"row\">Accessoire REF<\/th>\n<td class=\"col data\" data-th=\"Accessorio REF\">H6003251111<\/td>\n<\/tr>\n<tr>\n<th class=\"col label\" scope=\"row\">Type de sangle<\/th>\n<td class=\"col data\" data-th=\"Tipo cinturino\">Cuir de veau<\/td>\n<\/tr>\n<tr>\n<th class=\"col label\" scope=\"row\">Couleur du bracelet<\/th>\n<td class=\"col data\" data-th=\"Colore cinturino\">Marron<\/td>\n<\/tr>\n<tr>\n<th class=\"col label\" scope=\"row\">Type de boucle<\/th>\n<td class=\"col data\" data-th=\"Tipo di fibbia\">Boucle rabattable<\/td>\n<\/tr>\n<tr>\n<th class=\"col label\" scope=\"row\">Largeur de la boucle<\/th>\n<td class=\"col data\" data-th=\"Larghezza fibbia\">Largeur de la boucle 18 mm<\/td>\n<\/tr>\n<tr>\n<th class=\"col label\" scope=\"row\">D\u00e9nomination sup\u00e9rieure<\/th>\n<td class=\"col data\" data-th=\"Top Denotation\">Cuir<\/td>\n<\/tr>\n<tr>\n<th class=\"col label\" scope=\"row\">Esp\u00e8ces sup\u00e9rieures<\/th>\n<td class=\"col data\" data-th=\"Top Species\">Veau<\/td>\n<\/tr>\n<tr>\n<th class=\"col label\" scope=\"row\">Top Tanning<\/th>\n<td class=\"col data\" data-th=\"Top Tanning\">Min\u00e9raux<\/td>\n<\/tr>\n<tr>\n<th class=\"col label\" scope=\"row\">Imitation sup\u00e9rieure<\/th>\n<td class=\"col data\" data-th=\"Top Imitation\">Imitation alligator grain\u00e9<\/td>\n<\/tr>\n<tr>\n<th class=\"col label\" scope=\"row\">Esp\u00e8ce de doublure<\/th>\n<td class=\"col data\" data-th=\"Lining Species\">Veau<\/td>\n<\/tr>\n<\/tbody>\n<\/table>\n<\/li>\n<\/ul>\n","protected":false},"excerpt":{"rendered":"<p>Hamilton Jazzmaster Day Date Auto ref.H32505511 Horloge Caract\u00e9ristiques R\u00e9f\u00e9rence H32505511 Calibre H-40 Collection Jazzmaster Mouvement Chargement automatique Dimensions de l&#8217;\u00e9tui 40 mm Genre L&#8217;homme Couleur du cadran Blanc Mat\u00e9riau de l&#8217;\u00e9tui Acier Verre Saphir Largeur de la boucle Largeur de la boucle 20 mm Bronzage de la doublure Min\u00e9raux R\u00e9serve de marche R\u00e9serve de marche [&hellip;]<\/p>\n","protected":false},"featured_media":158867,"template":"","meta":{"_crdt_document":"","advanced_seo_description":"","jetpack_seo_html_title":"","jetpack_seo_noindex":false},"product_brand":[],"product_cat":[2292],"product_tag":[],"berocket_brand":[],"woo-feed-brand":[],"class_list":{"0":"post-80615","1":"product","2":"type-product","3":"status-publish","4":"has-post-thumbnail","6":"product_cat-hamilton-fr","8":"first","9":"instock","10":"sale","11":"taxable","12":"shipping-taxable","13":"purchasable","14":"product-type-simple"},"bundled_by":[],"bundle_stock_status":"instock","bundle_stock_quantity":1,"bundle_virtual":false,"bundle_layout":"","bundle_add_to_cart_form_location":"","bundle_editable_in_cart":false,"bundle_sold_individually_context":"","bundle_item_grouping":"","bundle_min_size":"","bundle_max_size":"","bundle_price":[],"bundled_items":[],"bundle_sell_ids":[],"group_of_quantity":0,"min_quantity":0,"max_quantity":"","exclude_order_quantity_value_rules":"no","exclude_category_quantity_rules":"no","combine_variations":"no","jetpack_sharing_enabled":true,"jetpack_likes_enabled":true,"_links":{"self":[{"href":"https:\/\/watchdeluxe.it\/fr\/wp-json\/wp\/v2\/product\/80615","targetHints":{"allow":["GET"]}}],"collection":[{"href":"https:\/\/watchdeluxe.it\/fr\/wp-json\/wp\/v2\/product"}],"about":[{"href":"https:\/\/watchdeluxe.it\/fr\/wp-json\/wp\/v2\/types\/product"}],"wp:featuredmedia":[{"embeddable":true,"href":"https:\/\/watchdeluxe.it\/fr\/wp-json\/wp\/v2\/media\/158867"}],"wp:attachment":[{"href":"https:\/\/watchdeluxe.it\/fr\/wp-json\/wp\/v2\/media?parent=80615"}],"wp:term":[{"taxonomy":"product_brand","embeddable":true,"href":"https:\/\/watchdeluxe.it\/fr\/wp-json\/wp\/v2\/product_brand?post=80615"},{"taxonomy":"product_cat","embeddable":true,"href":"https:\/\/watchdeluxe.it\/fr\/wp-json\/wp\/v2\/product_cat?post=80615"},{"taxonomy":"product_tag","embeddable":true,"href":"https:\/\/watchdeluxe.it\/fr\/wp-json\/wp\/v2\/product_tag?post=80615"},{"taxonomy":"berocket_brand","embeddable":true,"href":"https:\/\/watchdeluxe.it\/fr\/wp-json\/wp\/v2\/berocket_brand?post=80615"},{"taxonomy":"woo-feed-brand","embeddable":true,"href":"https:\/\/watchdeluxe.it\/fr\/wp-json\/wp\/v2\/woo-feed-brand?post=80615"}],"curies":[{"name":"wp","href":"https:\/\/api.w.org\/{rel}","templated":true}]}}