{"id":80091,"date":"2024-04-16T11:18:31","date_gmt":"2024-04-16T09:18:31","guid":{"rendered":"https:\/\/watchdeluxe.it\/prodotto\/iwc-pilots-chronographtop-gun-41-mm-ref-iw389401\/"},"modified":"2026-04-01T09:56:15","modified_gmt":"2026-04-01T07:56:15","slug":"iwc-pilots-cronografotop-gun-41-mm-ref-iw389401","status":"publish","type":"product","link":"https:\/\/watchdeluxe.it\/fr\/prodotto\/iwc-pilots-cronografotop-gun-41-mm-ref-iw389401\/","title":{"rendered":"Iwc Pilot\u2019S Chronographe Top Gun 41 mm R\u00e9f. IW389401"},"content":{"rendered":"<p>Iwc Pilot\u2019S Watch Chronographe Top Gun 41 mm R\u00e9f. IW389401<\/p>\n<table class=\"data-table\">\n<tbody>\n<tr class=\"odd\">\n<td class=\"spec-name\">Marque<\/td>\n<td class=\"spec-value\">IWC SCHAFFHAUSEN<\/td>\n<\/tr>\n<tr class=\"even\">\n<td class=\"spec-name\">Ligne<\/td>\n<td class=\"spec-value\">PILOT&#8217;S<\/td>\n<\/tr>\n<tr class=\"odd\">\n<td class=\"spec-name\">Complications<\/td>\n<td class=\"spec-value\">CHRONOGRAPHIE<\/td>\n<\/tr>\n<tr class=\"even\">\n<td class=\"spec-name\">Mouvement<\/td>\n<td class=\"spec-value\">AUTOMATIQUE<\/td>\n<\/tr>\n<tr class=\"odd\">\n<td class=\"spec-name\">Date<\/td>\n<td class=\"spec-value\">JOUR ET DATE<\/td>\n<\/tr>\n<tr class=\"even\">\n<td class=\"spec-name\">Calibre<\/td>\n<td class=\"spec-value\">69380<\/td>\n<\/tr>\n<tr class=\"odd\">\n<td class=\"spec-name\">Forme<\/td>\n<td class=\"spec-value\">ROND<\/td>\n<\/tr>\n<tr class=\"even\">\n<td class=\"spec-name\">Taille<\/td>\n<td class=\"spec-value\">41 MM<\/td>\n<\/tr>\n<tr class=\"odd\">\n<td class=\"spec-name\">Mat\u00e9riau du bo\u00eetier<\/td>\n<td class=\"spec-value\">C\u00e9ramique noire<\/td>\n<\/tr>\n<tr class=\"even\">\n<td class=\"spec-name\">Type de verre<\/td>\n<td class=\"spec-value\">SAPPHIRE<\/td>\n<\/tr>\n<tr class=\"odd\">\n<td class=\"spec-name\">Cadran<\/td>\n<td class=\"spec-value\">NOIR<\/td>\n<\/tr>\n<tr class=\"even\">\n<td class=\"spec-name\">Sangle<\/td>\n<td class=\"spec-value\">CAUCCIU<\/td>\n<\/tr>\n<tr class=\"odd\">\n<td class=\"spec-name\">R\u00e9sistance \u00e0 l&#8217;eau<\/td>\n<td class=\"spec-value\">100 M<\/td>\n<\/tr>\n<\/tbody>\n<\/table>\n","protected":false},"excerpt":{"rendered":"<p>Iwc Pilot\u2019S Watch Chronographe Top Gun 41 mm R\u00e9f. IW389401 Marque IWC SCHAFFHAUSEN Ligne PILOT&#8217;S Complications CHRONOGRAPHIE Mouvement AUTOMATIQUE Date JOUR ET DATE Calibre 69380 Forme ROND Taille 41 MM Mat\u00e9riau du bo\u00eetier C\u00e9ramique noire Type de verre SAPPHIRE Cadran NOIR Sangle CAUCCIU R\u00e9sistance \u00e0 l&#8217;eau 100 M<\/p>\n","protected":false},"featured_media":80086,"template":"","meta":{"_crdt_document":"","advanced_seo_description":"","jetpack_seo_html_title":"","jetpack_seo_noindex":false},"product_brand":[],"product_cat":[2229],"product_tag":[],"berocket_brand":[],"woo-feed-brand":[],"class_list":{"0":"post-80091","1":"product","2":"type-product","3":"status-publish","4":"has-post-thumbnail","6":"product_cat-iwc-fr","8":"first","9":"instock","10":"sale","11":"taxable","12":"shipping-taxable","13":"purchasable","14":"product-type-simple"},"bundled_by":[],"bundle_stock_status":"instock","bundle_stock_quantity":1,"bundle_virtual":false,"bundle_layout":"","bundle_add_to_cart_form_location":"","bundle_editable_in_cart":false,"bundle_sold_individually_context":"","bundle_item_grouping":"","bundle_min_size":"","bundle_max_size":"","bundle_price":[],"bundled_items":[],"bundle_sell_ids":[],"group_of_quantity":0,"min_quantity":0,"max_quantity":"","exclude_order_quantity_value_rules":"no","exclude_category_quantity_rules":"no","combine_variations":"no","exclude_global_add_ons":[],"addons":[],"jetpack_sharing_enabled":true,"jetpack_likes_enabled":true,"_links":{"self":[{"href":"https:\/\/watchdeluxe.it\/fr\/wp-json\/wp\/v2\/product\/80091","targetHints":{"allow":["GET"]}}],"collection":[{"href":"https:\/\/watchdeluxe.it\/fr\/wp-json\/wp\/v2\/product"}],"about":[{"href":"https:\/\/watchdeluxe.it\/fr\/wp-json\/wp\/v2\/types\/product"}],"wp:featuredmedia":[{"embeddable":true,"href":"https:\/\/watchdeluxe.it\/fr\/wp-json\/wp\/v2\/media\/80086"}],"wp:attachment":[{"href":"https:\/\/watchdeluxe.it\/fr\/wp-json\/wp\/v2\/media?parent=80091"}],"wp:term":[{"taxonomy":"product_brand","embeddable":true,"href":"https:\/\/watchdeluxe.it\/fr\/wp-json\/wp\/v2\/product_brand?post=80091"},{"taxonomy":"product_cat","embeddable":true,"href":"https:\/\/watchdeluxe.it\/fr\/wp-json\/wp\/v2\/product_cat?post=80091"},{"taxonomy":"product_tag","embeddable":true,"href":"https:\/\/watchdeluxe.it\/fr\/wp-json\/wp\/v2\/product_tag?post=80091"},{"taxonomy":"berocket_brand","embeddable":true,"href":"https:\/\/watchdeluxe.it\/fr\/wp-json\/wp\/v2\/berocket_brand?post=80091"},{"taxonomy":"woo-feed-brand","embeddable":true,"href":"https:\/\/watchdeluxe.it\/fr\/wp-json\/wp\/v2\/woo-feed-brand?post=80091"}],"curies":[{"name":"wp","href":"https:\/\/api.w.org\/{rel}","templated":true}]}}