{"id":79890,"date":"2023-03-17T18:36:56","date_gmt":"2023-03-17T17:36:56","guid":{"rendered":"https:\/\/watchdeluxe.it\/prodotto\/longines-conquest-roue-a-colonne-41mm-ref-l27444562\/"},"modified":"2026-04-06T06:34:59","modified_gmt":"2026-04-06T04:34:59","slug":"longines-conquest-column-wheel-41mm-ref-l27444562","status":"publish","type":"product","link":"https:\/\/watchdeluxe.it\/fr\/prodotto\/longines-conquest-column-wheel-41mm-ref-l27444562\/","title":{"rendered":"Longines Conquest Column-Wheel 41 mm R\u00c9F. L27444562"},"content":{"rendered":"<p>Longines Conquest Column-Wheel 41 mm R\u00c9F. L27444562<\/p>\n<div>\n<h3>Cas<\/h3>\n<ul>\n<li><strong>Forme :<\/strong> ronde<\/li>\n<li><strong>Mat\u00e9riau :<\/strong> acier inoxydable et c\u00e9ramique noire<\/li>\n<li><strong>Caract\u00e9ristiques :<\/strong> lunette avec \u00e9chelle tachym\u00e9trique<\/li>\n<li><strong>Verre :<\/strong> verre saphir inrayable avec traitement antireflet \u00e0 l&#8217;int\u00e9rieur.<\/li>\n<li><strong>Fond :<\/strong> verre saphir transparent<\/li>\n<li><strong>Dimensions :<\/strong> \u00d8 41,00 mm<\/li>\n<li><strong>R\u00e9sistance \u00e0 l&#8217;eau :<\/strong> \u00e9tanche jusqu&#8217;\u00e0 5 bars<\/li>\n<\/ul>\n<h3>Mouvement et fonctions<\/h3>\n<ul>\n<li><strong>Calibre :<\/strong> L688, mouvement chronographe m\u00e9canique \u00e0 roue \u00e0 colonnes \u00e0 remontage automatique, fr\u00e9quence de 28&#8217;800 alternances par heure et r\u00e9serve de marche de 54 heures.<\/li>\n<li><strong>Fonction :<\/strong> heures, minutes, petite seconde \u00e0 9 heures et date. M\u00e9canisme du chronographe : aiguille centrale des 60 secondes, compteur 30 minutes \u00e0 3 heures et compteur 12 heures \u00e0 6 heures.<\/li>\n<\/ul>\n<h3>Cadran et aiguilles<\/h3>\n<ul>\n<li><strong>Couleur du cadran :<\/strong> noir semi-brillant sunburst<\/li>\n<li><strong>Cercle des heures :<\/strong> Chiffres arabes et index appliqu\u00e9s, avec Super-LumiNova \u00ae.<\/li>\n<li><strong>Aiguilles :<\/strong> aiguilles argent\u00e9es brillantes avec Super-LumiNova \u00ae.<\/li>\n<\/ul>\n<h3>Bracelet<\/h3>\n<ul>\n<li><strong>Mat\u00e9riau :<\/strong> bracelet en caoutchouc<\/li>\n<li><strong>Couleur du cadran :<\/strong> noir<\/li>\n<li><strong>Boucle :<\/strong> avec boucle d\u00e9ployante \u00e0 triple s\u00e9curit\u00e9 et m\u00e9canisme d&#8217;ouverture \u00e0 poussoir.<\/li>\n<\/ul>\n<\/div>\n","protected":false},"excerpt":{"rendered":"<p>Longines Conquest Column-Wheel 41 mm R\u00c9F. L27444562 Cas Forme : ronde Mat\u00e9riau : acier inoxydable et c\u00e9ramique noire Caract\u00e9ristiques : lunette avec \u00e9chelle tachym\u00e9trique Verre : verre saphir inrayable avec traitement antireflet \u00e0 l&#8217;int\u00e9rieur. Fond : verre saphir transparent Dimensions : \u00d8 41,00 mm R\u00e9sistance \u00e0 l&#8217;eau : \u00e9tanche jusqu&#8217;\u00e0 5 bars Mouvement et fonctions [&hellip;]<\/p>\n","protected":false},"featured_media":171214,"template":"","meta":{"_crdt_document":"","advanced_seo_description":"","jetpack_seo_html_title":"","jetpack_seo_noindex":false},"product_brand":[2151],"product_cat":[2188],"product_tag":[2408],"berocket_brand":[],"woo-feed-brand":[],"class_list":{"0":"post-79890","1":"product","2":"type-product","3":"status-publish","4":"has-post-thumbnail","6":"product_brand-longines","7":"product_cat-longines-fr","8":"product_tag-conquete","10":"first","11":"instock","12":"sale","13":"taxable","14":"shipping-taxable","15":"purchasable","16":"product-type-simple"},"bundled_by":[],"bundle_stock_status":"instock","bundle_stock_quantity":1,"bundle_virtual":false,"bundle_layout":"","bundle_add_to_cart_form_location":"","bundle_editable_in_cart":false,"bundle_sold_individually_context":"","bundle_item_grouping":"","bundle_min_size":"","bundle_max_size":"","bundle_price":[],"bundled_items":[],"bundle_sell_ids":[],"group_of_quantity":0,"min_quantity":0,"max_quantity":"","exclude_order_quantity_value_rules":"no","exclude_category_quantity_rules":"no","combine_variations":"no","jetpack_sharing_enabled":true,"jetpack_likes_enabled":true,"_links":{"self":[{"href":"https:\/\/watchdeluxe.it\/fr\/wp-json\/wp\/v2\/product\/79890","targetHints":{"allow":["GET"]}}],"collection":[{"href":"https:\/\/watchdeluxe.it\/fr\/wp-json\/wp\/v2\/product"}],"about":[{"href":"https:\/\/watchdeluxe.it\/fr\/wp-json\/wp\/v2\/types\/product"}],"wp:featuredmedia":[{"embeddable":true,"href":"https:\/\/watchdeluxe.it\/fr\/wp-json\/wp\/v2\/media\/171214"}],"wp:attachment":[{"href":"https:\/\/watchdeluxe.it\/fr\/wp-json\/wp\/v2\/media?parent=79890"}],"wp:term":[{"taxonomy":"product_brand","embeddable":true,"href":"https:\/\/watchdeluxe.it\/fr\/wp-json\/wp\/v2\/product_brand?post=79890"},{"taxonomy":"product_cat","embeddable":true,"href":"https:\/\/watchdeluxe.it\/fr\/wp-json\/wp\/v2\/product_cat?post=79890"},{"taxonomy":"product_tag","embeddable":true,"href":"https:\/\/watchdeluxe.it\/fr\/wp-json\/wp\/v2\/product_tag?post=79890"},{"taxonomy":"berocket_brand","embeddable":true,"href":"https:\/\/watchdeluxe.it\/fr\/wp-json\/wp\/v2\/berocket_brand?post=79890"},{"taxonomy":"woo-feed-brand","embeddable":true,"href":"https:\/\/watchdeluxe.it\/fr\/wp-json\/wp\/v2\/woo-feed-brand?post=79890"}],"curies":[{"name":"wp","href":"https:\/\/api.w.org\/{rel}","templated":true}]}}