{"id":79831,"date":"2023-03-17T18:36:54","date_gmt":"2023-03-17T17:36:54","guid":{"rendered":"https:\/\/watchdeluxe.it\/prodotto\/longines-conquest-29-5-mm-ref-l32774876\/"},"modified":"2026-04-08T11:44:14","modified_gmt":"2026-04-08T09:44:14","slug":"longines-conquest-295-mm-ref-l32774876","status":"publish","type":"product","link":"https:\/\/watchdeluxe.it\/fr\/prodotto\/longines-conquest-295-mm-ref-l32774876\/","title":{"rendered":"Longines Conquest 29,5 mm R\u00e9f. L32774876"},"content":{"rendered":"<p>D\u00e9tails du produit<br \/>\nMarque Longines<br \/>\nLigne CONQUEST<br \/>\nComplication SIMPLE HEURE<br \/>\nMouvement QUARTZ<br \/>\nGuichet DATE<br \/>\nForme ROND<br \/>\nDimension 29,5 MM<br \/>\nMat\u00e9riau Bo\u00eetier Acier<br \/>\nCadran NACRE AVEC DIAMANTS<br \/>\nBracelet ACIER<br \/>\n\u00c9tanch\u00e9it\u00e9 300 M<\/p>\n","protected":false},"excerpt":{"rendered":"<p>La Longines Conquest L32774876 est une montre de luxe \u00e9l\u00e9gante et sportive, id\u00e9ale pour toute occasion.<\/p>\n","protected":false},"featured_media":161994,"template":"","meta":{"_crdt_document":"","advanced_seo_description":"","jetpack_seo_html_title":"","jetpack_seo_noindex":false},"product_brand":[],"product_cat":[2188],"product_tag":[2408],"berocket_brand":[],"woo-feed-brand":[],"class_list":{"0":"post-79831","1":"product","2":"type-product","3":"status-publish","4":"has-post-thumbnail","6":"product_cat-longines-fr","7":"product_tag-conquete","9":"first","10":"instock","11":"taxable","12":"shipping-taxable","13":"purchasable","14":"product-type-simple"},"bundled_by":[],"bundle_stock_status":"instock","bundle_stock_quantity":1,"bundle_virtual":false,"bundle_layout":"","bundle_add_to_cart_form_location":"","bundle_editable_in_cart":false,"bundle_sold_individually_context":"","bundle_item_grouping":"","bundle_min_size":"","bundle_max_size":"","bundle_price":[],"bundled_items":[],"bundle_sell_ids":[],"group_of_quantity":0,"min_quantity":0,"max_quantity":"","exclude_order_quantity_value_rules":"no","exclude_category_quantity_rules":"no","combine_variations":"no","jetpack_sharing_enabled":true,"jetpack_likes_enabled":true,"_links":{"self":[{"href":"https:\/\/watchdeluxe.it\/fr\/wp-json\/wp\/v2\/product\/79831","targetHints":{"allow":["GET"]}}],"collection":[{"href":"https:\/\/watchdeluxe.it\/fr\/wp-json\/wp\/v2\/product"}],"about":[{"href":"https:\/\/watchdeluxe.it\/fr\/wp-json\/wp\/v2\/types\/product"}],"wp:featuredmedia":[{"embeddable":true,"href":"https:\/\/watchdeluxe.it\/fr\/wp-json\/wp\/v2\/media\/161994"}],"wp:attachment":[{"href":"https:\/\/watchdeluxe.it\/fr\/wp-json\/wp\/v2\/media?parent=79831"}],"wp:term":[{"taxonomy":"product_brand","embeddable":true,"href":"https:\/\/watchdeluxe.it\/fr\/wp-json\/wp\/v2\/product_brand?post=79831"},{"taxonomy":"product_cat","embeddable":true,"href":"https:\/\/watchdeluxe.it\/fr\/wp-json\/wp\/v2\/product_cat?post=79831"},{"taxonomy":"product_tag","embeddable":true,"href":"https:\/\/watchdeluxe.it\/fr\/wp-json\/wp\/v2\/product_tag?post=79831"},{"taxonomy":"berocket_brand","embeddable":true,"href":"https:\/\/watchdeluxe.it\/fr\/wp-json\/wp\/v2\/berocket_brand?post=79831"},{"taxonomy":"woo-feed-brand","embeddable":true,"href":"https:\/\/watchdeluxe.it\/fr\/wp-json\/wp\/v2\/woo-feed-brand?post=79831"}],"curies":[{"name":"wp","href":"https:\/\/api.w.org\/{rel}","templated":true}]}}