{"id":79706,"date":"2023-03-17T18:36:41","date_gmt":"2023-03-17T17:36:41","guid":{"rendered":"https:\/\/watchdeluxe.it\/prodotto\/longines-master-collection-ref-l27935977\/"},"modified":"2023-09-22T18:31:59","modified_gmt":"2023-09-22T16:31:59","slug":"longines-master-collection-ref-l27935977","status":"publish","type":"product","link":"https:\/\/watchdeluxe.it\/fr\/prodotto\/longines-master-collection-ref-l27935977\/","title":{"rendered":"LONGINES MASTER COLLECTION REF. L27935977"},"content":{"rendered":"<p>LONGINES MASTER COLLECTION REF. L27935977<\/p>\n<div class=\"lg-product__accordion-item\"><\/div>\n<div id=\"product-accordion-panel-0\" class=\"lg-product__accordion-panel active\" role=\"region\" aria-hidden=\"false\" aria-labelledby=\"product-accordion-title-0\">\n<div class=\"lg-product__accordion-content\">\n<div class=\"additional-attributes-wrapper\">\n<div><strong>Forme <\/strong>ronde<\/div>\n<div><strong>Mati\u00e8re <\/strong>Acier avec maillon central rev\u00eatu d&#8217;or jaune 18 carats, 200 microns<\/div>\n<div><strong>Verre <\/strong>Verre saphir inrayable<\/div>\n<div><strong>Fond <\/strong>de bo\u00eetier Fond en verre saphir transparent<\/div>\n<div><strong>Dimensions <\/strong>\u00d8 40,00 mm<\/div>\n<div><strong>Distance entre les ergots <\/strong>21 mm<\/div>\n<div><strong>\u00c9paisseur <\/strong>9,80 mm<\/div>\n<div><strong>\u00c9tanch\u00e9it\u00e9 <\/strong>\u00c9tanch\u00e9it\u00e9 jusqu&#8217;\u00e0 3 bars<\/div>\n<div><strong>Poids <\/strong>142,6 g<\/div>\n<div>\n<div class=\"lg-product__accordion-item\"><\/div>\n<div id=\"product-accordion-panel-1\" class=\"lg-product__accordion-panel active\" style=\"height: auto;\" role=\"region\" aria-hidden=\"false\" aria-labelledby=\"product-accordion-title-1\">\n<div class=\"lg-product__accordion-content\">\n<div class=\"additional-attributes-wrapper\">\n<div><strong>Couleur du cadran <\/strong>Argent grains d&#8217;orge<\/div>\n<div>Index <strong>en <\/strong>diamant<\/div>\n<div><strong>Aiguilles <\/strong>Aiguilles dor\u00e9es<\/div>\n<div><strong>Diamants <\/strong>Cadran serti de 13 diamants Top Wesselton VS-SI, totalisant 0,059 carats.<\/div>\n<div>\n<div id=\"product-accordion-panel-2\" class=\"lg-product__accordion-panel active\" style=\"height: auto;\" role=\"region\" aria-hidden=\"false\" aria-labelledby=\"product-accordion-title-2\">\n<div class=\"lg-product__accordion-content\">\n<div class=\"additional-attributes-wrapper\">\n<div><strong>Type de mouvement <\/strong>Automatique<\/div>\n<div><strong>Calibre <\/strong>L888<\/div>\n<div><strong>Description du mouvement <\/strong>Mouvement m\u00e9canique \u00e0 remontage automatique avec une fr\u00e9quence de 25&#8217;200 alternances par heure et une r\u00e9serve de marche d&#8217;environ 72 heures.<\/div>\n<div><strong>Heures <\/strong>, minutes, secondes et date<\/div>\n<div><strong>Calibre exclusif de la manufacture Longines <\/strong>Oui<\/div>\n<div>\n<div class=\"lg-product__accordion-item\"><\/div>\n<div id=\"product-accordion-panel-3\" class=\"lg-product__accordion-panel active\" style=\"height: auto;\" role=\"region\" aria-hidden=\"false\" aria-labelledby=\"product-accordion-title-3\">\n<div class=\"lg-product__accordion-content\">\n<div class=\"additional-attributes-wrapper\">\n<div><strong>Mati\u00e8re <\/strong>Acier avec maillon central rev\u00eatu d&#8217;or jaune 18 carats, 200 microns<\/div>\n<div><strong>Boucle <\/strong>Avec boucle d\u00e9ployante \u00e0 triple s\u00e9curit\u00e9 et m\u00e9canisme d&#8217;ouverture push-pull<\/div>\n<\/div>\n<\/div>\n<\/div>\n<\/div>\n<\/div>\n<\/div>\n<\/div>\n<\/div>\n<\/div>\n<\/div>\n<\/div>\n<\/div>\n<\/div>\n<\/div>\n<\/div>\n","protected":false},"excerpt":{"rendered":"<p>LONGINES MASTER COLLECTION REF. L27935977 Forme ronde Mati\u00e8re Acier avec maillon central rev\u00eatu d&#8217;or jaune 18 carats, 200 microns Verre Verre saphir inrayable Fond de bo\u00eetier Fond en verre saphir transparent Dimensions \u00d8 40,00 mm Distance entre les ergots 21 mm \u00c9paisseur 9,80 mm \u00c9tanch\u00e9it\u00e9 \u00c9tanch\u00e9it\u00e9 jusqu&#8217;\u00e0 3 bars Poids 142,6 g Couleur du cadran [&hellip;]<\/p>\n","protected":false},"featured_media":64596,"template":"","meta":{"_crdt_document":"","advanced_seo_description":"","jetpack_seo_html_title":"","jetpack_seo_noindex":false},"product_brand":[2151],"product_cat":[1923],"product_tag":[3923],"berocket_brand":[],"woo-feed-brand":[],"class_list":{"0":"post-79706","1":"product","2":"type-product","3":"status-publish","4":"has-post-thumbnail","6":"product_brand-longines","7":"product_cat-longines","8":"product_tag-master-2","10":"first","11":"instock","12":"sale","13":"taxable","14":"shipping-taxable","15":"purchasable","16":"product-type-simple"},"bundled_by":[],"bundle_stock_status":"instock","bundle_stock_quantity":1,"bundle_virtual":false,"bundle_layout":"","bundle_add_to_cart_form_location":"","bundle_editable_in_cart":false,"bundle_sold_individually_context":"","bundle_item_grouping":"","bundle_min_size":"","bundle_max_size":"","bundle_price":[],"bundled_items":[],"bundle_sell_ids":[],"group_of_quantity":0,"min_quantity":0,"max_quantity":"","exclude_order_quantity_value_rules":"no","exclude_category_quantity_rules":"no","combine_variations":"no","jetpack_sharing_enabled":true,"jetpack_likes_enabled":true,"_links":{"self":[{"href":"https:\/\/watchdeluxe.it\/fr\/wp-json\/wp\/v2\/product\/79706","targetHints":{"allow":["GET"]}}],"collection":[{"href":"https:\/\/watchdeluxe.it\/fr\/wp-json\/wp\/v2\/product"}],"about":[{"href":"https:\/\/watchdeluxe.it\/fr\/wp-json\/wp\/v2\/types\/product"}],"wp:featuredmedia":[{"embeddable":true,"href":"https:\/\/watchdeluxe.it\/fr\/wp-json\/wp\/v2\/media\/64596"}],"wp:attachment":[{"href":"https:\/\/watchdeluxe.it\/fr\/wp-json\/wp\/v2\/media?parent=79706"}],"wp:term":[{"taxonomy":"product_brand","embeddable":true,"href":"https:\/\/watchdeluxe.it\/fr\/wp-json\/wp\/v2\/product_brand?post=79706"},{"taxonomy":"product_cat","embeddable":true,"href":"https:\/\/watchdeluxe.it\/fr\/wp-json\/wp\/v2\/product_cat?post=79706"},{"taxonomy":"product_tag","embeddable":true,"href":"https:\/\/watchdeluxe.it\/fr\/wp-json\/wp\/v2\/product_tag?post=79706"},{"taxonomy":"berocket_brand","embeddable":true,"href":"https:\/\/watchdeluxe.it\/fr\/wp-json\/wp\/v2\/berocket_brand?post=79706"},{"taxonomy":"woo-feed-brand","embeddable":true,"href":"https:\/\/watchdeluxe.it\/fr\/wp-json\/wp\/v2\/woo-feed-brand?post=79706"}],"curies":[{"name":"wp","href":"https:\/\/api.w.org\/{rel}","templated":true}]}}