{"id":79597,"date":"2025-09-22T16:38:58","date_gmt":"2025-09-22T14:38:58","guid":{"rendered":"https:\/\/watchdeluxe.it\/prodotto\/longines-dolcevita-ref-l52584716\/"},"modified":"2026-04-11T08:59:53","modified_gmt":"2026-04-11T06:59:53","slug":"longines-dolcevita-ref-l52584716","status":"publish","type":"product","link":"https:\/\/watchdeluxe.it\/fr\/prodotto\/longines-dolcevita-ref-l52584716\/","title":{"rendered":"LONGINES DOLCEVITA REF. L52584716"},"content":{"rendered":"<p>LONGINES DOLCEVITA REF. L52584716<\/p>\n<p>CASH<\/p>\n<p><strong>Forme <\/strong>rectangulaire<\/p>\n<div id=\"product-accordion-panel-0\" class=\"lg-product__accordion-panel active\" role=\"region\" aria-hidden=\"false\" aria-labelledby=\"product-accordion-title-0\">\n<div class=\"lg-product__accordion-content\">\n<div class=\"additional-attributes-wrapper\">\n<div><strong>Mat\u00e9riau <\/strong>Acier inoxydable<\/div>\n<div><strong>Verre <\/strong>Verre saphir inrayable<\/div>\n<div><strong>Dimensions <\/strong>17.70 X 27.00 mm<\/div>\n<div><strong>Distance entre les ergots <\/strong>13 mm<\/div>\n<div><strong>\u00c9paisseur <\/strong>5,70 mm<\/div>\n<div><strong>\u00c9tanch\u00e9it\u00e9 <\/strong>\u00c9tanch\u00e9it\u00e9 jusqu&#8217;\u00e0 3 bars<\/div>\n<div><strong>Poids <\/strong>59,5 g<\/div>\n<div><\/div>\n<div>QUADRANT<\/div>\n<div>\n<div class=\"lg-product__accordion-item\"><\/div>\n<div id=\"product-accordion-panel-1\" class=\"lg-product__accordion-panel active\" style=\"height: auto;\" role=\"region\" aria-hidden=\"false\" aria-labelledby=\"product-accordion-title-1\">\n<div class=\"lg-product__accordion-content\">\n<div class=\"additional-attributes-wrapper\">\n<div><strong>Couleur du cadran <\/strong>Argent flinqu\u00e9<\/div>\n<div><strong>Tour d&#8217;heures <\/strong>Chiffres romains peints<\/div>\n<div><strong>Aiguilles <\/strong>Aiguilles en acier bleui<\/div>\n<div><\/div>\n<div>MOUVEMENT<\/div>\n<div>\n<div id=\"product-accordion-panel-2\" class=\"lg-product__accordion-panel active\" style=\"height: auto;\" role=\"region\" aria-hidden=\"false\" aria-labelledby=\"product-accordion-title-2\">\n<div class=\"lg-product__accordion-content\">\n<div class=\"additional-attributes-wrapper\">\n<div><strong>Type de mouvement <\/strong>Quartz<\/div>\n<div><strong>Calibre <\/strong>L963<\/div>\n<div><strong>Fonction <\/strong>heures et minutes<\/div>\n<div><strong>Exclusivit\u00e9 Longines Manufacture Calibre <\/strong>No<\/div>\n<div><\/div>\n<div>CEINTURE<\/div>\n<div>\n<div id=\"product-accordion-panel-3\" class=\"lg-product__accordion-panel active\" style=\"height: auto;\" role=\"region\" aria-hidden=\"false\" aria-labelledby=\"product-accordion-title-3\">\n<div class=\"lg-product__accordion-content\">\n<div class=\"additional-attributes-wrapper\">\n<div><strong>Mat\u00e9riau <\/strong>Acier inoxydable<\/div>\n<div><strong>Boucle <\/strong>Avec boucle d\u00e9ployante \u00e0 triple s\u00e9curit\u00e9 et m\u00e9canisme d&#8217;ouverture push-pull<\/div>\n<\/div>\n<\/div>\n<\/div>\n<\/div>\n<\/div>\n<\/div>\n<\/div>\n<\/div>\n<\/div>\n<\/div>\n<\/div>\n<\/div>\n<\/div>\n<\/div>\n<\/div>\n","protected":false},"excerpt":{"rendered":"<p>LONGINES DOLCEVITA REF. L52584716 CASH Forme rectangulaire Mat\u00e9riau Acier inoxydable Verre Verre saphir inrayable Dimensions 17.70 X 27.00 mm Distance entre les ergots 13 mm \u00c9paisseur 5,70 mm \u00c9tanch\u00e9it\u00e9 \u00c9tanch\u00e9it\u00e9 jusqu&#8217;\u00e0 3 bars Poids 59,5 g QUADRANT Couleur du cadran Argent flinqu\u00e9 Tour d&#8217;heures Chiffres romains peints Aiguilles Aiguilles en acier bleui MOUVEMENT Type de [&hellip;]<\/p>\n","protected":false},"featured_media":172751,"template":"","meta":{"_crdt_document":"","advanced_seo_description":"","jetpack_seo_html_title":"","jetpack_seo_noindex":false},"product_brand":[],"product_cat":[2188],"product_tag":[3205],"berocket_brand":[],"woo-feed-brand":[],"class_list":{"0":"post-79597","1":"product","2":"type-product","3":"status-publish","4":"has-post-thumbnail","6":"product_cat-longines-fr","7":"product_tag-col-roule","9":"first","10":"instock","11":"sale","12":"taxable","13":"shipping-taxable","14":"purchasable","15":"product-type-simple"},"bundled_by":[],"bundle_stock_status":"instock","bundle_stock_quantity":1,"bundle_virtual":false,"bundle_layout":"","bundle_add_to_cart_form_location":"","bundle_editable_in_cart":false,"bundle_sold_individually_context":"","bundle_item_grouping":"","bundle_min_size":"","bundle_max_size":"","bundle_price":[],"bundled_items":[],"bundle_sell_ids":[],"group_of_quantity":0,"min_quantity":0,"max_quantity":"","exclude_order_quantity_value_rules":"no","exclude_category_quantity_rules":"no","combine_variations":"no","exclude_global_add_ons":[],"addons":[],"jetpack_sharing_enabled":true,"jetpack_likes_enabled":true,"_links":{"self":[{"href":"https:\/\/watchdeluxe.it\/fr\/wp-json\/wp\/v2\/product\/79597","targetHints":{"allow":["GET"]}}],"collection":[{"href":"https:\/\/watchdeluxe.it\/fr\/wp-json\/wp\/v2\/product"}],"about":[{"href":"https:\/\/watchdeluxe.it\/fr\/wp-json\/wp\/v2\/types\/product"}],"wp:featuredmedia":[{"embeddable":true,"href":"https:\/\/watchdeluxe.it\/fr\/wp-json\/wp\/v2\/media\/172751"}],"wp:attachment":[{"href":"https:\/\/watchdeluxe.it\/fr\/wp-json\/wp\/v2\/media?parent=79597"}],"wp:term":[{"taxonomy":"product_brand","embeddable":true,"href":"https:\/\/watchdeluxe.it\/fr\/wp-json\/wp\/v2\/product_brand?post=79597"},{"taxonomy":"product_cat","embeddable":true,"href":"https:\/\/watchdeluxe.it\/fr\/wp-json\/wp\/v2\/product_cat?post=79597"},{"taxonomy":"product_tag","embeddable":true,"href":"https:\/\/watchdeluxe.it\/fr\/wp-json\/wp\/v2\/product_tag?post=79597"},{"taxonomy":"berocket_brand","embeddable":true,"href":"https:\/\/watchdeluxe.it\/fr\/wp-json\/wp\/v2\/berocket_brand?post=79597"},{"taxonomy":"woo-feed-brand","embeddable":true,"href":"https:\/\/watchdeluxe.it\/fr\/wp-json\/wp\/v2\/woo-feed-brand?post=79597"}],"curies":[{"name":"wp","href":"https:\/\/api.w.org\/{rel}","templated":true}]}}