{"id":79177,"date":"2023-03-17T16:09:27","date_gmt":"2023-03-17T15:09:27","guid":{"rendered":"https:\/\/watchdeluxe.it\/prodotto\/hublot-classic-fusion-quartz-33mm-ref-581-ox-1181-rx\/"},"modified":"2025-06-19T15:44:47","modified_gmt":"2025-06-19T13:44:47","slug":"hublot-classic-fusion-quartz-33mm-ref-581-ox-1181-rx","status":"publish","type":"product","link":"https:\/\/watchdeluxe.it\/fr\/prodotto\/hublot-classic-fusion-quartz-33mm-ref-581-ox-1181-rx\/","title":{"rendered":"Hublot Classic Fusion Quartz 33mm ref. 581.OX.1181.RX"},"content":{"rendered":"<div class=\"col-xs-24 col-md-12\" data-mce-fragment=\"1\">\n<div class=\"m-b-0\" data-mce-fragment=\"1\">\n<table data-mce-fragment=\"1\">\n<tbody data-mce-fragment=\"1\">\n<tr data-mce-fragment=\"1\">\n<td data-mce-fragment=\"1\">\n<div data-mce-fragment=\"1\"><span id=\"watchNotes\" data-mce-fragment=\"1\">  Mat\u00e9riau du bo\u00eetier King Gold  <br data-mce-fragment=\"1\">Diam\u00e8tre du bo\u00eetier (mm) 33 mm  <br data-mce-fragment=\"1\">Forme ronde de l&#8217;\u00e9tui  <br data-mce-fragment=\"1\">Cadran Cadran noir mat  <br data-mce-fragment=\"1\">Mouvement \u00e0 quartz  <br data-mce-fragment=\"1\">Mouvement Calibre HUB2912  <br data-mce-fragment=\"1\">Type de batterie \/ dur\u00e9e de vie 3 \u00e0 5 ans  <br data-mce-fragment=\"1\">Mati\u00e8re du bracelet Caoutchouc noir doubl\u00e9  <br data-mce-fragment=\"1\">Boucle (fermoir) Boucle d\u00e9ployante en or rouge 18 carats<\/span><\/div>\n<\/td>\n<\/tr>\n<\/tbody>\n<\/table>\n<\/div>\n<div class=\"full-xs m-t-3\" data-mce-fragment=\"1\"><\/div>\n<\/div>\n","protected":false},"excerpt":{"rendered":"<p>Mat\u00e9riau du bo\u00eetier King Gold Diam\u00e8tre du bo\u00eetier (mm) 33 mm Forme ronde de l&#8217;\u00e9tui Cadran Cadran noir mat Mouvement \u00e0 quartz Mouvement Calibre HUB2912 Type de batterie \/ dur\u00e9e de vie 3 \u00e0 5 ans Mati\u00e8re du bracelet Caoutchouc noir doubl\u00e9 Boucle (fermoir) Boucle d\u00e9ployante en or rouge 18 carats<\/p>\n","protected":false},"featured_media":150578,"template":"","meta":{"_crdt_document":"","advanced_seo_description":"","jetpack_seo_html_title":"","jetpack_seo_noindex":false},"product_brand":[],"product_cat":[2223],"product_tag":[2227],"berocket_brand":[],"woo-feed-brand":[],"class_list":{"0":"post-79177","1":"product","2":"type-product","3":"status-publish","4":"has-post-thumbnail","6":"product_cat-hublot-fr","7":"product_tag-fusion-classique","9":"first","10":"instock","11":"sale","12":"taxable","13":"shipping-taxable","14":"purchasable","15":"product-type-simple"},"bundled_by":[],"bundle_stock_status":"instock","bundle_stock_quantity":1,"bundle_virtual":false,"bundle_layout":"","bundle_add_to_cart_form_location":"","bundle_editable_in_cart":false,"bundle_sold_individually_context":"","bundle_item_grouping":"","bundle_min_size":"","bundle_max_size":"","bundle_price":[],"bundled_items":[],"bundle_sell_ids":[],"group_of_quantity":0,"min_quantity":0,"max_quantity":"","exclude_order_quantity_value_rules":"no","exclude_category_quantity_rules":"no","combine_variations":"no","exclude_global_add_ons":[],"addons":[],"jetpack_sharing_enabled":true,"jetpack_likes_enabled":true,"_links":{"self":[{"href":"https:\/\/watchdeluxe.it\/fr\/wp-json\/wp\/v2\/product\/79177","targetHints":{"allow":["GET"]}}],"collection":[{"href":"https:\/\/watchdeluxe.it\/fr\/wp-json\/wp\/v2\/product"}],"about":[{"href":"https:\/\/watchdeluxe.it\/fr\/wp-json\/wp\/v2\/types\/product"}],"wp:featuredmedia":[{"embeddable":true,"href":"https:\/\/watchdeluxe.it\/fr\/wp-json\/wp\/v2\/media\/150578"}],"wp:attachment":[{"href":"https:\/\/watchdeluxe.it\/fr\/wp-json\/wp\/v2\/media?parent=79177"}],"wp:term":[{"taxonomy":"product_brand","embeddable":true,"href":"https:\/\/watchdeluxe.it\/fr\/wp-json\/wp\/v2\/product_brand?post=79177"},{"taxonomy":"product_cat","embeddable":true,"href":"https:\/\/watchdeluxe.it\/fr\/wp-json\/wp\/v2\/product_cat?post=79177"},{"taxonomy":"product_tag","embeddable":true,"href":"https:\/\/watchdeluxe.it\/fr\/wp-json\/wp\/v2\/product_tag?post=79177"},{"taxonomy":"berocket_brand","embeddable":true,"href":"https:\/\/watchdeluxe.it\/fr\/wp-json\/wp\/v2\/berocket_brand?post=79177"},{"taxonomy":"woo-feed-brand","embeddable":true,"href":"https:\/\/watchdeluxe.it\/fr\/wp-json\/wp\/v2\/woo-feed-brand?post=79177"}],"curies":[{"name":"wp","href":"https:\/\/api.w.org\/{rel}","templated":true}]}}