{"id":79140,"date":"2023-03-17T15:30:39","date_gmt":"2023-03-17T14:30:39","guid":{"rendered":"https:\/\/watchdeluxe.it\/prodotto\/hublot-big-bang-unico-blue-magic-42-mm-ref-441-ex-5119-rx\/"},"modified":"2026-04-02T17:12:16","modified_gmt":"2026-04-02T15:12:16","slug":"hublot-big-bang-unico-blue-magic-42-mm-ref-441-es-5119-rx","status":"publish","type":"product","link":"https:\/\/watchdeluxe.it\/fr\/prodotto\/hublot-big-bang-unico-blue-magic-42-mm-ref-441-es-5119-rx\/","title":{"rendered":"Hublot Big Bang Unico Blue Magic 42 Mm Ref. 441.Ex.5119.Rx"},"content":{"rendered":"<p>Hublot Big Bang Unico Blue Magic 42 Mm Ref. 441.Ex.5119.Rx<\/p>\n<table class=\"data-table\">\n<tbody>\n<tr class=\"odd\">\n<td class=\"spec-name\">Marque<\/td>\n<td class=\"spec-value\">Hublot<\/td>\n<\/tr>\n<tr class=\"even\">\n<td class=\"spec-name\">Ligne<\/td>\n<td class=\"spec-value\">BIG BANG<\/td>\n<\/tr>\n<tr class=\"odd\">\n<td class=\"spec-name\">Complication<\/td>\n<td class=\"spec-value\">R\u00c9SERVE DE MARCHE 72 HEURES, CHRONOGRAPHE FLYBACK<\/td>\n<\/tr>\n<tr class=\"even\">\n<td class=\"spec-name\">Mouvement<\/td>\n<td class=\"spec-value\">AUTOMATIQUE<\/td>\n<\/tr>\n<tr class=\"odd\">\n<td class=\"spec-name\">Forme<\/td>\n<td class=\"spec-value\">ROND<\/td>\n<\/tr>\n<tr class=\"even\">\n<td class=\"spec-name\">Taille<\/td>\n<td class=\"spec-value\">42 MM<\/td>\n<\/tr>\n<tr class=\"odd\">\n<td class=\"spec-name\">Mat\u00e9riau du bo\u00eetier<\/td>\n<td class=\"spec-value\">c\u00e9ramique<\/td>\n<\/tr>\n<tr class=\"even\">\n<td class=\"spec-name\">Cadran<\/td>\n<td class=\"spec-value\">SCHELETRATED<\/td>\n<\/tr>\n<tr class=\"odd\">\n<td class=\"spec-name\">Bracelet<\/td>\n<td class=\"spec-value\">CAOUTCHOUC<\/td>\n<\/tr>\n<tr class=\"even\">\n<td class=\"spec-name\">R\u00e9sistance \u00e0 l&#8217;eau<\/td>\n<td class=\"spec-value\">100 M<\/td>\n<\/tr>\n<\/tbody>\n<\/table>\n","protected":false},"excerpt":{"rendered":"<p>Hublot Big Bang Unico Blue Magic 42 Mm Ref. 441.Ex.5119.Rx Marque Hublot Ligne BIG BANG Complication R\u00c9SERVE DE MARCHE 72 HEURES, CHRONOGRAPHE FLYBACK Mouvement AUTOMATIQUE Forme ROND Taille 42 MM Mat\u00e9riau du bo\u00eetier c\u00e9ramique Cadran SCHELETRATED Bracelet CAOUTCHOUC R\u00e9sistance \u00e0 l&#8217;eau 100 M<\/p>\n","protected":false},"featured_media":140196,"template":"","meta":{"_crdt_document":"","advanced_seo_description":"","jetpack_seo_html_title":"","jetpack_seo_noindex":false},"product_brand":[],"product_cat":[2223],"product_tag":[2501],"berocket_brand":[],"woo-feed-brand":[],"class_list":{"0":"post-79140","1":"product","2":"type-product","3":"status-publish","4":"has-post-thumbnail","6":"product_cat-hublot-fr","7":"product_tag-big-bang-fr","9":"first","10":"instock","11":"sale","12":"taxable","13":"shipping-taxable","14":"purchasable","15":"product-type-simple"},"bundled_by":[],"bundle_stock_status":"instock","bundle_stock_quantity":1,"bundle_virtual":false,"bundle_layout":"","bundle_add_to_cart_form_location":"","bundle_editable_in_cart":false,"bundle_sold_individually_context":"","bundle_item_grouping":"","bundle_min_size":"","bundle_max_size":"","bundle_price":[],"bundled_items":[],"bundle_sell_ids":[],"group_of_quantity":0,"min_quantity":0,"max_quantity":"","exclude_order_quantity_value_rules":"no","exclude_category_quantity_rules":"no","combine_variations":"no","jetpack_sharing_enabled":true,"jetpack_likes_enabled":true,"_links":{"self":[{"href":"https:\/\/watchdeluxe.it\/fr\/wp-json\/wp\/v2\/product\/79140","targetHints":{"allow":["GET"]}}],"collection":[{"href":"https:\/\/watchdeluxe.it\/fr\/wp-json\/wp\/v2\/product"}],"about":[{"href":"https:\/\/watchdeluxe.it\/fr\/wp-json\/wp\/v2\/types\/product"}],"wp:featuredmedia":[{"embeddable":true,"href":"https:\/\/watchdeluxe.it\/fr\/wp-json\/wp\/v2\/media\/140196"}],"wp:attachment":[{"href":"https:\/\/watchdeluxe.it\/fr\/wp-json\/wp\/v2\/media?parent=79140"}],"wp:term":[{"taxonomy":"product_brand","embeddable":true,"href":"https:\/\/watchdeluxe.it\/fr\/wp-json\/wp\/v2\/product_brand?post=79140"},{"taxonomy":"product_cat","embeddable":true,"href":"https:\/\/watchdeluxe.it\/fr\/wp-json\/wp\/v2\/product_cat?post=79140"},{"taxonomy":"product_tag","embeddable":true,"href":"https:\/\/watchdeluxe.it\/fr\/wp-json\/wp\/v2\/product_tag?post=79140"},{"taxonomy":"berocket_brand","embeddable":true,"href":"https:\/\/watchdeluxe.it\/fr\/wp-json\/wp\/v2\/berocket_brand?post=79140"},{"taxonomy":"woo-feed-brand","embeddable":true,"href":"https:\/\/watchdeluxe.it\/fr\/wp-json\/wp\/v2\/woo-feed-brand?post=79140"}],"curies":[{"name":"wp","href":"https:\/\/api.w.org\/{rel}","templated":true}]}}