{"id":78920,"date":"2023-03-17T14:32:41","date_gmt":"2023-03-17T13:32:41","guid":{"rendered":"https:\/\/watchdeluxe.it\/prodotto\/hublot-classic-fusion-ref-542-nx-1171-rx\/"},"modified":"2026-04-06T04:50:31","modified_gmt":"2026-04-06T02:50:31","slug":"hublot-classic-fusion-ref-542-nx-1171-rx","status":"publish","type":"product","link":"https:\/\/watchdeluxe.it\/fr\/prodotto\/hublot-classic-fusion-ref-542-nx-1171-rx\/","title":{"rendered":"HUBLOT Classic Fusion ref. 542.NX.1171.RX"},"content":{"rendered":"<p>HUBLOT Classic Fusion ref. 542.NX.1171.RX<\/p>\n<ul>\n<li class=\"list-group-item clearfix\">Collection <strong>Classic Fusion<\/strong><\/li>\n<li class=\"list-group-item clearfix\">R\u00e9f. <strong>542.NX.1171.RX<\/strong><\/li>\n<li class=\"list-group-item clearfix\">Mouvement <strong>automatique<\/strong><\/li>\n<li class=\"list-group-item clearfix\">Type de mouvement <strong>Heure seulement Date<\/strong><\/li>\n<li class=\"list-group-item clearfix\">Cadran <strong>noir<\/strong><\/li>\n<li class=\"list-group-item clearfix\">Indicateurs <strong>Indices<\/strong><\/li>\n<li class=\"list-group-item clearfix\">Bo\u00eetier <strong>rond<\/strong><\/li>\n<li class=\"list-group-item clearfix\">Bracelet <strong>en caoutchouc<\/strong><\/li>\n<li class=\"list-group-item clearfix\">Taille <strong>42 MM<\/strong><\/li>\n<li class=\"list-group-item clearfix\">Mat\u00e9riau <strong>Titane<\/strong><\/li>\n<\/ul>\n","protected":false},"excerpt":{"rendered":"<p>HUBLOT Classic Fusion ref. 542.NX.1171.RX Collection Classic Fusion R\u00e9f. 542.NX.1171.RX Mouvement automatique Type de mouvement Heure seulement Date Cadran noir Indicateurs Indices Bo\u00eetier rond Bracelet en caoutchouc Taille 42 MM Mat\u00e9riau Titane<\/p>\n","protected":false},"featured_media":150655,"template":"","meta":{"_crdt_document":"","advanced_seo_description":"","jetpack_seo_html_title":"","jetpack_seo_noindex":false,"jetpack_post_was_ever_published":false},"product_brand":[],"product_cat":[2223],"product_tag":[2227],"berocket_brand":[],"woo-feed-brand":[],"class_list":{"0":"post-78920","1":"product","2":"type-product","3":"status-publish","4":"has-post-thumbnail","6":"product_cat-hublot-fr","7":"product_tag-fusion-classique","9":"first","10":"instock","11":"sale","12":"taxable","13":"shipping-taxable","14":"purchasable","15":"product-type-simple"},"bundled_by":[],"bundle_stock_status":"instock","bundle_stock_quantity":1,"bundle_virtual":false,"bundle_layout":"","bundle_add_to_cart_form_location":"","bundle_editable_in_cart":false,"bundle_sold_individually_context":"","bundle_item_grouping":"","bundle_min_size":"","bundle_max_size":"","bundle_price":[],"bundled_items":[],"bundle_sell_ids":[],"group_of_quantity":0,"min_quantity":0,"max_quantity":"","exclude_order_quantity_value_rules":"no","exclude_category_quantity_rules":"no","combine_variations":"no","exclude_global_add_ons":[],"addons":[],"jetpack_sharing_enabled":true,"jetpack_likes_enabled":true,"_links":{"self":[{"href":"https:\/\/watchdeluxe.it\/fr\/wp-json\/wp\/v2\/product\/78920","targetHints":{"allow":["GET"]}}],"collection":[{"href":"https:\/\/watchdeluxe.it\/fr\/wp-json\/wp\/v2\/product"}],"about":[{"href":"https:\/\/watchdeluxe.it\/fr\/wp-json\/wp\/v2\/types\/product"}],"wp:featuredmedia":[{"embeddable":true,"href":"https:\/\/watchdeluxe.it\/fr\/wp-json\/wp\/v2\/media\/150655"}],"wp:attachment":[{"href":"https:\/\/watchdeluxe.it\/fr\/wp-json\/wp\/v2\/media?parent=78920"}],"wp:term":[{"taxonomy":"product_brand","embeddable":true,"href":"https:\/\/watchdeluxe.it\/fr\/wp-json\/wp\/v2\/product_brand?post=78920"},{"taxonomy":"product_cat","embeddable":true,"href":"https:\/\/watchdeluxe.it\/fr\/wp-json\/wp\/v2\/product_cat?post=78920"},{"taxonomy":"product_tag","embeddable":true,"href":"https:\/\/watchdeluxe.it\/fr\/wp-json\/wp\/v2\/product_tag?post=78920"},{"taxonomy":"berocket_brand","embeddable":true,"href":"https:\/\/watchdeluxe.it\/fr\/wp-json\/wp\/v2\/berocket_brand?post=78920"},{"taxonomy":"woo-feed-brand","embeddable":true,"href":"https:\/\/watchdeluxe.it\/fr\/wp-json\/wp\/v2\/woo-feed-brand?post=78920"}],"curies":[{"name":"wp","href":"https:\/\/api.w.org\/{rel}","templated":true}]}}