{"id":78918,"date":"2023-03-17T14:32:41","date_gmt":"2023-03-17T13:32:41","guid":{"rendered":"https:\/\/watchdeluxe.it\/prodotto\/hublot-classic-fusion-vert-ref-542-nx-8970-lr\/"},"modified":"2026-04-03T10:09:34","modified_gmt":"2026-04-03T08:09:34","slug":"hublot-classic-fusion-green-ref-542-nx-8970-lr","status":"publish","type":"product","link":"https:\/\/watchdeluxe.it\/fr\/prodotto\/hublot-classic-fusion-green-ref-542-nx-8970-lr\/","title":{"rendered":"Hublot Classic Fusion Vert REF.542.NX.8970.LR"},"content":{"rendered":"<p><span id=\"watchNotes\" data-mce-fragment=\"1\">Marque Hublot <br data-mce-fragment=\"1\">Ligne CLASSIC FUSION <br data-mce-fragment=\"1\">Mod\u00e8le CLASSIC FUSION <br data-mce-fragment=\"1\">Complication HEURE SEULE <br data-mce-fragment=\"1\">Mouvement AUTOMATIQUE <br data-mce-fragment=\"1\">Date DATE <br data-mce-fragment=\"1\">Forme RONDE <br data-mce-fragment=\"1\">Taille 42 MM <br data-mce-fragment=\"1\">Mat\u00e9riau Titane <br data-mce-fragment=\"1\">Cadran VERT <br data-mce-fragment=\"1\">Bracelet ALLIGATOR ET CAOUTCHOUC <br data-mce-fragment=\"1\">\u00c9tanch\u00e9it\u00e9 50 M<\/span><\/p>\n","protected":false},"excerpt":{"rendered":"<p>Marque Hublot Ligne CLASSIC FUSION Mod\u00e8le CLASSIC FUSION Complication HEURE SEULE Mouvement AUTOMATIQUE Date DATE Forme RONDE Taille 42 MM Mat\u00e9riau Titane Cadran VERT Bracelet ALLIGATOR ET CAOUTCHOUC \u00c9tanch\u00e9it\u00e9 50 M<\/p>\n","protected":false},"featured_media":150631,"template":"","meta":{"_crdt_document":"","advanced_seo_description":"","jetpack_seo_html_title":"","jetpack_seo_noindex":false},"product_brand":[],"product_cat":[2223],"product_tag":[2227],"berocket_brand":[],"woo-feed-brand":[],"class_list":{"0":"post-78918","1":"product","2":"type-product","3":"status-publish","4":"has-post-thumbnail","6":"product_cat-hublot-fr","7":"product_tag-fusion-classique","9":"first","10":"instock","11":"sale","12":"taxable","13":"shipping-taxable","14":"purchasable","15":"product-type-simple"},"bundled_by":[],"bundle_stock_status":"instock","bundle_stock_quantity":1,"bundle_virtual":false,"bundle_layout":"","bundle_add_to_cart_form_location":"","bundle_editable_in_cart":false,"bundle_sold_individually_context":"","bundle_item_grouping":"","bundle_min_size":"","bundle_max_size":"","bundle_price":[],"bundled_items":[],"bundle_sell_ids":[],"group_of_quantity":0,"min_quantity":0,"max_quantity":"","exclude_order_quantity_value_rules":"no","exclude_category_quantity_rules":"no","combine_variations":"no","exclude_global_add_ons":[],"addons":[],"jetpack_sharing_enabled":true,"jetpack_likes_enabled":true,"_links":{"self":[{"href":"https:\/\/watchdeluxe.it\/fr\/wp-json\/wp\/v2\/product\/78918","targetHints":{"allow":["GET"]}}],"collection":[{"href":"https:\/\/watchdeluxe.it\/fr\/wp-json\/wp\/v2\/product"}],"about":[{"href":"https:\/\/watchdeluxe.it\/fr\/wp-json\/wp\/v2\/types\/product"}],"wp:featuredmedia":[{"embeddable":true,"href":"https:\/\/watchdeluxe.it\/fr\/wp-json\/wp\/v2\/media\/150631"}],"wp:attachment":[{"href":"https:\/\/watchdeluxe.it\/fr\/wp-json\/wp\/v2\/media?parent=78918"}],"wp:term":[{"taxonomy":"product_brand","embeddable":true,"href":"https:\/\/watchdeluxe.it\/fr\/wp-json\/wp\/v2\/product_brand?post=78918"},{"taxonomy":"product_cat","embeddable":true,"href":"https:\/\/watchdeluxe.it\/fr\/wp-json\/wp\/v2\/product_cat?post=78918"},{"taxonomy":"product_tag","embeddable":true,"href":"https:\/\/watchdeluxe.it\/fr\/wp-json\/wp\/v2\/product_tag?post=78918"},{"taxonomy":"berocket_brand","embeddable":true,"href":"https:\/\/watchdeluxe.it\/fr\/wp-json\/wp\/v2\/berocket_brand?post=78918"},{"taxonomy":"woo-feed-brand","embeddable":true,"href":"https:\/\/watchdeluxe.it\/fr\/wp-json\/wp\/v2\/woo-feed-brand?post=78918"}],"curies":[{"name":"wp","href":"https:\/\/api.w.org\/{rel}","templated":true}]}}