{"id":78687,"date":"2023-03-17T18:37:43","date_gmt":"2023-03-17T17:37:43","guid":{"rendered":"https:\/\/watchdeluxe.it\/prodotto\/preuve-longines-l26554716\/"},"modified":"2026-04-06T08:26:58","modified_gmt":"2026-04-06T06:26:58","slug":"longines-evidenza-l26554716","status":"publish","type":"product","link":"https:\/\/watchdeluxe.it\/fr\/prodotto\/longines-evidenza-l26554716\/","title":{"rendered":"Preuve LONGINES L26554716"},"content":{"rendered":"<p>Preuve LONGINES L26554716<\/p>\n<ul class=\"a-unordered-list a-vertical a-spacing-mini\" style=\"margin: 0px 0px 0px 18px;color: #0f1111;padding: 0px\">\n<li style=\"margin: 0px\"><span class=\"a-list-item\" style=\"color: #0f1111\">Un tempo unique d&#8217;une rare \u00e9l\u00e9gance. Bo\u00eetier rectangulaire, fond ivoire, chiffres romains, le summum de l&#8217;\u00e9l\u00e9gance. Swiss Made, parce qu&#8217;en plus de l&#8217;esth\u00e9tique, la technique est fondamentale, et que cette admirable montre ne souffre d&#8217;aucune lacune. C&#8217;est l&#8217;un des derniers mod\u00e8les qui subsistent en Italie, les beaux mod\u00e8les \u00e9ternels.<\/span><\/li>\n<li style=\"margin: 0px\"><span class=\"a-list-item\" style=\"color: #0f1111\">Quartz<\/span><\/li>\n<li style=\"margin: 0px\"><span class=\"a-list-item\" style=\"color: #0f1111\">Acier<\/span><\/li>\n<li style=\"margin: 0px\"><span class=\"a-list-item\" style=\"color: #0f1111\">Blanc<\/span><\/li>\n<li style=\"margin: 0px\"><span class=\"a-list-item\" style=\"color: #0f1111\">Acier<\/span><\/li>\n<\/ul>\n","protected":false},"excerpt":{"rendered":"<p>Preuve LONGINES L26554716 Un tempo unique d&#8217;une rare \u00e9l\u00e9gance. Bo\u00eetier rectangulaire, fond ivoire, chiffres romains, le summum de l&#8217;\u00e9l\u00e9gance. Swiss Made, parce qu&#8217;en plus de l&#8217;esth\u00e9tique, la technique est fondamentale, et que cette admirable montre ne souffre d&#8217;aucune lacune. C&#8217;est l&#8217;un des derniers mod\u00e8les qui subsistent en Italie, les beaux mod\u00e8les \u00e9ternels. Quartz Acier Blanc [&hellip;]<\/p>\n","protected":false},"featured_media":151686,"template":"","meta":{"_crdt_document":"","advanced_seo_description":"","jetpack_seo_html_title":"","jetpack_seo_noindex":false},"product_brand":[],"product_cat":[2188],"product_tag":[3561],"berocket_brand":[],"woo-feed-brand":[],"class_list":{"0":"post-78687","1":"product","2":"type-product","3":"status-publish","4":"has-post-thumbnail","6":"product_cat-longines-fr","7":"product_tag-preuve","9":"first","10":"instock","11":"sale","12":"taxable","13":"shipping-taxable","14":"purchasable","15":"product-type-simple"},"bundled_by":[],"bundle_stock_status":"instock","bundle_stock_quantity":1,"bundle_virtual":false,"bundle_layout":"","bundle_add_to_cart_form_location":"","bundle_editable_in_cart":false,"bundle_sold_individually_context":"","bundle_item_grouping":"","bundle_min_size":"","bundle_max_size":"","bundle_price":[],"bundled_items":[],"bundle_sell_ids":[],"group_of_quantity":0,"min_quantity":0,"max_quantity":"","exclude_order_quantity_value_rules":"no","exclude_category_quantity_rules":"no","combine_variations":"no","exclude_global_add_ons":[],"addons":[],"jetpack_sharing_enabled":true,"jetpack_likes_enabled":true,"_links":{"self":[{"href":"https:\/\/watchdeluxe.it\/fr\/wp-json\/wp\/v2\/product\/78687","targetHints":{"allow":["GET"]}}],"collection":[{"href":"https:\/\/watchdeluxe.it\/fr\/wp-json\/wp\/v2\/product"}],"about":[{"href":"https:\/\/watchdeluxe.it\/fr\/wp-json\/wp\/v2\/types\/product"}],"wp:featuredmedia":[{"embeddable":true,"href":"https:\/\/watchdeluxe.it\/fr\/wp-json\/wp\/v2\/media\/151686"}],"wp:attachment":[{"href":"https:\/\/watchdeluxe.it\/fr\/wp-json\/wp\/v2\/media?parent=78687"}],"wp:term":[{"taxonomy":"product_brand","embeddable":true,"href":"https:\/\/watchdeluxe.it\/fr\/wp-json\/wp\/v2\/product_brand?post=78687"},{"taxonomy":"product_cat","embeddable":true,"href":"https:\/\/watchdeluxe.it\/fr\/wp-json\/wp\/v2\/product_cat?post=78687"},{"taxonomy":"product_tag","embeddable":true,"href":"https:\/\/watchdeluxe.it\/fr\/wp-json\/wp\/v2\/product_tag?post=78687"},{"taxonomy":"berocket_brand","embeddable":true,"href":"https:\/\/watchdeluxe.it\/fr\/wp-json\/wp\/v2\/berocket_brand?post=78687"},{"taxonomy":"woo-feed-brand","embeddable":true,"href":"https:\/\/watchdeluxe.it\/fr\/wp-json\/wp\/v2\/woo-feed-brand?post=78687"}],"curies":[{"name":"wp","href":"https:\/\/api.w.org\/{rel}","templated":true}]}}