{"id":78615,"date":"2024-09-17T18:27:02","date_gmt":"2024-09-17T16:27:02","guid":{"rendered":"https:\/\/watchdeluxe.it\/prodotto\/rado-coupole-classic-r22864025\/"},"modified":"2024-09-17T18:27:09","modified_gmt":"2024-09-17T16:27:09","slug":"rado-coupole-classic-r22864025","status":"publish","type":"product","link":"https:\/\/watchdeluxe.it\/fr\/prodotto\/rado-coupole-classic-r22864025\/","title":{"rendered":"Rado Coupole Classic R22864025"},"content":{"rendered":"<p>Rado Coupole Classic R22864025<span class=\"elementor-heading-title elementor-size-default\"><br \/>\n<\/span><\/p>\n<div class=\"elementor-element elementor-element-ebf1c04 elementor-widget elementor-widget-woocommerce-product-short-description\" data-widget_type=\"woocommerce-product-short-description.default\" data-element_type=\"widget\" data-id=\"ebf1c04\">\n<div class=\"elementor-widget-container\">\n<div class=\"woocommerce-product-details__short-description\">\n<hr>\n<p><strong>Mouvement<\/strong>: quartz, calibre ETA 955.112<\/p>\n<p><strong>Fonction<\/strong>: heure et date uniquement<br \/>\n<strong>Mat\u00e9riau du bo\u00eetier<\/strong>: acier inoxydable<br \/>\n<strong>Dimensions et \u00e9paisseur du bo\u00eetier<\/strong>: 37,7 mm \/ 8,9 mm<br \/>\n<strong>Cadran<\/strong>: gris, index b\u00e2tons et verre en cristal antireflet<br \/>\n<strong>Bracelet :<\/strong> cuir brun fonc\u00e9 avec fermoir en acier inoxydable<br \/>\n<strong>R\u00e9sistance \u00e0 l&#8217;eau<\/strong>: 5 bars (environ 50 m)<\/p>\n<\/div>\n<\/div>\n<\/div>\n","protected":false},"excerpt":{"rendered":"<p>Rado Coupole Classic R22864025 Mouvement: quartz, calibre ETA 955.112 Fonction: heure et date uniquement Mat\u00e9riau du bo\u00eetier: acier inoxydable Dimensions et \u00e9paisseur du bo\u00eetier: 37,7 mm \/ 8,9 mm Cadran: gris, index b\u00e2tons et verre en cristal antireflet Bracelet : cuir brun fonc\u00e9 avec fermoir en acier inoxydable R\u00e9sistance \u00e0 l&#8217;eau: 5 bars (environ 50 [&hellip;]<\/p>\n","protected":false},"featured_media":58230,"template":"","meta":{"_crdt_document":"","advanced_seo_description":"","jetpack_seo_html_title":"","jetpack_seo_noindex":false},"product_brand":[],"product_cat":[1925],"product_tag":[3244],"berocket_brand":[],"woo-feed-brand":[],"class_list":{"0":"post-78615","1":"product","2":"type-product","3":"status-publish","4":"has-post-thumbnail","6":"product_cat-rado","7":"product_tag-coupole-fr","9":"first","10":"instock","11":"sale","12":"taxable","13":"shipping-taxable","14":"purchasable","15":"product-type-simple"},"bundled_by":[],"bundle_stock_status":"instock","bundle_stock_quantity":1,"bundle_virtual":false,"bundle_layout":"","bundle_add_to_cart_form_location":"","bundle_editable_in_cart":false,"bundle_sold_individually_context":"","bundle_item_grouping":"","bundle_min_size":"","bundle_max_size":"","bundle_price":[],"bundled_items":[],"bundle_sell_ids":[],"group_of_quantity":0,"min_quantity":0,"max_quantity":"","exclude_order_quantity_value_rules":"no","exclude_category_quantity_rules":"no","combine_variations":"no","exclude_global_add_ons":[],"addons":[],"jetpack_sharing_enabled":true,"jetpack_likes_enabled":true,"_links":{"self":[{"href":"https:\/\/watchdeluxe.it\/fr\/wp-json\/wp\/v2\/product\/78615","targetHints":{"allow":["GET"]}}],"collection":[{"href":"https:\/\/watchdeluxe.it\/fr\/wp-json\/wp\/v2\/product"}],"about":[{"href":"https:\/\/watchdeluxe.it\/fr\/wp-json\/wp\/v2\/types\/product"}],"wp:featuredmedia":[{"embeddable":true,"href":"https:\/\/watchdeluxe.it\/fr\/wp-json\/wp\/v2\/media\/58230"}],"wp:attachment":[{"href":"https:\/\/watchdeluxe.it\/fr\/wp-json\/wp\/v2\/media?parent=78615"}],"wp:term":[{"taxonomy":"product_brand","embeddable":true,"href":"https:\/\/watchdeluxe.it\/fr\/wp-json\/wp\/v2\/product_brand?post=78615"},{"taxonomy":"product_cat","embeddable":true,"href":"https:\/\/watchdeluxe.it\/fr\/wp-json\/wp\/v2\/product_cat?post=78615"},{"taxonomy":"product_tag","embeddable":true,"href":"https:\/\/watchdeluxe.it\/fr\/wp-json\/wp\/v2\/product_tag?post=78615"},{"taxonomy":"berocket_brand","embeddable":true,"href":"https:\/\/watchdeluxe.it\/fr\/wp-json\/wp\/v2\/berocket_brand?post=78615"},{"taxonomy":"woo-feed-brand","embeddable":true,"href":"https:\/\/watchdeluxe.it\/fr\/wp-json\/wp\/v2\/woo-feed-brand?post=78615"}],"curies":[{"name":"wp","href":"https:\/\/api.w.org\/{rel}","templated":true}]}}